{"id":10442,"date":"2026-01-09T12:01:39","date_gmt":"2026-01-09T11:01:39","guid":{"rendered":"https:\/\/www.masderma.es\/distribuidora\/?page_id=10442"},"modified":"2026-01-12T18:18:01","modified_gmt":"2026-01-12T17:18:01","slug":"devoluciones-y-cambios","status":"publish","type":"page","link":"https:\/\/www.masderma.es\/distribuidora\/devoluciones-y-cambios\/","title":{"rendered":"Devoluciones y Cambios"},"content":{"rendered":"<div class=\"wpb-content-wrapper\"><p>[vc_row][vc_column width=\"1\/6\"][\/vc_column][vc_column width=\"2\/3\"]\t\t<div id=\"wd-69652c8d90d71\" class=\"wd-text-block wd-wpb reset-last-child wd-rs-69652c8d90d71 text-left \">\n\t\t\t<h2 style=\"text-align: center;\">Devoluciones y Cambios<\/h2>\n<h4 style=\"text-align: justify;\">www.masderma.es<\/h4>\n<p>Deber\u00e1 comunicarse con\u00a0<a href=\"mailto:info@masderma.es\">info@masderma.es<\/a> o llamando al tel\u00e9fono <a href=\"tel:+34602553038\" target=\"_blank\" rel=\"noopener\">602 55 30 38<\/a> y documentar el motivo de la devoluci\u00f3n, el equipo de calidad de <strong>masDerma<\/strong> realizar\u00e1 la evaluaci\u00f3n respectiva.<\/p>\n<p>El cliente puede desistir del producto durante un periodo de 14 d\u00edas desde la fecha de compra.<\/p>\n<p>Los productos deben estar intactos en su embalaje original y no haber sido abiertos. De lo contrario, su devoluci\u00f3n no ser\u00e1 aceptada.<\/p>\n<p><strong>Cambios<\/strong><\/p>\n<p>Si cometi\u00f3 un error con el producto o cambi\u00f3 de opini\u00f3n despu\u00e9s de recibir su pedido, le recomendamos realizar la devoluci\u00f3n antes de los 14 d\u00edas desde la fecha de compra haci\u00e9ndose cargo de los costes asociados y volver a realizar el pedido con el producto correcto.<\/p>\n\t\t<\/div>\n\t\t[\/vc_column][vc_column width=\"1\/6\"][\/vc_column][\/vc_row]<\/p>\n<\/div>","protected":false},"excerpt":{"rendered":"<p>[vc_row][vc_column width=\"1\/6\"][\/vc_column][vc_column width=\"2\/3\"][\/vc_column][vc_column width=\"1\/6\"][\/vc_column][\/vc_row]<\/p>\n","protected":false},"author":1,"featured_media":0,"parent":0,"menu_order":0,"comment_status":"closed","ping_status":"closed","template":"","meta":{"_joinchat":[],"footnotes":""},"class_list":["post-10442","page","type-page","status-publish","hentry"],"_links":{"self":[{"href":"https:\/\/www.masderma.es\/distribuidora\/wp-json\/wp\/v2\/pages\/10442","targetHints":{"allow":["GET"]}}],"collection":[{"href":"https:\/\/www.masderma.es\/distribuidora\/wp-json\/wp\/v2\/pages"}],"about":[{"href":"https:\/\/www.masderma.es\/distribuidora\/wp-json\/wp\/v2\/types\/page"}],"author":[{"embeddable":true,"href":"https:\/\/www.masderma.es\/distribuidora\/wp-json\/wp\/v2\/users\/1"}],"replies":[{"embeddable":true,"href":"https:\/\/www.masderma.es\/distribuidora\/wp-json\/wp\/v2\/comments?post=10442"}],"version-history":[{"count":4,"href":"https:\/\/www.masderma.es\/distribuidora\/wp-json\/wp\/v2\/pages\/10442\/revisions"}],"predecessor-version":[{"id":10447,"href":"https:\/\/www.masderma.es\/distribuidora\/wp-json\/wp\/v2\/pages\/10442\/revisions\/10447"}],"wp:attachment":[{"href":"https:\/\/www.masderma.es\/distribuidora\/wp-json\/wp\/v2\/media?parent=10442"}],"curies":[{"name":"wp","href":"https:\/\/api.w.org\/{rel}","templated":true}]}}