{"id":267,"date":"2017-06-21T08:08:52","date_gmt":"2017-06-21T08:08:52","guid":{"rendered":"http:\/\/dummy.xtemos.com\/woodmart\/?page_id=267"},"modified":"2025-09-23T19:06:17","modified_gmt":"2025-09-23T17:06:17","slug":"lista-de-deseos","status":"publish","type":"page","link":"https:\/\/www.masderma.es\/distribuidora\/lista-de-deseos\/","title":{"rendered":"Lista de Deseos"},"content":{"rendered":"\t\t\n\t\t\n\n\t\t\t\t<div class=\"\" >\n\t\t\t\t\t\t<div class=\"wd-wishlist-content\">\n\t\t\t\t\t\t\t\t\t\n\t\t<div class=\"wd-empty-block wd-empty-wishlist\">\n\n\t\t<h2 class=\"wd-empty-block-title\">\n\t\t\tEsta lista est\u00e1 vac\u00eda.\t\t<\/h2>\n\n\t\t\t\t\t<p class=\"wd-empty-block-text\">\n\t\t\t\tA\u00fan no tienes ning\u00fan producto en tu lista de deseos. Encontrar\u00e1s muchos productos interesantes en nuestra p\u00e1gina de productos.\t\t\t<\/p>\n\t\t\n\t\t\n\t\t\t\t\t<a class=\"button btn btn-accent wd-empty-block-btn\" href=\"https:\/\/www.masderma.es\/distribuidora\">\n\t\t\t\tVolver a la tienda\t\t\t<\/a>\n\t\t\n\t\t\t\t\t<\/div>\n\t\t\t\t\t\t\t\t\t\t\t<\/div>\n\t\t\t\t<\/div>\n\t\t\n","protected":false},"excerpt":{"rendered":"Esta lista est\u00e1 vac\u00eda. A\u00fan no tienes ning\u00fan producto en tu lista de deseos. Encontrar\u00e1s muchos productos interesantes en nuestra","protected":false},"author":1,"featured_media":0,"parent":0,"menu_order":0,"comment_status":"closed","ping_status":"closed","template":"","meta":{"_joinchat":[],"footnotes":""},"class_list":["post-267","page","type-page","status-publish","hentry"],"_links":{"self":[{"href":"https:\/\/www.masderma.es\/distribuidora\/wp-json\/wp\/v2\/pages\/267","targetHints":{"allow":["GET"]}}],"collection":[{"href":"https:\/\/www.masderma.es\/distribuidora\/wp-json\/wp\/v2\/pages"}],"about":[{"href":"https:\/\/www.masderma.es\/distribuidora\/wp-json\/wp\/v2\/types\/page"}],"author":[{"embeddable":true,"href":"https:\/\/www.masderma.es\/distribuidora\/wp-json\/wp\/v2\/users\/1"}],"replies":[{"embeddable":true,"href":"https:\/\/www.masderma.es\/distribuidora\/wp-json\/wp\/v2\/comments?post=267"}],"version-history":[{"count":2,"href":"https:\/\/www.masderma.es\/distribuidora\/wp-json\/wp\/v2\/pages\/267\/revisions"}],"predecessor-version":[{"id":9950,"href":"https:\/\/www.masderma.es\/distribuidora\/wp-json\/wp\/v2\/pages\/267\/revisions\/9950"}],"wp:attachment":[{"href":"https:\/\/www.masderma.es\/distribuidora\/wp-json\/wp\/v2\/media?parent=267"}],"curies":[{"name":"wp","href":"https:\/\/api.w.org\/{rel}","templated":true}]}}