{"id":10000,"date":"2025-09-30T18:00:00","date_gmt":"2025-09-30T16:00:00","guid":{"rendered":"https:\/\/www.masderma.es\/distribuidora\/?post_type=product&#038;p=10000"},"modified":"2025-11-07T19:35:44","modified_gmt":"2025-11-07T18:35:44","slug":"crema-reparadora","status":"publish","type":"product","link":"https:\/\/www.masderma.es\/distribuidora\/producto\/crema-reparadora\/","title":{"rendered":"Crema Reparadora Idealderm"},"content":{"rendered":"<div class=\"wpb-content-wrapper\"><p>[vc_row gap=\"20\" equal_height=\"yes\" woodmart_css_id=\"68dbec093f61f\" responsive_spacing=\"eyJwYXJhbV90eXBlIjoid29vZG1hcnRfcmVzcG9uc2l2ZV9zcGFjaW5nIiwic2VsZWN0b3JfaWQiOiI2OGRiZWMwOTNmNjFmIiwic2hvcnRjb2RlIjoidmNfcm93IiwiZGF0YSI6eyJ0YWJsZXQiOnt9LCJtb2JpbGUiOnt9fX0=\" mobile_bg_img_hidden=\"no\" tablet_bg_img_hidden=\"no\" woodmart_parallax=\"0\" woodmart_gradient_switch=\"no\" woodmart_box_shadow=\"no\" wd_z_index=\"no\" woodmart_disable_overflow=\"0\" row_reverse_mobile=\"1\" row_reverse_tablet=\"0\"][vc_column width=\"1\/2\" css=\".vc_custom_1759224071130{margin-top: -30px !important;border-right-width: 1px !important;background-image: url(https:\/\/www.masderma.es\/distribuidora\/wp-content\/uploads\/2025\/09\/logo-agua2.png?id=9956) !important;background-position: center !important;background-repeat: no-repeat !important;background-size: contain !important;border-right-style: solid !important;border-color: #C2C2C2 !important;}\" woodmart_css_id=\"68dba0fd7b727\" parallax_scroll=\"no\" woodmart_sticky_column=\"false\" wd_collapsible_content_switcher=\"no\" wd_column_role_offcanvas_desktop=\"no\" wd_column_role_offcanvas_tablet=\"no\" wd_column_role_offcanvas_mobile=\"no\" wd_column_role_content_desktop=\"no\" wd_column_role_content_tablet=\"no\" wd_column_role_content_mobile=\"no\" mobile_bg_img_hidden=\"no\" tablet_bg_img_hidden=\"no\" woodmart_parallax=\"0\" woodmart_box_shadow=\"no\" responsive_spacing=\"eyJwYXJhbV90eXBlIjoid29vZG1hcnRfcmVzcG9uc2l2ZV9zcGFjaW5nIiwic2VsZWN0b3JfaWQiOiI2OGRiYTBmZDdiNzI3Iiwic2hvcnRjb2RlIjoidmNfY29sdW1uIiwiZGF0YSI6eyJ0YWJsZXQiOnt9LCJtb2JpbGUiOnsibWFyZ2luLXRvcCI6Ii1weCIsImJvcmRlci1yaWdodC13aWR0aCI6IjBweCIsInBhZGRpbmctdG9wIjoiMHB4In19fQ==\" mobile_reset_margin=\"no\" tablet_reset_margin=\"no\" wd_z_index=\"no\"][vc_column_text css=\"\" woodmart_inline=\"no\" text_larger=\"no\"]<\/p>\n<p style=\"text-align: justify;\"><strong>Ingredientes:<\/strong><\/p>\n<div class=\"spx_pd__box spx_pd__box-tabs\" style=\"text-align: justify;\">\n<nav class=\"tab-navigation\">\n<div id=\"tab-content-product-tabs\" class=\"tab-content\">\n<div id=\"tab-Ingredientes\" class=\"tab-pane fade active show\" role=\"tabpanel\" aria-labelledby=\"tab-link-Ingredientes\">\n<p style=\"text-align: justify;\">Agua, triglic\u00e9ridos capr\u00edlico\/c\u00e1prico, propilenglicol, urea, alcohol cetear\u00edlico, aceite de fruto de Olea Europea (oliva), fenoxietanol, etilhexilglicerina, tocoferol, sulfato de cetearyl s\u00f3dico, acetato de tocoferilo, \u00e1cido c\u00edtrico.<\/p>\n<p style=\"text-align: justify;\">Triglic\u00e9ridos capr\u00edlico\/c\u00e1prico<br \/>\nUn emoliente suave derivado del aceite de coco y la glicerina que proporciona una capa ligera de hidrataci\u00f3n no grasa, ayudando a suavizar y alisar la piel.<\/p>\n<p style=\"text-align: justify;\">Urea<br \/>\nUn potente humectante que atrae la humedad a la piel, aliviando la sequedad y suavizando las \u00e1reas \u00e1speras y con picaz\u00f3n, ideal para pieles maduras o secas.<\/p>\n<p style=\"text-align: justify;\">Aceite de fruto de Olea Europea (oliva)<br \/>\nRico en antioxidantes y \u00e1cidos grasos esenciales, el aceite de oliva nutre profundamente y fortalece la barrera cut\u00e1nea, proporcionando una hidrataci\u00f3n duradera.<\/p>\n<p style=\"text-align: justify;\">Propilenglicol<br \/>\nUn humectante que ayuda a atraer la humedad a la piel, mejorando la hidrataci\u00f3n y calmando la piel seca e irritada.<\/p>\n<p style=\"text-align: justify;\">Alcohol cetear\u00edlico<br \/>\nUn alcohol graso que act\u00faa como emoliente, proporcionando una textura cremosa a la crema, a\u00f1adiendo hidrataci\u00f3n y una sensaci\u00f3n suave y lisa.<\/p>\n<p style=\"text-align: justify;\">Tocoferol (vitamina E)<br \/>\nUn antioxidante que ayuda a proteger la piel del estr\u00e9s ambiental y la nutre para mantener una barrera sana y resistente.<\/p>\n<p style=\"text-align: justify;\">Cetearyl sulfato de sodio<br \/>\nUn emulsionante suave que estabiliza la f\u00f3rmula y garantiza una textura suave y uniforme para una aplicaci\u00f3n f\u00e1cil.<\/p>\n<p style=\"text-align: justify;\">Acetato de tocoferilo<br \/>\nUna forma estable de vitamina E que mejora la hidrataci\u00f3n de la piel y apoya la reparaci\u00f3n cut\u00e1nea, mejorando la textura general y la suavidad.<\/p>\n<p style=\"text-align: justify;\">Etilhexilglicerina<br \/>\nUn agente acondicionador que tambi\u00e9n act\u00faa como conservante, manteniendo el producto fresco y seguro para su uso.<\/p>\n<p style=\"text-align: justify;\">Fenoxietanol<br \/>\nUn conservante suave que ayuda a prevenir la contaminaci\u00f3n microbiana, asegurando la longevidad del producto.<\/p>\n<p style=\"text-align: justify;\">\u00c1cido c\u00edtrico<br \/>\nEquilibra el pH de la f\u00f3rmula para mantener una composici\u00f3n suave para la piel, mejorando la comodidad para pieles sensibles o secas.<\/p>\n<p style=\"text-align: justify;\">Agua<br \/>\nEl solvente principal de la f\u00f3rmula, que proporciona hidrataci\u00f3n esencial y permite la f\u00e1cil aplicaci\u00f3n de los dem\u00e1s ingredientes.<\/p>\n<p style=\"text-align: justify;\"><strong>Ingredientes activos:<\/strong><\/p>\n<p style=\"text-align: justify;\"><strong>10% de urea (arm\u00f3nico)<\/strong><br \/>\nLa urea es un componente del Factor de Hidrataci\u00f3n Natural (NMF), las llamadas sustancias hidratantes. Ocurre en la capa hidrolip\u00eddica.<br \/>\nLa urea forma una barrera que evita que el agua se evapore.<\/p>\n<ol style=\"text-align: justify;\">\n<li>Funci\u00f3n hidratante:<br \/>\nLa urea restaura la capa hidrolip\u00eddica como lo haceporque tiene propiedades solubles para la queratina, un componente importante de la piel.<\/li>\n<li>Efectos calmantes y queratol\u00edticos:<br \/>\nLa urea tiene un fuerte efecto queratol\u00edtico (por ejemplo, para el tratamiento de la ictiosis, m\u00e1s fuerte que el \u00e1cido salic\u00edlico).<br \/>\nLa sensaci\u00f3n de prurito (picaz\u00f3n) se asocia con sequedad.<br \/>\nLa urea tiene propiedades anti-prurito y antimicrobianas.<\/li>\n<li>Estos excelentes humectantes tienen excelentes propiedades de curaci\u00f3n de heridas.<\/li>\n<li>Protege la piel de la contaminaci\u00f3n.<\/li>\n<\/ol>\n<p style=\"text-align: justify;\"><strong>Aceite de fruta de Olea europaea (oliva)<\/strong><\/p>\n<ol style=\"text-align: justify;\">\n<li>Extracto de aceite de oliva, que aumenta el contenido de agua en la piel, repara, nutre y protege la piel.<\/li>\n<li>Restaura la suavidad y elasticidad natural de la piel. Deja un brillo sedoso.<\/li>\n<\/ol>\n<p style=\"text-align: justify;\"><strong>Aplicaci\u00f3n:<\/strong><\/p>\n<p style=\"text-align: justify;\">Aplicar sobre la piel limpia.<\/p>\n<\/div>\n<\/div>\n<\/nav>\n<\/div>\n<p>[\/vc_column_text][\/vc_column][vc_column width=\"1\/2\" css=\".vc_custom_1759224201661{background-image: url(https:\/\/www.masderma.es\/distribuidora\/wp-content\/uploads\/2025\/09\/logo-agua2.png?id=9956) !important;background-position: center !important;background-repeat: no-repeat !important;background-size: contain !important;}\" woodmart_css_id=\"68dba17dea959\" parallax_scroll=\"no\" woodmart_sticky_column=\"false\" wd_collapsible_content_switcher=\"no\" wd_column_role_offcanvas_desktop=\"no\" wd_column_role_offcanvas_tablet=\"no\" wd_column_role_offcanvas_mobile=\"no\" wd_column_role_content_desktop=\"no\" wd_column_role_content_tablet=\"no\" wd_column_role_content_mobile=\"no\" mobile_bg_img_hidden=\"no\" tablet_bg_img_hidden=\"no\" woodmart_parallax=\"0\" woodmart_box_shadow=\"no\" responsive_spacing=\"eyJwYXJhbV90eXBlIjoid29vZG1hcnRfcmVzcG9uc2l2ZV9zcGFjaW5nIiwic2VsZWN0b3JfaWQiOiI2OGRiYTE3ZGVhOTU5Iiwic2hvcnRjb2RlIjoidmNfY29sdW1uIiwiZGF0YSI6eyJ0YWJsZXQiOnt9LCJtb2JpbGUiOnsibWFyZ2luLXRvcCI6Ii00MHB4In19fQ==\" mobile_reset_margin=\"no\" tablet_reset_margin=\"no\" wd_z_index=\"no\"][vc_column_text css=\"\" woodmart_inline=\"no\" text_larger=\"no\"]<\/p>\n<p style=\"text-align: justify;\"><strong>REPARACION IDEALDERM<\/strong>\u00a0es una crema cl\u00ednicamente probada con el ingrediente activo hidratante urea (10%).<br \/>\nAumenta la humedad de la piel en un 10%.<\/p>\n<p style=\"text-align: justify;\"><strong>Alcance de la aplicaci\u00f3n:<\/strong><br \/>\nPara atenci\u00f3n de apoyo en<\/p>\n<ul style=\"text-align: justify;\">\n<li>Neurodermatitis<\/li>\n<li>Eczema cr\u00f3nico<\/li>\n<li>Piel seca y con picaz\u00f3n.<\/li>\n<li>Profilaxis de medicamentos para el eccema.<\/li>\n<li>Eccema de desecaci\u00f3n<\/li>\n<li>Ictiosis vulgar y otros trastornos cr\u00f3nicos de cornificaci\u00f3n.<\/li>\n<li>Psoriasis vulgar cr\u00f3nica<\/li>\n<\/ul>\n<p style=\"text-align: justify;\"><strong>REPARACION IDEALDERM<\/strong>\u00a0es para el cuidado de la cara y el cuerpo para todas las edades y adecuado para todo tipo de piel en el cuidado diario.<\/p>\n<p style=\"text-align: justify;\">Las pruebas cl\u00ednicas muestran que\u00a0<strong>REPARACI\u00d3N IDEALDERM <\/strong>Tambi\u00e9n ayuda con problemas de la piel como neurodermatitis, psoriaris, trastornos cr\u00f3nicos de cornificaci\u00f3n y piel seca y con picaz\u00f3n.<\/p>\n<p style=\"text-align: justify;\">Cuidado hidratante especial desarrollado cient\u00edficamente, \u00a1tambi\u00e9n ideal para pieles problem\u00e1ticas!<\/p>\n<p style=\"text-align: justify;\"><strong>REPARACI\u00d3N IDEALDERM:<\/strong>\u00a0el cuidado\u00a0<strong>especial de la<\/strong>\u00a0humedad es un producto de cuidado de alta calidad, adecuado para todos los grupos de edad, tipos de piel y, muy importante, para personas con problemas de piel.\u00a0<strong>IDEALDERM REPAIR<\/strong>\u00a0ofrece un hogarcuidado de la piel basado en estudios cient\u00edficos, informes dermatol\u00f3gicos y una evaluaci\u00f3n integral de seguridad.<\/p>\n<p style=\"text-align: justify;\">Las pruebas cl\u00ednicas han confirmado que el\u00a0<strong>cuidado<\/strong>\u00a0especial hidratante\u00a0<strong>REPARACI\u00d3N IDEALDERM es adecuado<\/strong>\u00a0como terapia que acompa\u00f1a el cuidado de la piel para los trastornos patol\u00f3gicos de la piel y tambi\u00e9n se tolera muy bien en caso de irritaci\u00f3n de la piel. Por esta raz\u00f3n,\u00a0<strong>se recomienda<\/strong>\u00a0el uso de\u00a0<strong>REPARACI\u00d3N IDEALDERM<\/strong>\u00a0para neurodermatitis,\u00a0<strong>envejecimiento de la piel<\/strong>\u00a0, trastornos cr\u00f3nicos de cornificaci\u00f3n, psoriasis y diabetes.<\/p>\n<p style=\"text-align: justify;\"><strong>\u00bfPor qu\u00e9 nuestra piel necesita apoyo?<\/strong><\/p>\n<p style=\"text-align: justify;\">Nuestra piel necesita cuidados espec\u00edficos y permanentes.Cuidado. Es nuestro \u00f3rgano m\u00e1s grande y nos sirve de muchas maneras:<br \/>\nRegula el equilibrio clim\u00e1tico del cuerpo, participa en el metabolismo y nos protege contra las influencias ambientales de todo tipo.<\/p>\n<p style=\"text-align: justify;\">Para mantener o restaurar esta capacidad, se requiere un equilibrio \u00f3ptimo de humedad, que puede verse influenciado positivamente por el cuidado de la piel de alta calidad.\u00a0<strong>IDEALDERM REPAIR<\/strong>\u00a0fue desarrollado para satisfacer estas necesidades.<\/p>\n<p style=\"text-align: justify;\"><strong>\u00bfA qu\u00e9 objetivos se ha\u00a0dirigido\u00a0IDEALDERM REPAIR\u00a0?<\/strong><\/p>\n<p style=\"text-align: justify;\">Primero, se determin\u00f3 la formulaci\u00f3n objetivo. Los requisitos fueron:<br \/>\n<strong>muy buenos contratos. <\/strong>Compatibilidad con:<br \/>\n- piel normal,<br \/>\n- piel sensible,<br \/>\n- piel muy estresada,<br \/>\n- piel enferma,<br \/>\n- y piel vieja.<\/p>\n<p style=\"text-align: justify;\">Un objetivo era que\u00a0<strong>IDEALDERM REPAIR humectara<\/strong>\u00a0la piel da\u00f1ada: las pruebas cl\u00ednicas han demostrado que la\u00a0<strong>combinaci\u00f3n<\/strong>\u00a0de materia prima de\u00a0<strong>IDEALDERM REPAIR<\/strong>\u00a0aumenta el nivel de humedad de la piel en al menos un 10 por ciento cuando se usa continuamente. En promedio, se logr\u00f3 un resultado del 15 por ciento. La urea es un componente farmacol\u00f3gico para la retenci\u00f3n de agua en la piel.<\/p>\n<p style=\"text-align: justify;\">La absorci\u00f3n de humedad elimina la caspa, alivia la picaz\u00f3n y es antimicrobiano.<\/p>\n<p style=\"text-align: justify;\">El objetivo era proteger o apoyar el manto \u00e1cido: aqu\u00ed se descubri\u00f3 que la formulaci\u00f3n de <strong>IDEALDERM REPAIR<\/strong>\u00a0puede influir positivamente en el manto \u00e1cido de la piel.<\/p>\n<p style=\"text-align: justify;\">Una capa protectora para nuestra piel que necesita m\u00e1s atenci\u00f3n. Interrumpimos su funci\u00f3n debido a un comportamiento de higiene excesivo, p. B. ducharse con demasiada frecuencia y qu\u00edmica dom\u00e9stica. Pero las influencias ambientales como el aire contaminado y la excesiva exposici\u00f3n al sol tambi\u00e9n da\u00f1an su funci\u00f3n protectora. Estos factores de estr\u00e9s se aplican a todos los grupos de edad.<\/p>\n<p style=\"text-align: justify;\">En nuestro tiempo, cada vez m\u00e1s personas envejecen. Por supuesto, esto es de agradecer. Nuestra edad solo pierdenuestra piel es el\u00e1stica, se vuelve seca, tiende a volverse quebradiza y a menudo pica. El cuidado espec\u00edfico es ahora el principio y el fin. El cuidado b\u00e1sico permanente con humectaci\u00f3n e hidrataci\u00f3n de la piel es esencial.<\/p>\n<p style=\"text-align: justify;\"><strong>Gracias<\/strong>\u00a0a sus ingredientes,\u00a0<strong>IDEALDERM REPAIR<\/strong>\u00a0ofrece un cuidado suficiente para el\u00a0<strong>envejecimiento de la piel<\/strong>\u00a0.<br \/>\n<strong>La REPARACI\u00d3N IDEALDERM<\/strong>\u00a0proporciona la humedad necesaria, fortalece la capacidad de la piel para almacenar agua, previene la caspa y previene la picaz\u00f3n cuando la piel est\u00e1 demasiado seca.<\/p>\n<p style=\"text-align: justify;\"><strong>REPARACI\u00d3N IDEALDERM fue<\/strong> clasificada como muy amigable con la piel en las pruebas cl\u00ednicas estado.<br \/>\n<strong>IDEALDERM REPAIR no<\/strong>\u00a0tiene fragancia y, por lo tanto, no\u00a0<strong>contiene<\/strong>\u00a0al\u00e9rgenos innecesarios. Una prueba dermatol\u00f3gica, en personas propensas a la irritaci\u00f3n de la piel, confirm\u00f3 la buena tolerancia de la piel incluso en personas con enfermedades de la piel.<\/p>\n<p style=\"text-align: justify;\"><strong>\u00bfCu\u00e1l fue el resultado general de las pruebas cl\u00ednicas?<\/strong><\/p>\n<p style=\"text-align: justify;\"><strong>IDEALDERM REPAIR<\/strong>\u00a0ha sido probado bajo supervisi\u00f3n cl\u00ednica para todos los requisitos. Se incluyeron todos los grupos de edad, sujetos con piel sana, con cornificaci\u00f3n, neurodermatitis, psoriasis, piel envejecida, piel sensible, piel propensa a la picaz\u00f3n.<\/p>\n<p>[\/vc_column_text][\/vc_column][\/vc_row]<\/p>\n<\/div>","protected":false},"excerpt":{"rendered":"<p style=\"text-align: justify;\">La crema reparadora es hidratante intensiva especial.<\/p>\n<p style=\"text-align: justify;\">Su formula nutritiva esta especialmente recomendada para pieles secas.<\/p>\n<p style=\"text-align: justify;\">Pieles sensibles.<\/p>\n<p style=\"text-align: justify;\"><strong>Presentaci\u00f3n: <\/strong>Botella sin aire con 50ml.<\/p>\n","protected":false},"featured_media":10051,"template":"","meta":{"_joinchat":[]},"product_brand":[],"product_cat":[98,95],"product_tag":[],"class_list":{"0":"post-10000","1":"product","2":"type-product","3":"status-publish","4":"has-post-thumbnail","6":"product_cat-crema","7":"product_cat-facial","9":"first","10":"instock","11":"taxable","12":"shipping-taxable","13":"product-type-simple"},"_links":{"self":[{"href":"https:\/\/www.masderma.es\/distribuidora\/wp-json\/wp\/v2\/product\/10000","targetHints":{"allow":["GET"]}}],"collection":[{"href":"https:\/\/www.masderma.es\/distribuidora\/wp-json\/wp\/v2\/product"}],"about":[{"href":"https:\/\/www.masderma.es\/distribuidora\/wp-json\/wp\/v2\/types\/product"}],"wp:featuredmedia":[{"embeddable":true,"href":"https:\/\/www.masderma.es\/distribuidora\/wp-json\/wp\/v2\/media\/10051"}],"wp:attachment":[{"href":"https:\/\/www.masderma.es\/distribuidora\/wp-json\/wp\/v2\/media?parent=10000"}],"wp:term":[{"taxonomy":"product_brand","embeddable":true,"href":"https:\/\/www.masderma.es\/distribuidora\/wp-json\/wp\/v2\/product_brand?post=10000"},{"taxonomy":"product_cat","embeddable":true,"href":"https:\/\/www.masderma.es\/distribuidora\/wp-json\/wp\/v2\/product_cat?post=10000"},{"taxonomy":"product_tag","embeddable":true,"href":"https:\/\/www.masderma.es\/distribuidora\/wp-json\/wp\/v2\/product_tag?post=10000"}],"curies":[{"name":"wp","href":"https:\/\/api.w.org\/{rel}","templated":true}]}}