{"id":10070,"date":"2025-10-01T13:37:45","date_gmt":"2025-10-01T11:37:45","guid":{"rendered":"https:\/\/www.masderma.es\/distribuidora\/?post_type=product&#038;p=10070"},"modified":"2025-11-07T19:33:16","modified_gmt":"2025-11-07T18:33:16","slug":"peeling-blanqueador","status":"publish","type":"product","link":"https:\/\/www.masderma.es\/distribuidora\/producto\/peeling-blanqueador\/","title":{"rendered":"Peeling WHITE Idealderm"},"content":{"rendered":"<div class=\"wpb-content-wrapper\"><p>[vc_row gap=\"20\" equal_height=\"yes\" responsive_tabs_advanced=\"mobile\" woodmart_css_id=\"68dba060afdbf\" responsive_spacing=\"eyJwYXJhbV90eXBlIjoid29vZG1hcnRfcmVzcG9uc2l2ZV9zcGFjaW5nIiwic2VsZWN0b3JfaWQiOiI2OGRiYTA2MGFmZGJmIiwic2hvcnRjb2RlIjoidmNfcm93IiwiZGF0YSI6eyJ0YWJsZXQiOnt9LCJtb2JpbGUiOnt9fX0=\" mobile_bg_img_hidden=\"no\" tablet_bg_img_hidden=\"no\" woodmart_parallax=\"0\" woodmart_gradient_switch=\"no\" woodmart_box_shadow=\"no\" wd_z_index=\"no\" woodmart_disable_overflow=\"0\" row_reverse_mobile=\"1\" row_reverse_tablet=\"0\"][vc_column width=\"1\/2\" css=\".vc_custom_1759224071130{margin-top: -30px !important;border-right-width: 1px !important;background-image: url(https:\/\/www.masderma.es\/distribuidora\/wp-content\/uploads\/2025\/09\/logo-agua2.png?id=9956) !important;background-position: center !important;background-repeat: no-repeat !important;background-size: contain !important;border-right-style: solid !important;border-color: #C2C2C2 !important;}\" woodmart_css_id=\"68dba0fd7b727\" parallax_scroll=\"no\" woodmart_sticky_column=\"false\" wd_collapsible_content_switcher=\"no\" wd_column_role_offcanvas_desktop=\"no\" wd_column_role_offcanvas_tablet=\"no\" wd_column_role_offcanvas_mobile=\"no\" wd_column_role_content_desktop=\"no\" wd_column_role_content_tablet=\"no\" wd_column_role_content_mobile=\"no\" mobile_bg_img_hidden=\"no\" tablet_bg_img_hidden=\"no\" woodmart_parallax=\"0\" woodmart_box_shadow=\"no\" responsive_spacing=\"eyJwYXJhbV90eXBlIjoid29vZG1hcnRfcmVzcG9uc2l2ZV9zcGFjaW5nIiwic2VsZWN0b3JfaWQiOiI2OGRiYTBmZDdiNzI3Iiwic2hvcnRjb2RlIjoidmNfY29sdW1uIiwiZGF0YSI6eyJ0YWJsZXQiOnt9LCJtb2JpbGUiOnsibWFyZ2luLXRvcCI6Ii1weCIsImJvcmRlci1yaWdodC13aWR0aCI6IjBweCIsInBhZGRpbmctdG9wIjoiMHB4In19fQ==\" mobile_reset_margin=\"no\" tablet_reset_margin=\"no\" wd_z_index=\"no\"][vc_column_text css=\"\" woodmart_inline=\"no\" text_larger=\"no\"]<\/p>\n<p style=\"text-align: justify;\"><strong>Ingredientes:<\/strong><\/p>\n<p style=\"text-align: justify;\">Agua, \u00e1cido mand\u00e9lico, alcohol desnaturalizado, beta\u00edna, \u00e1cido salic\u00edlico, \u00e1cido l\u00e1ctico, mentol, \u00e1cido azelaico, \u00e1cido urs\u00f3lico, hidr\u00f3xido de sodio, hidroxietilcelulosa, dis\u00f3dico EDTA.<\/p>\n<p style=\"text-align: justify;\"><strong>\u00c1cido mand\u00e9lico<\/strong><br \/>\nUn alfa-hidroxi\u00e1cido (AHA) que exfolia suavemente la piel, iluminando las manchas oscuras y mejorando la textura de la piel, ideal para \u00e1reas sensibles como el rostro, cuello, escote y manos.<\/p>\n<p style=\"text-align: justify;\"><strong>\u00c1cido azelaico<\/strong><br \/>\nUn agente iluminador de la piel que ayuda a reducir la hiperpigmentaci\u00f3n, igualar el tono de la piel y calmar la inflamaci\u00f3n, siendo especialmente eficaz para problemas de pigmentaci\u00f3n.<\/p>\n<p style=\"text-align: justify;\"><strong>Beta\u00edna<\/strong><br \/>\nUn ingrediente hidratante que calma y repone la humedad, ayudando a prevenir la irritaci\u00f3n durante el proceso de exfoliaci\u00f3n.<\/p>\n<p style=\"text-align: justify;\"><strong>\u00c1cido salic\u00edlico<\/strong><br \/>\nUn beta-hidroxi\u00e1cido (BHA) que penetra en los poros para eliminar el exceso de aceite e impurezas, promoviendo una piel m\u00e1s clara y suave.<\/p>\n<p style=\"text-align: justify;\"><strong>\u00c1cido l\u00e1ctico<\/strong><br \/>\nUn AHA suave que exfolia suavemente mientras aumenta la hidrataci\u00f3n, reduce la pigmentaci\u00f3n y promueve una tez m\u00e1s suave y radiante.<\/p>\n<p style=\"text-align: justify;\"><strong>\u00c1cido urs\u00f3lico<\/strong><br \/>\nUn antioxidante que ayuda a apoyar la reparaci\u00f3n de la piel, reduce la apariencia de los signos de envejecimiento y protege la piel del da\u00f1o ambiental.<\/p>\n<p style=\"text-align: justify;\"><strong>Mentol<\/strong><br \/>\nProporciona un efecto refrescante que calma la piel, aliviando cualquier incomodidad o irritaci\u00f3n causada por los \u00e1cidos exfoliantes.<\/p>\n<p style=\"text-align: justify;\"><strong>Hidr\u00f3xido de sodio<\/strong><br \/>\nSe utiliza para ajustar el pH de la f\u00f3rmula, asegurando un rendimiento \u00f3ptimo y manteniendo la compatibilidad con la piel.<\/p>\n<p style=\"text-align: justify;\"><strong>Hidroxietilcelulosa<\/strong><br \/>\nUn agente espesante que mejora la textura de la soluci\u00f3n de peeling, asegurando que se aplique de manera suave y uniforme.<\/p>\n<p style=\"text-align: justify;\"><strong>Dis\u00f3dico EDTA<\/strong><br \/>\nUn estabilizador que mejora la vida \u00fatil de la f\u00f3rmula y el rendimiento general al neutralizar los iones met\u00e1licos.<\/p>\n<p style=\"text-align: justify;\"><strong>Alcohol desnaturalizado<\/strong><br \/>\nMejora la absorci\u00f3n de los ingredientes activos, permitiendo que penetren m\u00e1s profundamente en la piel para obtener mejores resultados.<\/p>\n<p style=\"text-align: justify;\"><strong>Agua<\/strong><br \/>\nEl solvente principal, que proporciona hidrataci\u00f3n y ayuda con la absorci\u00f3n de otros ingredientes activos.<\/p>\n<p style=\"text-align: justify;\"><strong>Ingredientes activos:<\/strong><br \/>\nComplejo con 35% de ingredientes activos (\u00e1cido azelaico, \u00e1cido salic\u00edlico, 4% de beta\u00edna, \u00e1cido l\u00e1ctico, \u00e1cido mand\u00e9lico, \u00e1cido urs\u00f3lico, mentol).<br \/>\npH: 2,5-2,9<\/p>\n<p style=\"text-align: justify;\"><em>*Siga las instrucciones de usuario muy detalladas paso a paso incluidas.<\/em><\/p>\n<p>[\/vc_column_text][\/vc_column][vc_column width=\"1\/2\" css=\".vc_custom_1759224201661{background-image: url(https:\/\/www.masderma.es\/distribuidora\/wp-content\/uploads\/2025\/09\/logo-agua2.png?id=9956) !important;background-position: center !important;background-repeat: no-repeat !important;background-size: contain !important;}\" woodmart_css_id=\"68dba17dea959\" parallax_scroll=\"no\" woodmart_sticky_column=\"false\" wd_collapsible_content_switcher=\"no\" wd_column_role_offcanvas_desktop=\"no\" wd_column_role_offcanvas_tablet=\"no\" wd_column_role_offcanvas_mobile=\"no\" wd_column_role_content_desktop=\"no\" wd_column_role_content_tablet=\"no\" wd_column_role_content_mobile=\"no\" mobile_bg_img_hidden=\"no\" tablet_bg_img_hidden=\"no\" woodmart_parallax=\"0\" woodmart_box_shadow=\"no\" responsive_spacing=\"eyJwYXJhbV90eXBlIjoid29vZG1hcnRfcmVzcG9uc2l2ZV9zcGFjaW5nIiwic2VsZWN0b3JfaWQiOiI2OGRiYTE3ZGVhOTU5Iiwic2hvcnRjb2RlIjoidmNfY29sdW1uIiwiZGF0YSI6eyJ0YWJsZXQiOnt9LCJtb2JpbGUiOnsibWFyZ2luLXRvcCI6Ii00MHB4In19fQ==\" mobile_reset_margin=\"no\" tablet_reset_margin=\"no\" wd_z_index=\"no\"][vc_column_text css=\"\" woodmart_inline=\"no\" text_larger=\"no\"]<\/p>\n<p style=\"text-align: justify;\"><strong>Desarrollado espec\u00edficamente para:<\/strong><br \/>\n- Reducir y prevenir las manchas de pigmento<br \/>\n- Unifica y aclara el tono de la piel<\/p>\n<p style=\"text-align: justify;\">Realizar un peeling qu\u00edmico implica la aplicaci\u00f3n de uno o m\u00e1s agentes exfoliantes a la piel para causar un da\u00f1o controlado, seguido de la liberaci\u00f3n de citocinas y mediadores inflamatorios que resultan en la regeneraci\u00f3n de la epidermis, la formaci\u00f3n de nuevo col\u00e1geno, la reorganizaci\u00f3n de las fibras el\u00e1sticas y la aumento del volumen d\u00e9rmico.<\/p>\n<p style=\"text-align: justify;\"><strong>Propiedades de los principales principios activos:<\/strong><\/p>\n<p style=\"text-align: justify;\">- El\u00a0<strong>\u00e1cido azelaico<\/strong>\u00a0se caracteriza por sus propiedades seborreguladoras (inhibe la enzima 5-alfa-reductasa). Normaliza la queratinizaci\u00f3n, tiene efecto antibacteriano, inhibe la proliferaci\u00f3n de sustancias reactivas al ox\u00edgeno (presentes en procesos inflamatorios y fotoenvejecimiento) y regula la pigmentaci\u00f3n de la piel (inhibe la enzima tirosinasa)<\/p>\n<p style=\"text-align: justify;\">- El\u00a0<strong>\u00e1cido l\u00e1ctico<\/strong>\u00a0ilumina y unifica la piel, reduciendo las manchas oscuras. El \u00e1cido l\u00e1ctico suprime la formaci\u00f3n de melanina al inhibir directamente la actividad de la tirosinasa y la melanog\u00e9nesis. Adem\u00e1s, el \u00e1cido l\u00e1ctico mejora el factor de hidrataci\u00f3n natural de la piel y mantiene la piel hidratada, por lo que se siente menos seca.<\/p>\n<p style=\"text-align: justify;\">- El\u00a0<strong>\u00e1cido salic\u00edlico<\/strong>\u00a0es un Beta Hidroxi\u00e1cido que reduce la cohesi\u00f3n de los corneocitos provocando la exfoliaci\u00f3n de las c\u00e9lulas muertas y da\u00f1adas, promoviendo una textura de piel refinada y un tono uniforme.<br \/>\nEl \u00e1cido salic\u00edlico refuerza la acci\u00f3n del \u00e1cido azelaico.<br \/>\nEl \u00e1cido salic\u00edlico es beneficioso para blanquear el rostro, corrigiendo las imperfecciones e hiperpigmentaciones de la piel, mejorando la textura y luminosidad de la piel, sin las irritaciones com\u00fanmente asociadas a los hidr\u00f3xidos alfa \u00e1cidos (gracias a sus propiedades antiinflamatorias).<\/p>\n<p style=\"text-align: justify;\">-\u00a0<strong>\u00c1cido mand\u00e9lico<\/strong>:<br \/>\nAunque el \u00e1cido mand\u00e9lico no penetra profundamente en la piel evitando as\u00ed el riesgo de irritaci\u00f3n (posibilitando el tratamiento de pacientes con piel sensible u oscura). Tiene propiedades aclarantes para las manchas oscuras, como las que se observan en el melasma. Adem\u00e1s, puede estimular la producci\u00f3n de col\u00e1geno, que tiene un efecto anti-envejecimiento y ayuda a reducir las arrugas.<\/p>\n<p style=\"text-align: justify;\">-\u00a0<strong>Beta\u00edna<\/strong>:<br \/>\nLa beta\u00edna es una sustancia natural que se deriv\u00f3 inicialmente de la remolacha azucarera. Los beneficios de la beta\u00edna en el cuidado de la piel incluyen antiinflamatorio, calmante para la piel, hidrataci\u00f3n y antienvejecimiento.<br \/>\nEn un estudio<sup>4<\/sup>\u00a0realizado por el fabricante, se evalu\u00f3 la actividad blanqueadora de la piel de una loci\u00f3n que conten\u00eda beta\u00edna al 4%. La prueba se realiz\u00f3 en Tailandia en 22 panelistas que ten\u00edan piel oscura. Las mediciones del color de la piel se realizaron con un Chromameter Minolta CR 321 y fotograf\u00edas digitales.<br \/>\nLos resultados muestran un aclaramiento significativo de la piel. Esto tambi\u00e9n fue percibido por los panelistas: el 100% de ellos declararon tener manchas m\u00e1s claras y un 90% menos de manchas grandes. Estos resultados abren el camino para que la beta\u00edna se utilice junto con otros ingredientes en nuevos productos blanqueadores. Lo m\u00e1s probable es que act\u00fae como antiinflamatorio impidiendo esa v\u00eda de estimulaci\u00f3n de los melanocitos.<\/p>\n<p style=\"text-align: justify;\">- El\u00a0<strong>\u00e1cido urs\u00f3lico<\/strong>\u00a0se extrae de las hojas del n\u00edspero (Eriobotrya japonica). Se utiliza como aclarador de la piel. Tambi\u00e9n tiene una acci\u00f3n regeneradora y reestructurante.<\/p>\n<p style=\"text-align: justify;\">- El\u00a0<strong>mentol<\/strong>\u00a0hace que esta piel sea muy c\u00f3moda debido a su efecto fr\u00edo y fresco.<\/p>\n<p>[\/vc_column_text][\/vc_column][\/vc_row]<\/p>\n<\/div>","protected":false},"excerpt":{"rendered":"<p style=\"text-align: justify;\">Peeling blanqueador con 35% de principios activos (azelaico, beta\u00edna, salic\u00edlico, urs\u00f3lico, mand\u00e9lico, l\u00e1ctico).<\/p>\n<p style=\"text-align: justify;\">Tratamiento intensivo para la pigmentaci\u00f3n de rostro, cuello, escote y manos.<\/p>\n<p style=\"text-align: justify;\"><strong>Presentaci\u00f3n: <\/strong>Botella de 50 ml (para aproximadamente 20 a 30 pacientes)<\/p>\n<p style=\"text-align: justify;\">- Se incluye poli graduado para medir la cantidad correcta y eventualmente diluir el producto durante las primeras aplicaciones.<br \/>\n- Manual de usuario muy detallado en varios idiomas, incluido el ingl\u00e9s.<\/p>\n","protected":false},"featured_media":10047,"template":"","meta":{"_joinchat":[]},"product_brand":[],"product_cat":[94],"product_tag":[],"class_list":{"0":"post-10070","1":"product","2":"type-product","3":"status-publish","4":"has-post-thumbnail","6":"product_cat-peelings","8":"first","9":"instock","10":"taxable","11":"shipping-taxable","12":"product-type-simple"},"_links":{"self":[{"href":"https:\/\/www.masderma.es\/distribuidora\/wp-json\/wp\/v2\/product\/10070","targetHints":{"allow":["GET"]}}],"collection":[{"href":"https:\/\/www.masderma.es\/distribuidora\/wp-json\/wp\/v2\/product"}],"about":[{"href":"https:\/\/www.masderma.es\/distribuidora\/wp-json\/wp\/v2\/types\/product"}],"wp:featuredmedia":[{"embeddable":true,"href":"https:\/\/www.masderma.es\/distribuidora\/wp-json\/wp\/v2\/media\/10047"}],"wp:attachment":[{"href":"https:\/\/www.masderma.es\/distribuidora\/wp-json\/wp\/v2\/media?parent=10070"}],"wp:term":[{"taxonomy":"product_brand","embeddable":true,"href":"https:\/\/www.masderma.es\/distribuidora\/wp-json\/wp\/v2\/product_brand?post=10070"},{"taxonomy":"product_cat","embeddable":true,"href":"https:\/\/www.masderma.es\/distribuidora\/wp-json\/wp\/v2\/product_cat?post=10070"},{"taxonomy":"product_tag","embeddable":true,"href":"https:\/\/www.masderma.es\/distribuidora\/wp-json\/wp\/v2\/product_tag?post=10070"}],"curies":[{"name":"wp","href":"https:\/\/api.w.org\/{rel}","templated":true}]}}