{"id":10216,"date":"2025-10-14T12:47:41","date_gmt":"2025-10-14T10:47:41","guid":{"rendered":"https:\/\/www.masderma.es\/distribuidora\/?post_type=product&#038;p=10216"},"modified":"2025-11-07T19:30:39","modified_gmt":"2025-11-07T18:30:39","slug":"viales-premier","status":"publish","type":"product","link":"https:\/\/www.masderma.es\/distribuidora\/producto\/viales-premier\/","title":{"rendered":"Viales Premier"},"content":{"rendered":"<div class=\"wpb-content-wrapper\"><p>[vc_row gap=\"20\" equal_height=\"yes\" responsive_tabs_advanced=\"mobile\" woodmart_css_id=\"68dba060afdbf\" responsive_spacing=\"eyJwYXJhbV90eXBlIjoid29vZG1hcnRfcmVzcG9uc2l2ZV9zcGFjaW5nIiwic2VsZWN0b3JfaWQiOiI2OGRiYTA2MGFmZGJmIiwic2hvcnRjb2RlIjoidmNfcm93IiwiZGF0YSI6eyJ0YWJsZXQiOnt9LCJtb2JpbGUiOnt9fX0=\" mobile_bg_img_hidden=\"no\" tablet_bg_img_hidden=\"no\" woodmart_parallax=\"0\" woodmart_gradient_switch=\"no\" woodmart_box_shadow=\"no\" wd_z_index=\"no\" woodmart_disable_overflow=\"0\" row_reverse_mobile=\"1\" row_reverse_tablet=\"0\"][vc_column width=\"1\/2\" css=\".vc_custom_1759224071130{margin-top: -30px !important;border-right-width: 1px !important;background-image: url(https:\/\/www.masderma.es\/distribuidora\/wp-content\/uploads\/2025\/09\/logo-agua2.png?id=9956) !important;background-position: center !important;background-repeat: no-repeat !important;background-size: contain !important;border-right-style: solid !important;border-color: #C2C2C2 !important;}\" woodmart_css_id=\"68dba0fd7b727\" parallax_scroll=\"no\" woodmart_sticky_column=\"false\" wd_collapsible_content_switcher=\"no\" wd_column_role_offcanvas_desktop=\"no\" wd_column_role_offcanvas_tablet=\"no\" wd_column_role_offcanvas_mobile=\"no\" wd_column_role_content_desktop=\"no\" wd_column_role_content_tablet=\"no\" wd_column_role_content_mobile=\"no\" mobile_bg_img_hidden=\"no\" tablet_bg_img_hidden=\"no\" woodmart_parallax=\"0\" woodmart_box_shadow=\"no\" responsive_spacing=\"eyJwYXJhbV90eXBlIjoid29vZG1hcnRfcmVzcG9uc2l2ZV9zcGFjaW5nIiwic2VsZWN0b3JfaWQiOiI2OGRiYTBmZDdiNzI3Iiwic2hvcnRjb2RlIjoidmNfY29sdW1uIiwiZGF0YSI6eyJ0YWJsZXQiOnt9LCJtb2JpbGUiOnsibWFyZ2luLXRvcCI6Ii1weCIsImJvcmRlci1yaWdodC13aWR0aCI6IjBweCIsInBhZGRpbmctdG9wIjoiMHB4In19fQ==\" mobile_reset_margin=\"no\" tablet_reset_margin=\"no\" wd_z_index=\"no\"][vc_column_text css=\"\" woodmart_inline=\"no\" text_larger=\"no\"]<\/p>\n<p style=\"text-align: justify;\"><strong>Ingredientes:<\/strong><br \/>\nWater, 1,2-Hexadaniol, Sodium Chlorite, Sodium Hyaluronate\uff0cGlycerin, Dextrin, Defined Cell Culture Media 7, AdenosineSodium DNA, Hydrolyzed Collagen, Palmitoyl Tripeptide-5, Octapeptide-7, Copper Tripeptide-1, SH-Pentapeptide-19, SHOligopeptide-9,SH-Octapeptide-4,SHDecapeptide- 7, RH-\uff0cPolypeptide-1, Glutathione, RH-Polypeptide-22, RH-Polypep.tide-9,RHPolypeptide- 3, RH-Oligopeptide-2, Acetyl Hexapep-tide-8, Galloyl Pentapeptide-33, Oligopeptide-1.<\/p>\n<p>[\/vc_column_text][\/vc_column][vc_column width=\"1\/2\" css=\".vc_custom_1759224201661{background-image: url(https:\/\/www.masderma.es\/distribuidora\/wp-content\/uploads\/2025\/09\/logo-agua2.png?id=9956) !important;background-position: center !important;background-repeat: no-repeat !important;background-size: contain !important;}\" woodmart_css_id=\"68dba17dea959\" parallax_scroll=\"no\" woodmart_sticky_column=\"false\" wd_collapsible_content_switcher=\"no\" wd_column_role_offcanvas_desktop=\"no\" wd_column_role_offcanvas_tablet=\"no\" wd_column_role_offcanvas_mobile=\"no\" wd_column_role_content_desktop=\"no\" wd_column_role_content_tablet=\"no\" wd_column_role_content_mobile=\"no\" mobile_bg_img_hidden=\"no\" tablet_bg_img_hidden=\"no\" woodmart_parallax=\"0\" woodmart_box_shadow=\"no\" responsive_spacing=\"eyJwYXJhbV90eXBlIjoid29vZG1hcnRfcmVzcG9uc2l2ZV9zcGFjaW5nIiwic2VsZWN0b3JfaWQiOiI2OGRiYTE3ZGVhOTU5Iiwic2hvcnRjb2RlIjoidmNfY29sdW1uIiwiZGF0YSI6eyJ0YWJsZXQiOnt9LCJtb2JpbGUiOnsibWFyZ2luLXRvcCI6Ii00MHB4In19fQ==\" mobile_reset_margin=\"no\" tablet_reset_margin=\"no\" wd_z_index=\"no\"][vc_column_text css=\"\" woodmart_inline=\"no\" text_larger=\"no\"]<\/p>\n<p style=\"text-align: justify;\">Componentes principales: P\u00e9ptidos y factores de crecimiento.<\/p>\n<p style=\"text-align: justify;\"><strong>Principales activos:<\/strong><\/p>\n<ul>\n<li style=\"text-align: justify;\">Water, Glycerin, Dextrin, 1,2-Hexanediol: Base hidratante y humectante que ayuda a mantener la piel suave y flexible.<\/li>\n<li style=\"text-align: justify;\">Sodium Hyaluronate: Hidrataci\u00f3n profunda, mejora la elasticidad y rellena l\u00edneas finas.<\/li>\n<li style=\"text-align: justify;\">Defined Cell Culture Media 7: Medio de cultivo celular que puede contener factores de crecimiento para estimular la regeneraci\u00f3n cut\u00e1nea.<\/li>\n<li style=\"text-align: justify;\">Adenosine: Energiza las c\u00e9lulas, mejora la firmeza y reduce arrugas.<\/li>\n<li style=\"text-align: justify;\">Sodium DNA: Estimula la reparaci\u00f3n celular y mejora la textura de la piel.<\/li>\n<li style=\"text-align: justify;\">Hydrolyzed Collagen: Mejora la elasticidad y firmeza cut\u00e1nea.<\/li>\n<li style=\"text-align: justify;\">Glutathione: Potente antioxidante que aclara la piel y combate el envejecimiento.<\/li>\n<li style=\"text-align: justify;\">Acetyl Hexapeptide-8: Relaja los m\u00fasculos faciales, suavizando l\u00edneas de expresi\u00f3n (tipo botox t\u00f3pico).<\/li>\n<\/ul>\n<p>[\/vc_column_text][\/vc_column][\/vc_row]<\/p>\n<\/div>","protected":false},"excerpt":{"rendered":"<p style=\"text-align: justify;\">Este s\u00e9rum destaca por su impresionante arsenal de p\u00e9ptidos y polip\u00e9ptidos, cada uno con funciones espec\u00edficas para combatir el envejecimiento:<\/p>\n<p>Hidrataci\u00f3n intensa y duradera que rellena l\u00edneas finas y mejora la textura de la piel.<\/p>\n<p>Ideal para aportar suavidad y frescura inmediata.<\/p>\n<p style=\"text-align: justify;\"><strong>Formato: <\/strong>5 viales x 5 ml<\/p>\n<p style=\"text-align: justify;\">Antiage - Hidratante - Regenerante<\/p>\n","protected":false},"featured_media":10206,"template":"","meta":{"_joinchat":[]},"product_brand":[],"product_cat":[106],"product_tag":[],"class_list":{"0":"post-10216","1":"product","2":"type-product","3":"status-publish","4":"has-post-thumbnail","6":"product_cat-viales","8":"first","9":"instock","10":"sale","11":"taxable","12":"shipping-taxable","13":"purchasable","14":"product-type-simple"},"_links":{"self":[{"href":"https:\/\/www.masderma.es\/distribuidora\/wp-json\/wp\/v2\/product\/10216","targetHints":{"allow":["GET"]}}],"collection":[{"href":"https:\/\/www.masderma.es\/distribuidora\/wp-json\/wp\/v2\/product"}],"about":[{"href":"https:\/\/www.masderma.es\/distribuidora\/wp-json\/wp\/v2\/types\/product"}],"wp:featuredmedia":[{"embeddable":true,"href":"https:\/\/www.masderma.es\/distribuidora\/wp-json\/wp\/v2\/media\/10206"}],"wp:attachment":[{"href":"https:\/\/www.masderma.es\/distribuidora\/wp-json\/wp\/v2\/media?parent=10216"}],"wp:term":[{"taxonomy":"product_brand","embeddable":true,"href":"https:\/\/www.masderma.es\/distribuidora\/wp-json\/wp\/v2\/product_brand?post=10216"},{"taxonomy":"product_cat","embeddable":true,"href":"https:\/\/www.masderma.es\/distribuidora\/wp-json\/wp\/v2\/product_cat?post=10216"},{"taxonomy":"product_tag","embeddable":true,"href":"https:\/\/www.masderma.es\/distribuidora\/wp-json\/wp\/v2\/product_tag?post=10216"}],"curies":[{"name":"wp","href":"https:\/\/api.w.org\/{rel}","templated":true}]}}