{"id":10224,"date":"2025-10-14T13:23:04","date_gmt":"2025-10-14T11:23:04","guid":{"rendered":"https:\/\/www.masderma.es\/distribuidora\/?post_type=product&#038;p=10224"},"modified":"2025-11-13T12:26:48","modified_gmt":"2025-11-13T11:26:48","slug":"viales-exosomas-repair","status":"publish","type":"product","link":"https:\/\/www.masderma.es\/distribuidora\/producto\/viales-exosomas-repair\/","title":{"rendered":"Viales Exosomas Repair"},"content":{"rendered":"<div class=\"wpb-content-wrapper\"><p>[vc_row gap=\"20\" equal_height=\"yes\" responsive_tabs_advanced=\"mobile\" woodmart_css_id=\"68dba060afdbf\" responsive_spacing=\"eyJwYXJhbV90eXBlIjoid29vZG1hcnRfcmVzcG9uc2l2ZV9zcGFjaW5nIiwic2VsZWN0b3JfaWQiOiI2OGRiYTA2MGFmZGJmIiwic2hvcnRjb2RlIjoidmNfcm93IiwiZGF0YSI6eyJ0YWJsZXQiOnt9LCJtb2JpbGUiOnt9fX0=\" mobile_bg_img_hidden=\"no\" tablet_bg_img_hidden=\"no\" woodmart_parallax=\"0\" woodmart_gradient_switch=\"no\" woodmart_box_shadow=\"no\" wd_z_index=\"no\" woodmart_disable_overflow=\"0\" row_reverse_mobile=\"1\" row_reverse_tablet=\"0\"][vc_column width=\"1\/2\" css=\".vc_custom_1759224071130{margin-top: -30px !important;border-right-width: 1px !important;background-image: url(https:\/\/www.masderma.es\/distribuidora\/wp-content\/uploads\/2025\/09\/logo-agua2.png?id=9956) !important;background-position: center !important;background-repeat: no-repeat !important;background-size: contain !important;border-right-style: solid !important;border-color: #C2C2C2 !important;}\" woodmart_css_id=\"68dba0fd7b727\" parallax_scroll=\"no\" woodmart_sticky_column=\"false\" wd_collapsible_content_switcher=\"no\" wd_column_role_offcanvas_desktop=\"no\" wd_column_role_offcanvas_tablet=\"no\" wd_column_role_offcanvas_mobile=\"no\" wd_column_role_content_desktop=\"no\" wd_column_role_content_tablet=\"no\" wd_column_role_content_mobile=\"no\" mobile_bg_img_hidden=\"no\" tablet_bg_img_hidden=\"no\" woodmart_parallax=\"0\" woodmart_box_shadow=\"no\" responsive_spacing=\"eyJwYXJhbV90eXBlIjoid29vZG1hcnRfcmVzcG9uc2l2ZV9zcGFjaW5nIiwic2VsZWN0b3JfaWQiOiI2OGRiYTBmZDdiNzI3Iiwic2hvcnRjb2RlIjoidmNfY29sdW1uIiwiZGF0YSI6eyJ0YWJsZXQiOnt9LCJtb2JpbGUiOnsibWFyZ2luLXRvcCI6Ii1weCIsImJvcmRlci1yaWdodC13aWR0aCI6IjBweCIsInBhZGRpbmctdG9wIjoiMHB4In19fQ==\" mobile_reset_margin=\"no\" tablet_reset_margin=\"no\" wd_z_index=\"no\"][vc_column_text css=\"\" woodmart_inline=\"no\" text_larger=\"no\"]<\/p>\n<p style=\"text-align: justify;\"><strong>Ingredientes clave:<\/strong><\/p>\n<ul>\n<li style=\"text-align: justify;\">Centella Asi\u00e1tica y Madecassoside.<\/li>\n<li style=\"text-align: justify;\">Complejo de Ceramidas (NP, AP, AS, NS\/NG, EOP).<\/li>\n<li style=\"text-align: justify;\">Lisado de fermento de b\u00edfida.<\/li>\n<li style=\"text-align: justify;\">Niacinamida.<\/li>\n<\/ul>\n<p style=\"text-align: justify;\"><strong>Ingredientes:<\/strong><\/p>\n<p style=\"text-align: justify;\">WATER, GLYCERIN, BUTANEDIOL, PANTHENOL, ROSA DAMASCENA FLOWER WATER,NIACINAMIDE,FIBRONECTIN, CENTELLA ASIATICA EXTRACT, BETAINE,ACRYLIC ACID ESTER\/C10-30 ALKYL ALCOHOL ACRYLATE CROSS-LINKED POLYMER, ARGININE, XYLITOLGLUCOSIDE, BIFIDA FERMENT LYSATE,GLYCEROL ACRYLATE\/ACRYLIC ACID COPOLYMER, GLYCERYL CAPRYLATE, SODIUM CITRATE, CITRIC ACID, MADECASSOSIDE,CENTELLA ASIATICA LEAF EXTRACT,FOLIC ACID, BACILLUS\/SOYBEAN FERMENT EXTRACT, CERAMIDE NP, ASIATICOSIDE, ALLANTOIN, SACCHARIDE ISOMERATE, ANHYDROXYLITOL, HYDROXYPHENYLACETOPHENONE, 1,2-HEXANEDIOL,CAPRYLHYDROXAMIC ACID, XYLITOL, EDTA DISODIUM, SODIUM HYALURONATE, BETA-GLUCAN, CHOLESTEROL, CERAMIDE-AP, CERAMIDE AS, CERAMIDE NS\/CERAMIDE NG, CERAMIDE EOP.<\/p>\n<p>[\/vc_column_text][\/vc_column][vc_column width=\"1\/2\" css=\".vc_custom_1759224201661{background-image: url(https:\/\/www.masderma.es\/distribuidora\/wp-content\/uploads\/2025\/09\/logo-agua2.png?id=9956) !important;background-position: center !important;background-repeat: no-repeat !important;background-size: contain !important;}\" woodmart_css_id=\"68dba17dea959\" parallax_scroll=\"no\" woodmart_sticky_column=\"false\" wd_collapsible_content_switcher=\"no\" wd_column_role_offcanvas_desktop=\"no\" wd_column_role_offcanvas_tablet=\"no\" wd_column_role_offcanvas_mobile=\"no\" wd_column_role_content_desktop=\"no\" wd_column_role_content_tablet=\"no\" wd_column_role_content_mobile=\"no\" mobile_bg_img_hidden=\"no\" tablet_bg_img_hidden=\"no\" woodmart_parallax=\"0\" woodmart_box_shadow=\"no\" responsive_spacing=\"eyJwYXJhbV90eXBlIjoid29vZG1hcnRfcmVzcG9uc2l2ZV9zcGFjaW5nIiwic2VsZWN0b3JfaWQiOiI2OGRiYTE3ZGVhOTU5Iiwic2hvcnRjb2RlIjoidmNfY29sdW1uIiwiZGF0YSI6eyJ0YWJsZXQiOnt9LCJtb2JpbGUiOnsibWFyZ2luLXRvcCI6Ii00MHB4In19fQ==\" mobile_reset_margin=\"no\" tablet_reset_margin=\"no\" wd_z_index=\"no\"][vc_column_text css=\"\" woodmart_inline=\"no\" text_larger=\"no\"]<\/p>\n<p style=\"text-align: justify;\">Este s\u00e9rum se destaca como una opci\u00f3n ideal para personas con piel sensible, deshidratada o comprometida.<\/p>\n<p style=\"text-align: justify;\">Sus ingredientes trabajan en sinergia para ofrecer una hidrataci\u00f3n profunda, calmar la irritaci\u00f3n, fortalecer la barrera cut\u00e1nea, fomentar la reparaci\u00f3n y proteger la piel de los agresores ambientales.<\/p>\n<p style=\"text-align: justify;\"><strong>Principales activos:<\/strong><\/p>\n<ul>\n<li style=\"text-align: justify;\">Repara la barrera cut\u00e1nea gracias a su complejo de ceramidas, colesterol y \u00e1cido f\u00f3lico.<\/li>\n<li style=\"text-align: justify;\">Hidrata en profundidad y de forma prolongada con \u00e1cido hialur\u00f3nico, xilitol y beta\u00edna.<\/li>\n<li style=\"text-align: justify;\">Calma y regenera la piel sensible o irritada con centella asi\u00e1tica, madecassoside y panthenol.<\/li>\n<li style=\"text-align: justify;\">Fortalece la microbiota cut\u00e1nea mediante fermentos probi\u00f3ticos como bifida y soja.<\/li>\n<li style=\"text-align: justify;\">Mejora la textura, elasticidad y luminosidad con niacinamida, folato y arginina.<\/li>\n<li style=\"text-align: justify;\">Protege frente al envejecimiento prematuro con antioxidantes como rosa damascena y betaglucano.<\/li>\n<\/ul>\n<p>[\/vc_column_text][\/vc_column][\/vc_row]<\/p>\n<\/div>","protected":false},"excerpt":{"rendered":"<p style=\"text-align: justify;\">Este s\u00e9rum se destaca como una opci\u00f3n ideal para personas con piel sensible, deshidratada o comprometida.<\/p>\n<p>Vial Reparador con Ceramidas, Probi\u00f3ticos y Centella Asi\u00e1tica.<\/p>\n<p style=\"text-align: justify;\"><strong>Formato: <\/strong>5 viales x 5 ml<\/p>\n<p>Hidratante - Reparador<\/p>\n","protected":false},"featured_media":10198,"template":"","meta":{"_joinchat":[]},"product_brand":[],"product_cat":[106],"product_tag":[],"class_list":{"0":"post-10224","1":"product","2":"type-product","3":"status-publish","4":"has-post-thumbnail","6":"product_cat-viales","8":"first","9":"instock","10":"taxable","11":"shipping-taxable","12":"purchasable","13":"product-type-simple"},"_links":{"self":[{"href":"https:\/\/www.masderma.es\/distribuidora\/wp-json\/wp\/v2\/product\/10224","targetHints":{"allow":["GET"]}}],"collection":[{"href":"https:\/\/www.masderma.es\/distribuidora\/wp-json\/wp\/v2\/product"}],"about":[{"href":"https:\/\/www.masderma.es\/distribuidora\/wp-json\/wp\/v2\/types\/product"}],"wp:featuredmedia":[{"embeddable":true,"href":"https:\/\/www.masderma.es\/distribuidora\/wp-json\/wp\/v2\/media\/10198"}],"wp:attachment":[{"href":"https:\/\/www.masderma.es\/distribuidora\/wp-json\/wp\/v2\/media?parent=10224"}],"wp:term":[{"taxonomy":"product_brand","embeddable":true,"href":"https:\/\/www.masderma.es\/distribuidora\/wp-json\/wp\/v2\/product_brand?post=10224"},{"taxonomy":"product_cat","embeddable":true,"href":"https:\/\/www.masderma.es\/distribuidora\/wp-json\/wp\/v2\/product_cat?post=10224"},{"taxonomy":"product_tag","embeddable":true,"href":"https:\/\/www.masderma.es\/distribuidora\/wp-json\/wp\/v2\/product_tag?post=10224"}],"curies":[{"name":"wp","href":"https:\/\/api.w.org\/{rel}","templated":true}]}}