{"id":10285,"date":"2025-10-14T17:53:24","date_gmt":"2025-10-14T15:53:24","guid":{"rendered":"https:\/\/www.masderma.es\/distribuidora\/?post_type=product&#038;p=10285"},"modified":"2025-10-14T20:10:41","modified_gmt":"2025-10-14T18:10:41","slug":"cisteamina-gold-kit-laminacion-cejas","status":"publish","type":"product","link":"https:\/\/www.masderma.es\/distribuidora\/producto\/cisteamina-gold-kit-laminacion-cejas\/","title":{"rendered":"Cisteamina Gold Kit - laminaci\u00f3n cejas"},"content":{"rendered":"<div class=\"wpb-content-wrapper\"><p>[vc_row gap=\"20\" equal_height=\"yes\" responsive_tabs_advanced=\"mobile\" woodmart_css_id=\"68dba060afdbf\" responsive_spacing=\"eyJwYXJhbV90eXBlIjoid29vZG1hcnRfcmVzcG9uc2l2ZV9zcGFjaW5nIiwic2VsZWN0b3JfaWQiOiI2OGRiYTA2MGFmZGJmIiwic2hvcnRjb2RlIjoidmNfcm93IiwiZGF0YSI6eyJ0YWJsZXQiOnt9LCJtb2JpbGUiOnt9fX0=\" mobile_bg_img_hidden=\"no\" tablet_bg_img_hidden=\"no\" woodmart_parallax=\"0\" woodmart_gradient_switch=\"no\" woodmart_box_shadow=\"no\" wd_z_index=\"no\" woodmart_disable_overflow=\"0\" row_reverse_mobile=\"1\" row_reverse_tablet=\"0\"][vc_column width=\"1\/2\" css=\".vc_custom_1759224071130{margin-top: -30px !important;border-right-width: 1px !important;background-image: url(https:\/\/www.masderma.es\/distribuidora\/wp-content\/uploads\/2025\/09\/logo-agua2.png?id=9956) !important;background-position: center !important;background-repeat: no-repeat !important;background-size: contain !important;border-right-style: solid !important;border-color: #C2C2C2 !important;}\" woodmart_css_id=\"68dba0fd7b727\" parallax_scroll=\"no\" woodmart_sticky_column=\"false\" wd_collapsible_content_switcher=\"no\" wd_column_role_offcanvas_desktop=\"no\" wd_column_role_offcanvas_tablet=\"no\" wd_column_role_offcanvas_mobile=\"no\" wd_column_role_content_desktop=\"no\" wd_column_role_content_tablet=\"no\" wd_column_role_content_mobile=\"no\" mobile_bg_img_hidden=\"no\" tablet_bg_img_hidden=\"no\" woodmart_parallax=\"0\" woodmart_box_shadow=\"no\" responsive_spacing=\"eyJwYXJhbV90eXBlIjoid29vZG1hcnRfcmVzcG9uc2l2ZV9zcGFjaW5nIiwic2VsZWN0b3JfaWQiOiI2OGRiYTBmZDdiNzI3Iiwic2hvcnRjb2RlIjoidmNfY29sdW1uIiwiZGF0YSI6eyJ0YWJsZXQiOnt9LCJtb2JpbGUiOnsibWFyZ2luLXRvcCI6Ii1weCIsImJvcmRlci1yaWdodC13aWR0aCI6IjBweCIsInBhZGRpbmctdG9wIjoiMHB4In19fQ==\" mobile_reset_margin=\"no\" tablet_reset_margin=\"no\" wd_z_index=\"no\"][vc_column_text css=\"\" woodmart_inline=\"no\" text_larger=\"no\"]<\/p>\n<p style=\"text-align: justify;\"><strong><span dir=\"auto\">\u00bfNo conoces los pasos b\u00e1sicos de la laminaci\u00f3n de cejas?<\/span><\/strong><\/p>\n<p style=\"text-align: justify;\"><span dir=\"auto\">Kalentin ha pensado en todo: el nuevo kit\u00a0<\/span><em><span dir=\"auto\">de aplicaci\u00f3n Gold Home<\/span><\/em><span dir=\"auto\">\u00a0est\u00e1 dise\u00f1ado espec\u00edficamente para resolver todas tus dudas e inquietudes, haci\u00e9ndolo extremadamente f\u00e1cil de usar. Dentro del kit, al escanear el c\u00f3digo QR con tu smartphone, encontrar\u00e1s todas las instrucciones en video que necesitas para realizar el tratamiento t\u00fa mismo.<\/span><\/p>\n<p style=\"text-align: justify;\"><strong><span dir=\"auto\">\u00bfNo arruinar\u00e1 mis cejas?<\/span><\/strong><\/p>\n<p style=\"text-align: justify;\"><span dir=\"auto\">En absoluto. Los productos del Kit\u00a0<\/span><em><span dir=\"auto\">de Aplicaci\u00f3n Dorada en Casa<\/span><\/em><span dir=\"auto\">\u00a0son cosm\u00e9ticos certificados y est\u00e1n dise\u00f1ados para una doble funci\u00f3n: afinar las cejas para lograr un aspecto m\u00e1s brillante y abundante, y fortalecerlas y nutrirlas.<\/span><\/p>\n<p style=\"text-align: justify;\"><strong><span dir=\"auto\">10 APLICACIONES laminaci\u00f3n de cejas<\/span><\/strong><\/p>\n<p style=\"text-align: justify;\"><span dir=\"auto\">El Kit de Laminaci\u00f3n de Cejas DIY - Kit\u00a0<\/span><em><span dir=\"auto\">de Aplicaci\u00f3n Dorada en Casa<\/span><\/em><span dir=\"auto\">\u00a0es el nuevo kit vegano de laminaci\u00f3n de cejas DIY creado por Kalentin. Con un dise\u00f1o elegante y cautivador, este nuevo kit tambi\u00e9n est\u00e1 dise\u00f1ado para\u00a0<\/span><strong><span dir=\"auto\">uso dom\u00e9stico<\/span><\/strong><span dir=\"auto\">\u00a0, una tendencia que se ha vuelto cada vez m\u00e1s popular en todo el mundo en los \u00faltimos a\u00f1os, especialmente en Estados Unidos.<\/span><\/p>\n<p style=\"text-align: justify;\"><span dir=\"auto\">En su interior encontrar\u00e1s todo lo necesario para realizar hasta\u00a0<\/span><strong><span dir=\"auto\">10 aplicaciones<\/span><\/strong><span dir=\"auto\">\u00a0.\u00a0<\/span><\/p>\n<p style=\"text-align: justify;\"><span dir=\"auto\">Estos productos son\u00a0<\/span><strong><span dir=\"auto\">100% Made in Italy, veganos, cosm\u00e9ticamente y oftalmol\u00f3gicamente probados,<\/span><\/strong><span dir=\"auto\">\u00a0capaces de nutrir y redefinir tus cejas, haciendo tu mirada m\u00e1s seductora.\u00a0<\/span><\/p>\n<div>\n<p style=\"text-align: justify;\"><span dir=\"auto\">Respecto a la posibilidad de utilizar el producto en\u00a0<\/span><strong><span dir=\"auto\">mujeres embarazadas,<\/span><\/strong><span dir=\"auto\">\u00a0\u00a0aunque podemos estar razonablemente seguros de que el tratamiento de pesta\u00f1as o cejas no supone ning\u00fan riesgo ni durante el embarazo ni durante la lactancia, como medida de precauci\u00f3n recomendamos siempre consultar a un m\u00e9dico o abstenerse del tratamiento durante este periodo.<\/span><\/p>\n<\/div>\n<p>[\/vc_column_text][\/vc_column][vc_column width=\"1\/2\" css=\".vc_custom_1759224201661{background-image: url(https:\/\/www.masderma.es\/distribuidora\/wp-content\/uploads\/2025\/09\/logo-agua2.png?id=9956) !important;background-position: center !important;background-repeat: no-repeat !important;background-size: contain !important;}\" woodmart_css_id=\"68dba17dea959\" parallax_scroll=\"no\" woodmart_sticky_column=\"false\" wd_collapsible_content_switcher=\"no\" wd_column_role_offcanvas_desktop=\"no\" wd_column_role_offcanvas_tablet=\"no\" wd_column_role_offcanvas_mobile=\"no\" wd_column_role_content_desktop=\"no\" wd_column_role_content_tablet=\"no\" wd_column_role_content_mobile=\"no\" mobile_bg_img_hidden=\"no\" tablet_bg_img_hidden=\"no\" woodmart_parallax=\"0\" woodmart_box_shadow=\"no\" responsive_spacing=\"eyJwYXJhbV90eXBlIjoid29vZG1hcnRfcmVzcG9uc2l2ZV9zcGFjaW5nIiwic2VsZWN0b3JfaWQiOiI2OGRiYTE3ZGVhOTU5Iiwic2hvcnRjb2RlIjoidmNfY29sdW1uIiwiZGF0YSI6eyJ0YWJsZXQiOnt9LCJtb2JpbGUiOnsibWFyZ2luLXRvcCI6Ii00MHB4In19fQ==\" mobile_reset_margin=\"no\" tablet_reset_margin=\"no\" wd_z_index=\"no\"][vc_column_text css=\"\" woodmart_inline=\"no\" text_larger=\"no\"]<\/p>\n<p style=\"text-align: justify;\"><strong><span dir=\"auto\">\u00bfQu\u00e9 contiene el KIT ORO?<\/span><\/strong><\/p>\n<p style=\"text-align: justify;\"><span dir=\"auto\">1 Gel vegano para cejas 8 ml.<\/span><\/p>\n<p style=\"text-align: justify;\"><span dir=\"auto\">1 Moldeador de cejas vegano CYSTEAMINE 10 ml\u00a0<\/span><strong><span dir=\"auto\">(\u00a0<\/span><\/strong><span dir=\"auto\">5-7 MINUTOS\u00a0<\/span><span dir=\"auto\"><strong>para pesta\u00f1as finas,\u00a0<\/strong>7-10 MINUTOS\u00a0<strong>para pesta\u00f1as medianas y gruesas)<\/strong>\u00a0<\/span><\/p>\n<p style=\"text-align: justify;\"><span dir=\"auto\">1 Fijador de cejas vegano 10 ml\u00a0\u00a0<strong>(\u00a0<\/strong>5-7 MINUTOS\u00a0<strong>para pesta\u00f1as finas,\u00a0<\/strong>7-10 MINUTOS\u00a0<strong>para pesta\u00f1as medianas y gruesas)<\/strong>\u00a0<\/span><\/p>\n<p style=\"text-align: justify;\"><span dir=\"auto\">1 S\u00e9rum vegano para cejas 10 ml\u00a0\u00a0<strong>(\u00a0<\/strong>3-5 MINUTOS\u00a0<strong>)<\/strong>\u00a0<\/span><\/p>\n<p style=\"text-align: justify;\"><span dir=\"auto\">1 Herramienta Y\u00a0<\/span><\/p>\n<p style=\"text-align: justify;\"><span dir=\"auto\">1 Pincel con doble aplicador\u00a0<\/span><\/p>\n<p style=\"text-align: justify;\"><strong><span dir=\"auto\">GEL ADHERENTE PARA CEJAS VEGANO 8 ml<\/span><\/strong><\/p>\n<p style=\"text-align: justify;\"><span dir=\"auto\">El gel adhesivo vegano para cejas es el primer paso del procedimiento de laminaci\u00f3n de cejas. Aplica el pegamento en las cejas, trabajando en secciones peque\u00f1as. Usa la herramienta en forma de Y o el cepillo para peinar y guiar las cejas hasta la posici\u00f3n deseada, presion\u00e1ndolas contra la piel para fijarlas. Contin\u00faa con la siguiente secci\u00f3n solo cuando las cejas est\u00e9n perfectamente unidas.\u00a0<\/span><\/p>\n<p style=\"text-align: justify;\"><span dir=\"auto\">INCI: Alcohol desnaturalizado, agua, poliuretano-14, copol\u00edmero de acrilatos AMP, hidrolizado de almid\u00f3n hidrogenado, alcohol polivin\u00edlico, PVP, fenoxietanol, etilhexilglicerina.<\/span><\/p>\n<p style=\"text-align: justify;\"><strong><span dir=\"auto\">PERFILADOR DE CEJAS CISTEAMMINA VEGANO 10ml<\/span><\/strong><\/p>\n<p style=\"text-align: justify;\"><span dir=\"auto\">El Definidor de Cejas Vegano es el segundo paso del procedimiento de delineado de cejas. Aplique el definidor uniformemente desde la ra\u00edz hasta la punta. Presione el dosificador para dispensar el producto, utilizando la superficie plana para distribuirlo suavemente sobre las cejas. Deje actuar de\u00a0<\/span><span dir=\"auto\">5 a 7 minutos<\/span><span dir=\"auto\">\u00a0para cejas finas y\u00a0<\/span><span dir=\"auto\">de 7 a 10 minutos<\/span><span dir=\"auto\">\u00a0para cejas medianas y gruesas. Luego, ret\u00edrelo con un disco de algod\u00f3n. NO USAR AGUA.\u00a0<\/span><\/p>\n<p style=\"text-align: justify;\"><span dir=\"auto\">INCI: Aqua (Agua), Cisteamina HCL, Aminometil propanol, Alcohol Cetear\u00edlico, Glicerina, Ceteareth-25, Paraffinum Liquidum, Parfum, Fenoxietanol, Cloruro de Cetrimonio, Urea, Laureth-3, Arginina, Dimeticona, Sulfito de Sodio, Polyquaternium-6, Etilhexilglicerina, EDTA Tetras\u00f3dico, Lecitina, Propilenglicol, Simeticona, PCA S\u00f3dico, Tocoferol, Lactato de Sodio, Palmitato de Ascorbilo, Prote\u00edna de Ma\u00edz Hidrolizada, Extracto de Flor de Chamomilla Recutita, Prote\u00edna de Trigo Hidrolizada, Prote\u00edna de Soja Hidrolizada, \u00c1cido Asp\u00e1rtico, PCA, Glicina, Alanina, Serina, Valina, \u00c1cido C\u00edtrico, Isoleucina, Treonina, Prolina, Fenilalanina, Histidina, Diacetato de Glutamato Tetras\u00f3dico.<\/span><\/p>\n<p style=\"text-align: justify;\"><strong><span dir=\"auto\">FIJADOR DE CEJAS VEGANO 10ml<\/span><\/strong><\/p>\n<p style=\"text-align: justify;\"><span dir=\"auto\">El FIJADOR DE CEJAS VEGANO es el tercer paso del procedimiento de laminaci\u00f3n de cejas. Aplique el fijador uniformemente desde la ra\u00edz hasta la punta. Presione el dosificador para dispensar el producto, utilizando la superficie plana para distribuirlo suavemente sobre las cejas. Deje actuar de\u00a0<\/span><span dir=\"auto\">5 a 7 minutos<\/span><span dir=\"auto\">\u00a0para cejas finas y\u00a0<\/span><span dir=\"auto\">de 7 a 10 minutos<\/span><span dir=\"auto\">\u00a0para cejas medianas y gruesas. Luego, ret\u00edrelo con un disco de algod\u00f3n. NO USAR AGUA.<\/span><\/p>\n<p style=\"text-align: justify;\"><span dir=\"auto\">INCI: Aqua (agua), alcohol cetear\u00edlico, per\u00f3xido de hidr\u00f3geno, Ceteareth-20, parafina l\u00edquida, glicerina, pantenol, simeticona, Laureth-3, lauril sulfato de sodio, pirofosfato dis\u00f3dico, estannato de sodio, \u00e1cido fosf\u00f3rico, polisorbato 20, perfume.<\/span><\/p>\n<p style=\"text-align: justify;\"><span dir=\"auto\">FIJADOR DE CEJAS: contiene per\u00f3xido de hidr\u00f3geno<\/span><\/p>\n<p style=\"text-align: justify;\"><strong><span dir=\"auto\">SERUM PARA CEJAS VEGANO 10ml<\/span><\/strong><\/p>\n<p style=\"text-align: justify;\"><span dir=\"auto\">El SERUM VEGANO PARA CEJAS es el cuarto y \u00faltimo paso del procedimiento de laminaci\u00f3n de cejas. Aplique el s\u00e9rum en toda la superficie de las cejas y d\u00e9jelo actuar de\u00a0<\/span><span dir=\"auto\">3 a 5 minutos\u00a0<\/span><strong><span dir=\"auto\">.<\/span><\/strong><span dir=\"auto\">\u00a0El s\u00e9rum nutrir\u00e1 las cejas, neutralizar\u00e1 los efectos del pegamento y eliminar\u00e1 cualquier residuo de tinte si us\u00f3 tinte para cejas despu\u00e9s del paso 3.\u00a0<\/span><\/p>\n<p style=\"text-align: justify;\"><span dir=\"auto\">INCI: Aqua (Agua), Pantenol, Metilpropanodiol, Propilenglicol, Hialuronato de Sodio, PCA de Sodio, Prote\u00edna de Ma\u00edz Hidrolizada, Prote\u00edna de Trigo Hidrolizada, Prote\u00edna de Soja Hidrolizada, Trehalosa, Glicerina, PPG-26-Buteth-26, Aceite de Ricino Hidrogenado PEG-40, EDTA Dis\u00f3dico, Benzoato de Sodio, \u00c1cido C\u00edtrico, Fenoxietanol, Clorfenesina, Decilenglicol, Parfum (Fragancia).<\/span><\/p>\n<p style=\"text-align: justify;\"><span dir=\"auto\">* (Prote\u00edna de ma\u00edz hidrolizada, prote\u00edna de trigo hidrolizada, prote\u00edna de soja hidrolizada) = AC Plant Keratin PF *<\/span><\/p>\n<div>\n<p style=\"text-align: justify;\"><strong><span dir=\"auto\">ADVERTENCIAS<\/span><\/strong><\/p>\n<p style=\"text-align: justify;\"><span dir=\"auto\">Es ABSOLUTAMENTE NECESARIO realizar una\u00a0<\/span><strong><span dir=\"auto\">prueba de parche<\/span><\/strong><span dir=\"auto\">\u00a0en el cliente de todos los productos contenidos en el kit\u00a0 antes de realizar el tratamiento .<\/span><\/p>\n<\/div>\n<p>[\/vc_column_text][\/vc_column][\/vc_row]<\/p>\n<\/div>","protected":false},"excerpt":{"rendered":"<p style=\"text-align: justify;\"><strong>Cisteamina Gold Kit - laminaci\u00f3n cejas<\/strong><\/p>\n<p style=\"text-align: justify;\"><span dir=\"auto\">Este producto es <\/span><strong><span dir=\"auto\">100% Made in Italy, veganos, cosm\u00e9ticamente y oftalmol\u00f3gicamente probados,<\/span><\/strong><span dir=\"auto\"> capaz de nutrir y redefinir tus cejas, haciendo tu mirada m\u00e1s seductora.\u00a0<\/span><\/p>\n","protected":false},"featured_media":10243,"template":"","meta":{"_joinchat":[]},"product_brand":[],"product_cat":[107],"product_tag":[],"class_list":{"0":"post-10285","1":"product","2":"type-product","3":"status-publish","4":"has-post-thumbnail","6":"product_cat-lifting-pestanas","8":"first","9":"instock","10":"taxable","11":"shipping-taxable","12":"purchasable","13":"product-type-simple"},"_links":{"self":[{"href":"https:\/\/www.masderma.es\/distribuidora\/wp-json\/wp\/v2\/product\/10285","targetHints":{"allow":["GET"]}}],"collection":[{"href":"https:\/\/www.masderma.es\/distribuidora\/wp-json\/wp\/v2\/product"}],"about":[{"href":"https:\/\/www.masderma.es\/distribuidora\/wp-json\/wp\/v2\/types\/product"}],"wp:featuredmedia":[{"embeddable":true,"href":"https:\/\/www.masderma.es\/distribuidora\/wp-json\/wp\/v2\/media\/10243"}],"wp:attachment":[{"href":"https:\/\/www.masderma.es\/distribuidora\/wp-json\/wp\/v2\/media?parent=10285"}],"wp:term":[{"taxonomy":"product_brand","embeddable":true,"href":"https:\/\/www.masderma.es\/distribuidora\/wp-json\/wp\/v2\/product_brand?post=10285"},{"taxonomy":"product_cat","embeddable":true,"href":"https:\/\/www.masderma.es\/distribuidora\/wp-json\/wp\/v2\/product_cat?post=10285"},{"taxonomy":"product_tag","embeddable":true,"href":"https:\/\/www.masderma.es\/distribuidora\/wp-json\/wp\/v2\/product_tag?post=10285"}],"curies":[{"name":"wp","href":"https:\/\/api.w.org\/{rel}","templated":true}]}}