{"id":10293,"date":"2025-10-14T18:46:58","date_gmt":"2025-10-14T16:46:58","guid":{"rendered":"https:\/\/www.masderma.es\/distribuidora\/?post_type=product&#038;p=10293"},"modified":"2025-10-14T20:08:01","modified_gmt":"2025-10-14T18:08:01","slug":"tinte-hibrido-efecto-henna-para-pestanas-y-cejas-en-marron-oscuro","status":"publish","type":"product","link":"https:\/\/www.masderma.es\/distribuidora\/producto\/tinte-hibrido-efecto-henna-para-pestanas-y-cejas-en-marron-oscuro\/","title":{"rendered":"Tinte h\u00edbrido efecto henna para pesta\u00f1as y cejas en marr\u00f3n oscuro"},"content":{"rendered":"<div class=\"wpb-content-wrapper\"><p>[vc_row gap=\"20\" equal_height=\"yes\" responsive_tabs_advanced=\"mobile\" woodmart_css_id=\"68dba060afdbf\" responsive_spacing=\"eyJwYXJhbV90eXBlIjoid29vZG1hcnRfcmVzcG9uc2l2ZV9zcGFjaW5nIiwic2VsZWN0b3JfaWQiOiI2OGRiYTA2MGFmZGJmIiwic2hvcnRjb2RlIjoidmNfcm93IiwiZGF0YSI6eyJ0YWJsZXQiOnt9LCJtb2JpbGUiOnt9fX0=\" mobile_bg_img_hidden=\"no\" tablet_bg_img_hidden=\"no\" woodmart_parallax=\"0\" woodmart_gradient_switch=\"no\" woodmart_box_shadow=\"no\" wd_z_index=\"no\" woodmart_disable_overflow=\"0\" row_reverse_mobile=\"1\" row_reverse_tablet=\"0\"][vc_column width=\"1\/2\" css=\".vc_custom_1759224071130{margin-top: -30px !important;border-right-width: 1px !important;background-image: url(https:\/\/www.masderma.es\/distribuidora\/wp-content\/uploads\/2025\/09\/logo-agua2.png?id=9956) !important;background-position: center !important;background-repeat: no-repeat !important;background-size: contain !important;border-right-style: solid !important;border-color: #C2C2C2 !important;}\" woodmart_css_id=\"68dba0fd7b727\" parallax_scroll=\"no\" woodmart_sticky_column=\"false\" wd_collapsible_content_switcher=\"no\" wd_column_role_offcanvas_desktop=\"no\" wd_column_role_offcanvas_tablet=\"no\" wd_column_role_offcanvas_mobile=\"no\" wd_column_role_content_desktop=\"no\" wd_column_role_content_tablet=\"no\" wd_column_role_content_mobile=\"no\" mobile_bg_img_hidden=\"no\" tablet_bg_img_hidden=\"no\" woodmart_parallax=\"0\" woodmart_box_shadow=\"no\" responsive_spacing=\"eyJwYXJhbV90eXBlIjoid29vZG1hcnRfcmVzcG9uc2l2ZV9zcGFjaW5nIiwic2VsZWN0b3JfaWQiOiI2OGRiYTBmZDdiNzI3Iiwic2hvcnRjb2RlIjoidmNfY29sdW1uIiwiZGF0YSI6eyJ0YWJsZXQiOnt9LCJtb2JpbGUiOnsibWFyZ2luLXRvcCI6Ii1weCIsImJvcmRlci1yaWdodC13aWR0aCI6IjBweCIsInBhZGRpbmctdG9wIjoiMHB4In19fQ==\" mobile_reset_margin=\"no\" tablet_reset_margin=\"no\" wd_z_index=\"no\"][vc_column_text css=\"\" woodmart_inline=\"no\" text_larger=\"no\"]<\/p>\n<p style=\"text-align: justify;\"><strong>INCI:<\/strong> Aqua\/Agua, Cocamida MEA, Alcohol Cetear\u00edlico, Etanolamina, \u00c1cido Este\u00e1rico, \u00c1cido Palm\u00edtico, Sulfato de Tolueno-2,5-Diamina, Estearato de Glicerilo, Ceteareth-25, Lactato de Alquilo C12-15, Citrato de Alquilo Tri-C14-15, Prote\u00edna de Arroz Hidrolizada, Aceite de Semilla de Argania Spinosa, Malato de Alquilo Di-C12-13, Salicilato de Tridecilo, Propilenglicol, Pantenol, Glicerina, Hidrosulfito de Sodio, EDTA Tetras\u00f3dico, \u00c1cido Asc\u00f3rbico, P-Aminofenol, 4-Amino-2-Hidroxitolueno, 2,4-Diaminofenoxietanol Hcl, M-Aminofenol, 2-Amino-3-Hidroxipiridina, 2,6-Diaminopiridina.<\/p>\n<p>[\/vc_column_text][\/vc_column][vc_column width=\"1\/2\" css=\".vc_custom_1759224201661{background-image: url(https:\/\/www.masderma.es\/distribuidora\/wp-content\/uploads\/2025\/09\/logo-agua2.png?id=9956) !important;background-position: center !important;background-repeat: no-repeat !important;background-size: contain !important;}\" woodmart_css_id=\"68dba17dea959\" parallax_scroll=\"no\" woodmart_sticky_column=\"false\" wd_collapsible_content_switcher=\"no\" wd_column_role_offcanvas_desktop=\"no\" wd_column_role_offcanvas_tablet=\"no\" wd_column_role_offcanvas_mobile=\"no\" wd_column_role_content_desktop=\"no\" wd_column_role_content_tablet=\"no\" wd_column_role_content_mobile=\"no\" mobile_bg_img_hidden=\"no\" tablet_bg_img_hidden=\"no\" woodmart_parallax=\"0\" woodmart_box_shadow=\"no\" responsive_spacing=\"eyJwYXJhbV90eXBlIjoid29vZG1hcnRfcmVzcG9uc2l2ZV9zcGFjaW5nIiwic2VsZWN0b3JfaWQiOiI2OGRiYTE3ZGVhOTU5Iiwic2hvcnRjb2RlIjoidmNfY29sdW1uIiwiZGF0YSI6eyJ0YWJsZXQiOnt9LCJtb2JpbGUiOnsibWFyZ2luLXRvcCI6Ii00MHB4In19fQ==\" mobile_reset_margin=\"no\" tablet_reset_margin=\"no\" wd_z_index=\"no\"][vc_column_text css=\"\" woodmart_inline=\"no\" text_larger=\"no\"]<\/p>\n<p style=\"text-align: justify;\"><i class=\"fa fa-exclamation\"><\/i><strong><span dir=\"auto\">TIEMPOS DE EXPOSICI\u00d3N<\/span><\/strong><i class=\"fa fa-exclamation\"><\/i><\/p>\n<p style=\"text-align: justify;\"><strong>\u00a0<\/strong><strong><span dir=\"auto\">10 - 15 minutos\u00a0\u00a0<\/span><\/strong><span dir=\"auto\">para pesta\u00f1as y cejas sin laminaci\u00f3n<\/span><\/p>\n<p style=\"text-align: justify;\"><strong><span dir=\"auto\">6 - 8 minutos <\/span><\/strong><span dir=\"auto\">para pesta\u00f1as y cejas post-laminaci\u00f3n<\/span><\/p>\n<p style=\"text-align: justify;\"><strong><span dir=\"auto\">ADVERTENCIAS<\/span><\/strong><\/p>\n<p style=\"text-align: justify;\"><i class=\"fa fa-exclamation-circle\"><\/i><span dir=\"auto\">Antes de realizar el tratamiento es necesario hacer una\u00a0<\/span><strong><span dir=\"auto\">prueba de parche<\/span><\/strong><span dir=\"auto\">\u00a0en el cliente.\u00a0<\/span><\/p>\n<p style=\"text-align: justify;\"><span dir=\"auto\">Dado que este tinte tambi\u00e9n puede te\u00f1ir ligeramente la piel, podr\u00eda causar irritaci\u00f3n. <\/span><\/p>\n<p>[\/vc_column_text][\/vc_column][\/vc_row]<\/p>\n<\/div>","protected":false},"excerpt":{"rendered":"<p style=\"text-align: justify;\"><strong>Tinte h\u00edbrido para pesta\u00f1as y cejas con efecto henna marr\u00f3n oscuro<\/strong><\/p>\n<p style=\"text-align: justify;\"><strong><span dir=\"auto\">*NUEVA<\/span><span dir=\"auto\">\u00a0F\u00d3RMULA LIBRE DE PPD Y RESORCINOL, DERMATOL\u00d3GICAMENTE PROBADA<\/span><\/strong><\/p>\n<p style=\"text-align: justify;\"><span dir=\"auto\"><strong>color:<\/strong> MARR\u00d3N OSCURO\u00a0 <\/span><span dir=\"auto\">(colorea ligeramente la piel)<\/span><\/p>\n<p style=\"text-align: justify;\"><span dir=\"auto\">Tinte para pesta\u00f1as y cejas sin\u00a0<\/span><strong><span dir=\"auto\">PPD ni Resorcinol\u00a0<\/span><\/strong><span dir=\"auto\">\u00a0(Ley USA)<\/span><br \/>\n<span dir=\"auto\">Para utilizar con el\u00a0<\/span><strong><span dir=\"auto\">oxidante en crema al 3% Kalentin KAL00505<\/span><\/strong><span dir=\"auto\">\u00a0en proporci\u00f3n 1:1<\/span><\/p>\n<p style=\"text-align: justify;\"><strong>Tama\u00f1o:<\/strong> 30 ml.<\/p>\n","protected":false},"featured_media":10276,"template":"","meta":{"_joinchat":[]},"product_brand":[],"product_cat":[107],"product_tag":[],"class_list":{"0":"post-10293","1":"product","2":"type-product","3":"status-publish","4":"has-post-thumbnail","6":"product_cat-lifting-pestanas","8":"first","9":"instock","10":"taxable","11":"shipping-taxable","12":"purchasable","13":"product-type-simple"},"_links":{"self":[{"href":"https:\/\/www.masderma.es\/distribuidora\/wp-json\/wp\/v2\/product\/10293","targetHints":{"allow":["GET"]}}],"collection":[{"href":"https:\/\/www.masderma.es\/distribuidora\/wp-json\/wp\/v2\/product"}],"about":[{"href":"https:\/\/www.masderma.es\/distribuidora\/wp-json\/wp\/v2\/types\/product"}],"wp:featuredmedia":[{"embeddable":true,"href":"https:\/\/www.masderma.es\/distribuidora\/wp-json\/wp\/v2\/media\/10276"}],"wp:attachment":[{"href":"https:\/\/www.masderma.es\/distribuidora\/wp-json\/wp\/v2\/media?parent=10293"}],"wp:term":[{"taxonomy":"product_brand","embeddable":true,"href":"https:\/\/www.masderma.es\/distribuidora\/wp-json\/wp\/v2\/product_brand?post=10293"},{"taxonomy":"product_cat","embeddable":true,"href":"https:\/\/www.masderma.es\/distribuidora\/wp-json\/wp\/v2\/product_cat?post=10293"},{"taxonomy":"product_tag","embeddable":true,"href":"https:\/\/www.masderma.es\/distribuidora\/wp-json\/wp\/v2\/product_tag?post=10293"}],"curies":[{"name":"wp","href":"https:\/\/api.w.org\/{rel}","templated":true}]}}