{"id":10295,"date":"2025-10-14T18:50:51","date_gmt":"2025-10-14T16:50:51","guid":{"rendered":"https:\/\/www.masderma.es\/distribuidora\/?post_type=product&#038;p=10295"},"modified":"2025-10-14T20:07:27","modified_gmt":"2025-10-14T18:07:27","slug":"aguja-de-crochet-para-laminar-pestanas-genie-sx","status":"publish","type":"product","link":"https:\/\/www.masderma.es\/distribuidora\/producto\/aguja-de-crochet-para-laminar-pestanas-genie-sx\/","title":{"rendered":"Aguja de crochet para laminar pesta\u00f1as - GENIE - SX"},"content":{"rendered":"<div class=\"wpb-content-wrapper\"><p>[vc_row gap=\"20\" equal_height=\"yes\" responsive_tabs_advanced=\"mobile\" woodmart_css_id=\"68dba060afdbf\" responsive_spacing=\"eyJwYXJhbV90eXBlIjoid29vZG1hcnRfcmVzcG9uc2l2ZV9zcGFjaW5nIiwic2VsZWN0b3JfaWQiOiI2OGRiYTA2MGFmZGJmIiwic2hvcnRjb2RlIjoidmNfcm93IiwiZGF0YSI6eyJ0YWJsZXQiOnt9LCJtb2JpbGUiOnt9fX0=\" mobile_bg_img_hidden=\"no\" tablet_bg_img_hidden=\"no\" woodmart_parallax=\"0\" woodmart_gradient_switch=\"no\" woodmart_box_shadow=\"no\" wd_z_index=\"no\" woodmart_disable_overflow=\"0\" row_reverse_mobile=\"1\" row_reverse_tablet=\"0\"][vc_column width=\"1\/2\" css=\".vc_custom_1759224071130{margin-top: -30px !important;border-right-width: 1px !important;background-image: url(https:\/\/www.masderma.es\/distribuidora\/wp-content\/uploads\/2025\/09\/logo-agua2.png?id=9956) !important;background-position: center !important;background-repeat: no-repeat !important;background-size: contain !important;border-right-style: solid !important;border-color: #C2C2C2 !important;}\" woodmart_css_id=\"68dba0fd7b727\" parallax_scroll=\"no\" woodmart_sticky_column=\"false\" wd_collapsible_content_switcher=\"no\" wd_column_role_offcanvas_desktop=\"no\" wd_column_role_offcanvas_tablet=\"no\" wd_column_role_offcanvas_mobile=\"no\" wd_column_role_content_desktop=\"no\" wd_column_role_content_tablet=\"no\" wd_column_role_content_mobile=\"no\" mobile_bg_img_hidden=\"no\" tablet_bg_img_hidden=\"no\" woodmart_parallax=\"0\" woodmart_box_shadow=\"no\" responsive_spacing=\"eyJwYXJhbV90eXBlIjoid29vZG1hcnRfcmVzcG9uc2l2ZV9zcGFjaW5nIiwic2VsZWN0b3JfaWQiOiI2OGRiYTBmZDdiNzI3Iiwic2hvcnRjb2RlIjoidmNfY29sdW1uIiwiZGF0YSI6eyJ0YWJsZXQiOnt9LCJtb2JpbGUiOnsibWFyZ2luLXRvcCI6Ii1weCIsImJvcmRlci1yaWdodC13aWR0aCI6IjBweCIsInBhZGRpbmctdG9wIjoiMHB4In19fQ==\" mobile_reset_margin=\"no\" tablet_reset_margin=\"no\" wd_z_index=\"no\"][vc_column_text css=\"\" woodmart_inline=\"no\" text_larger=\"no\"][\/vc_column_text][\/vc_column][vc_column width=\"1\/2\" css=\".vc_custom_1759224201661{background-image: url(https:\/\/www.masderma.es\/distribuidora\/wp-content\/uploads\/2025\/09\/logo-agua2.png?id=9956) !important;background-position: center !important;background-repeat: no-repeat !important;background-size: contain !important;}\" woodmart_css_id=\"68dba17dea959\" parallax_scroll=\"no\" woodmart_sticky_column=\"false\" wd_collapsible_content_switcher=\"no\" wd_column_role_offcanvas_desktop=\"no\" wd_column_role_offcanvas_tablet=\"no\" wd_column_role_offcanvas_mobile=\"no\" wd_column_role_content_desktop=\"no\" wd_column_role_content_tablet=\"no\" wd_column_role_content_mobile=\"no\" mobile_bg_img_hidden=\"no\" tablet_bg_img_hidden=\"no\" woodmart_parallax=\"0\" woodmart_box_shadow=\"no\" responsive_spacing=\"eyJwYXJhbV90eXBlIjoid29vZG1hcnRfcmVzcG9uc2l2ZV9zcGFjaW5nIiwic2VsZWN0b3JfaWQiOiI2OGRiYTE3ZGVhOTU5Iiwic2hvcnRjb2RlIjoidmNfY29sdW1uIiwiZGF0YSI6eyJ0YWJsZXQiOnt9LCJtb2JpbGUiOnsibWFyZ2luLXRvcCI6Ii00MHB4In19fQ==\" mobile_reset_margin=\"no\" tablet_reset_margin=\"no\" wd_z_index=\"no\"][vc_column_text css=\"\" woodmart_inline=\"no\" text_larger=\"no\"]<\/p>\n<p style=\"text-align: justify;\"><span dir=\"auto\">Gancho de acero patentado para fijar las pesta\u00f1as a la silicona y promover su curvatura durante la laminaci\u00f3n. Su punta acanalada ayuda a separar y peinar las pesta\u00f1as, permitiendo resultados precisos, limpios y profesionales. El agarre de este gancho especial facilita su uso incluso para zurdos. Patentado y fabricado en acero.<\/span><\/p>\n<p style=\"text-align: justify;\"><strong><span dir=\"auto\">Cualquiera que falsifique el dise\u00f1o ser\u00e1 procesado. <\/span><\/strong><strong><span dir=\"auto\">El ganchillo \"GENIE\" ha sido patentado por Kalentin. La patente se present\u00f3 el 4 de febrero de 2019.<\/span><\/strong><\/p>\n<p>[\/vc_column_text][\/vc_column][\/vc_row]<\/p>\n<\/div>","protected":false},"excerpt":{"rendered":"<p style=\"text-align: justify;\"><strong>Aguja de crochet para laminar pesta\u00f1as - <span dir=\"auto\">GENIE<\/span> - SX<\/strong><\/p>\n<p><span dir=\"auto\">Para zurdos\u00a0<\/span><\/p>\n<p><span dir=\"auto\">Dise\u00f1amos y patentamos el \"Genie\" con intrincados surcos que levantan las pesta\u00f1as con precisi\u00f3n y de forma recta. Adem\u00e1s, alargamos la punta para levantar m\u00e1s pesta\u00f1as y agilizar el tratamiento.<\/span><\/p>\n<p><span dir=\"auto\">\u00a1No podr\u00e1s prescindir de nuestro \"GENIE\"!<\/span><\/p>\n","protected":false},"featured_media":10230,"template":"","meta":{"_joinchat":[]},"product_brand":[],"product_cat":[107],"product_tag":[],"class_list":{"0":"post-10295","1":"product","2":"type-product","3":"status-publish","4":"has-post-thumbnail","6":"product_cat-lifting-pestanas","8":"first","9":"instock","10":"taxable","11":"shipping-taxable","12":"purchasable","13":"product-type-simple"},"_links":{"self":[{"href":"https:\/\/www.masderma.es\/distribuidora\/wp-json\/wp\/v2\/product\/10295","targetHints":{"allow":["GET"]}}],"collection":[{"href":"https:\/\/www.masderma.es\/distribuidora\/wp-json\/wp\/v2\/product"}],"about":[{"href":"https:\/\/www.masderma.es\/distribuidora\/wp-json\/wp\/v2\/types\/product"}],"wp:featuredmedia":[{"embeddable":true,"href":"https:\/\/www.masderma.es\/distribuidora\/wp-json\/wp\/v2\/media\/10230"}],"wp:attachment":[{"href":"https:\/\/www.masderma.es\/distribuidora\/wp-json\/wp\/v2\/media?parent=10295"}],"wp:term":[{"taxonomy":"product_brand","embeddable":true,"href":"https:\/\/www.masderma.es\/distribuidora\/wp-json\/wp\/v2\/product_brand?post=10295"},{"taxonomy":"product_cat","embeddable":true,"href":"https:\/\/www.masderma.es\/distribuidora\/wp-json\/wp\/v2\/product_cat?post=10295"},{"taxonomy":"product_tag","embeddable":true,"href":"https:\/\/www.masderma.es\/distribuidora\/wp-json\/wp\/v2\/product_tag?post=10295"}],"curies":[{"name":"wp","href":"https:\/\/api.w.org\/{rel}","templated":true}]}}