{"id":10296,"date":"2025-10-14T18:55:32","date_gmt":"2025-10-14T16:55:32","guid":{"rendered":"https:\/\/www.masderma.es\/distribuidora\/?post_type=product&#038;p=10296"},"modified":"2025-10-14T20:07:00","modified_gmt":"2025-10-14T18:07:00","slug":"espuma-limpiadora-vegana-para-pestanas-y-cejas","status":"publish","type":"product","link":"https:\/\/www.masderma.es\/distribuidora\/producto\/espuma-limpiadora-vegana-para-pestanas-y-cejas\/","title":{"rendered":"Espuma limpiadora vegana para pesta\u00f1as y cejas"},"content":{"rendered":"<div class=\"wpb-content-wrapper\"><p>[vc_row gap=\"20\" equal_height=\"yes\" responsive_tabs_advanced=\"mobile\" woodmart_css_id=\"68dba060afdbf\" responsive_spacing=\"eyJwYXJhbV90eXBlIjoid29vZG1hcnRfcmVzcG9uc2l2ZV9zcGFjaW5nIiwic2VsZWN0b3JfaWQiOiI2OGRiYTA2MGFmZGJmIiwic2hvcnRjb2RlIjoidmNfcm93IiwiZGF0YSI6eyJ0YWJsZXQiOnt9LCJtb2JpbGUiOnt9fX0=\" mobile_bg_img_hidden=\"no\" tablet_bg_img_hidden=\"no\" woodmart_parallax=\"0\" woodmart_gradient_switch=\"no\" woodmart_box_shadow=\"no\" wd_z_index=\"no\" woodmart_disable_overflow=\"0\" row_reverse_mobile=\"1\" row_reverse_tablet=\"0\"][vc_column width=\"1\/2\" css=\".vc_custom_1759224071130{margin-top: -30px !important;border-right-width: 1px !important;background-image: url(https:\/\/www.masderma.es\/distribuidora\/wp-content\/uploads\/2025\/09\/logo-agua2.png?id=9956) !important;background-position: center !important;background-repeat: no-repeat !important;background-size: contain !important;border-right-style: solid !important;border-color: #C2C2C2 !important;}\" woodmart_css_id=\"68dba0fd7b727\" parallax_scroll=\"no\" woodmart_sticky_column=\"false\" wd_collapsible_content_switcher=\"no\" wd_column_role_offcanvas_desktop=\"no\" wd_column_role_offcanvas_tablet=\"no\" wd_column_role_offcanvas_mobile=\"no\" wd_column_role_content_desktop=\"no\" wd_column_role_content_tablet=\"no\" wd_column_role_content_mobile=\"no\" mobile_bg_img_hidden=\"no\" tablet_bg_img_hidden=\"no\" woodmart_parallax=\"0\" woodmart_box_shadow=\"no\" responsive_spacing=\"eyJwYXJhbV90eXBlIjoid29vZG1hcnRfcmVzcG9uc2l2ZV9zcGFjaW5nIiwic2VsZWN0b3JfaWQiOiI2OGRiYTBmZDdiNzI3Iiwic2hvcnRjb2RlIjoidmNfY29sdW1uIiwiZGF0YSI6eyJ0YWJsZXQiOnt9LCJtb2JpbGUiOnsibWFyZ2luLXRvcCI6Ii1weCIsImJvcmRlci1yaWdodC13aWR0aCI6IjBweCIsInBhZGRpbmctdG9wIjoiMHB4In19fQ==\" mobile_reset_margin=\"no\" tablet_reset_margin=\"no\" wd_z_index=\"no\"][vc_column_text css=\"\" woodmart_inline=\"no\" text_larger=\"no\"]<\/p>\n<p style=\"text-align: justify;\"><strong>INCI:<\/strong> Aqua (Agua), Cocamidopropil Beta\u00edna, Lauril \u00c9ter Sulfosuccinato Dis\u00f3dico, Coco-Gluc\u00f3sido, Glicerina, Pantenol, Jugo de Hoja de Aloe Barbadensis, \u00c9steres de Gliceret-8 de Aceite de Almendras, Cocoanfodiacetato Dis\u00f3dico, Cocoato de Glicerilo PEG-7, Polisorbato 20, Parfum (Fragancia), \u00c1cido C\u00edtrico, EDTA Tetras\u00f3dico, Benzoato de Sodio, Aceite de Ricino Hidrogenado PEG 40, Fenoxietanol, Clorfenesina, Decilenglicol.<\/p>\n<p style=\"text-align: justify;\"><strong><span dir=\"auto\">INSTRUCCIONES DE USO<\/span><\/strong><\/p>\n<p style=\"text-align: justify;\"><span dir=\"auto\">Usa una peque\u00f1a cantidad de espuma y apl\u00edcala en las pesta\u00f1as y cejas con movimientos circulares usando el cepillo incluido. Enjuaga el cepillo con agua tibia hasta eliminar toda la espuma, cepillando las pesta\u00f1as y las cejas.<\/span><\/p>\n<p>[\/vc_column_text][\/vc_column][vc_column width=\"1\/2\" css=\".vc_custom_1759224201661{background-image: url(https:\/\/www.masderma.es\/distribuidora\/wp-content\/uploads\/2025\/09\/logo-agua2.png?id=9956) !important;background-position: center !important;background-repeat: no-repeat !important;background-size: contain !important;}\" woodmart_css_id=\"68dba17dea959\" parallax_scroll=\"no\" woodmart_sticky_column=\"false\" wd_collapsible_content_switcher=\"no\" wd_column_role_offcanvas_desktop=\"no\" wd_column_role_offcanvas_tablet=\"no\" wd_column_role_offcanvas_mobile=\"no\" wd_column_role_content_desktop=\"no\" wd_column_role_content_tablet=\"no\" wd_column_role_content_mobile=\"no\" mobile_bg_img_hidden=\"no\" tablet_bg_img_hidden=\"no\" woodmart_parallax=\"0\" woodmart_box_shadow=\"no\" responsive_spacing=\"eyJwYXJhbV90eXBlIjoid29vZG1hcnRfcmVzcG9uc2l2ZV9zcGFjaW5nIiwic2VsZWN0b3JfaWQiOiI2OGRiYTE3ZGVhOTU5Iiwic2hvcnRjb2RlIjoidmNfY29sdW1uIiwiZGF0YSI6eyJ0YWJsZXQiOnt9LCJtb2JpbGUiOnsibWFyZ2luLXRvcCI6Ii00MHB4In19fQ==\" mobile_reset_margin=\"no\" tablet_reset_margin=\"no\" wd_z_index=\"no\"][vc_column_text css=\"\" woodmart_inline=\"no\" text_larger=\"no\"]<\/p>\n<p style=\"text-align: justify;\"><span dir=\"auto\">Ingredientes activos contenidos:<\/span><\/p>\n<ul style=\"text-align: justify;\">\n<li><strong><i class=\"fa fa-circle\"><\/i>\u00a0<span dir=\"auto\">Pantenol<\/span><\/strong><span dir=\"auto\">\u00a0(hidratante y calmante)<\/span><\/li>\n<li><strong><i class=\"fa fa-circle\"><\/i>\u00a0<span dir=\"auto\">Jugo de Aloe<\/span><\/strong><span dir=\"auto\">\u00a0(hidratante y refrescante)<\/span><\/li>\n<li><strong><i class=\"fa fa-circle\"><\/i>\u00a0<span dir=\"auto\">Aceite de almendras<\/span><\/strong><span dir=\"auto\">\u00a0(hidratante y emoliente)<\/span><\/li>\n<\/ul>\n<p style=\"text-align: justify;\"><span dir=\"auto\">Espuma limpiadora para pesta\u00f1as y cejas, dise\u00f1ada para quienes desean una limpieza en profundidad combinada con una acci\u00f3n hidratante.<\/span><\/p>\n<p style=\"text-align: justify;\"><span dir=\"auto\">Gracias a sus ingredientes activos, como pantenol, jugo de aloe y aceite de almendras, las pesta\u00f1as y cejas no solo quedar\u00e1n profundamente limpias, sino visiblemente m\u00e1s hidratadas y nutridas. Este tratamiento va m\u00e1s all\u00e1 de una simple limpieza: las pesta\u00f1as y cejas lucir\u00e1n frescas, revitalizadas y con un brillo natural, como reci\u00e9n regeneradas.<\/span><\/p>\n<p style=\"text-align: justify;\"><span dir=\"auto\">Nuestra f\u00f3rmula en espuma suave pero efectiva est\u00e1 probada oftalmol\u00f3gicamente para garantizar la m\u00e1xima seguridad, respetando el pH natural tanto del interior como del exterior del ojo.<\/span><\/p>\n<p style=\"text-align: justify;\"><span dir=\"auto\">Ideal para\u00a0\u00a0<\/span><span dir=\"auto\">el uso diario<\/span><span dir=\"auto\">\u00a0, nuestra espuma ofrece una soluci\u00f3n segura y confiable para mantener una apariencia impecable y saludable, haci\u00e9ndola perfecta para cualquier persona que quiera mimar sus pesta\u00f1as y cejas con un tratamiento de alta calidad.<\/span><\/p>\n<p>[\/vc_column_text][\/vc_column][\/vc_row]<\/p>\n<\/div>","protected":false},"excerpt":{"rendered":"<p style=\"text-align: justify;\"><strong>Espuma limpiadora vegana para pesta\u00f1as y cejas<\/strong><\/p>\n<p style=\"text-align: justify;\">Espuma limpiadora para pesta\u00f1as y cejas, dise\u00f1ada para quienes desean una limpieza en profundidad combinada con una acci\u00f3n hidratante.<\/p>\n<p style=\"text-align: justify;\"><strong>Tama\u00f1o:<\/strong> 50 ml.<\/p>\n","protected":false},"featured_media":10253,"template":"","meta":{"_joinchat":[]},"product_brand":[],"product_cat":[107],"product_tag":[],"class_list":{"0":"post-10296","1":"product","2":"type-product","3":"status-publish","4":"has-post-thumbnail","6":"product_cat-lifting-pestanas","8":"first","9":"instock","10":"taxable","11":"shipping-taxable","12":"purchasable","13":"product-type-simple"},"_links":{"self":[{"href":"https:\/\/www.masderma.es\/distribuidora\/wp-json\/wp\/v2\/product\/10296","targetHints":{"allow":["GET"]}}],"collection":[{"href":"https:\/\/www.masderma.es\/distribuidora\/wp-json\/wp\/v2\/product"}],"about":[{"href":"https:\/\/www.masderma.es\/distribuidora\/wp-json\/wp\/v2\/types\/product"}],"wp:featuredmedia":[{"embeddable":true,"href":"https:\/\/www.masderma.es\/distribuidora\/wp-json\/wp\/v2\/media\/10253"}],"wp:attachment":[{"href":"https:\/\/www.masderma.es\/distribuidora\/wp-json\/wp\/v2\/media?parent=10296"}],"wp:term":[{"taxonomy":"product_brand","embeddable":true,"href":"https:\/\/www.masderma.es\/distribuidora\/wp-json\/wp\/v2\/product_brand?post=10296"},{"taxonomy":"product_cat","embeddable":true,"href":"https:\/\/www.masderma.es\/distribuidora\/wp-json\/wp\/v2\/product_cat?post=10296"},{"taxonomy":"product_tag","embeddable":true,"href":"https:\/\/www.masderma.es\/distribuidora\/wp-json\/wp\/v2\/product_tag?post=10296"}],"curies":[{"name":"wp","href":"https:\/\/api.w.org\/{rel}","templated":true}]}}