{"id":10299,"date":"2025-10-14T19:02:55","date_gmt":"2025-10-14T17:02:55","guid":{"rendered":"https:\/\/www.masderma.es\/distribuidora\/?post_type=product&#038;p=10299"},"modified":"2025-10-14T20:06:04","modified_gmt":"2025-10-14T18:06:04","slug":"suero-hidratante-vegano-laminacion-de-pestanas","status":"publish","type":"product","link":"https:\/\/www.masderma.es\/distribuidora\/producto\/suero-hidratante-vegano-laminacion-de-pestanas\/","title":{"rendered":"Suero Hidratante vegano (laminaci\u00f3n de pesta\u00f1as)"},"content":{"rendered":"<div class=\"wpb-content-wrapper\"><p>[vc_row gap=\"20\" equal_height=\"yes\" responsive_tabs_advanced=\"mobile\" woodmart_css_id=\"68dba060afdbf\" responsive_spacing=\"eyJwYXJhbV90eXBlIjoid29vZG1hcnRfcmVzcG9uc2l2ZV9zcGFjaW5nIiwic2VsZWN0b3JfaWQiOiI2OGRiYTA2MGFmZGJmIiwic2hvcnRjb2RlIjoidmNfcm93IiwiZGF0YSI6eyJ0YWJsZXQiOnt9LCJtb2JpbGUiOnt9fX0=\" mobile_bg_img_hidden=\"no\" tablet_bg_img_hidden=\"no\" woodmart_parallax=\"0\" woodmart_gradient_switch=\"no\" woodmart_box_shadow=\"no\" wd_z_index=\"no\" woodmart_disable_overflow=\"0\" row_reverse_mobile=\"1\" row_reverse_tablet=\"0\"][vc_column width=\"1\/2\" css=\".vc_custom_1759224071130{margin-top: -30px !important;border-right-width: 1px !important;background-image: url(https:\/\/www.masderma.es\/distribuidora\/wp-content\/uploads\/2025\/09\/logo-agua2.png?id=9956) !important;background-position: center !important;background-repeat: no-repeat !important;background-size: contain !important;border-right-style: solid !important;border-color: #C2C2C2 !important;}\" woodmart_css_id=\"68dba0fd7b727\" parallax_scroll=\"no\" woodmart_sticky_column=\"false\" wd_collapsible_content_switcher=\"no\" wd_column_role_offcanvas_desktop=\"no\" wd_column_role_offcanvas_tablet=\"no\" wd_column_role_offcanvas_mobile=\"no\" wd_column_role_content_desktop=\"no\" wd_column_role_content_tablet=\"no\" wd_column_role_content_mobile=\"no\" mobile_bg_img_hidden=\"no\" tablet_bg_img_hidden=\"no\" woodmart_parallax=\"0\" woodmart_box_shadow=\"no\" responsive_spacing=\"eyJwYXJhbV90eXBlIjoid29vZG1hcnRfcmVzcG9uc2l2ZV9zcGFjaW5nIiwic2VsZWN0b3JfaWQiOiI2OGRiYTBmZDdiNzI3Iiwic2hvcnRjb2RlIjoidmNfY29sdW1uIiwiZGF0YSI6eyJ0YWJsZXQiOnt9LCJtb2JpbGUiOnsibWFyZ2luLXRvcCI6Ii1weCIsImJvcmRlci1yaWdodC13aWR0aCI6IjBweCIsInBhZGRpbmctdG9wIjoiMHB4In19fQ==\" mobile_reset_margin=\"no\" tablet_reset_margin=\"no\" wd_z_index=\"no\"][vc_column_text css=\"\" woodmart_inline=\"no\" text_larger=\"no\"]<\/p>\n<p style=\"text-align: justify;\"><strong>INCI:<\/strong> Aqua (Agua), Pantenol, Metilpropanodiol, Propilenglicol, Hialuronato de Sodio, PCA de Sodio, Prote\u00edna de Ma\u00edz Hidrolizada, Prote\u00edna de Trigo Hidrolizada, Prote\u00edna de Soja Hidrolizada, Trehalosa, Glicerina, PPG-26-Buteth-26, Aceite de Ricino Hidrogenado PEG-40, EDTA Dis\u00f3dico, Benzoato de Sodio, \u00c1cido C\u00edtrico, Fenoxietanol, Clorfenesina, Decilenglicol, Parfum (Fragancia).<\/p>\n<p style=\"text-align: justify;\"><em>* (Prote\u00edna de ma\u00edz hidrolizada, prote\u00edna de trigo hidrolizada, prote\u00edna de soja hidrolizada) = AC Plant Keratin PF *<\/em><\/p>\n<p>\u00a0[\/vc_column_text][\/vc_column][vc_column width=\"1\/2\" css=\".vc_custom_1759224201661{background-image: url(https:\/\/www.masderma.es\/distribuidora\/wp-content\/uploads\/2025\/09\/logo-agua2.png?id=9956) !important;background-position: center !important;background-repeat: no-repeat !important;background-size: contain !important;}\" woodmart_css_id=\"68dba17dea959\" parallax_scroll=\"no\" woodmart_sticky_column=\"false\" wd_collapsible_content_switcher=\"no\" wd_column_role_offcanvas_desktop=\"no\" wd_column_role_offcanvas_tablet=\"no\" wd_column_role_offcanvas_mobile=\"no\" wd_column_role_content_desktop=\"no\" wd_column_role_content_tablet=\"no\" wd_column_role_content_mobile=\"no\" mobile_bg_img_hidden=\"no\" tablet_bg_img_hidden=\"no\" woodmart_parallax=\"0\" woodmart_box_shadow=\"no\" responsive_spacing=\"eyJwYXJhbV90eXBlIjoid29vZG1hcnRfcmVzcG9uc2l2ZV9zcGFjaW5nIiwic2VsZWN0b3JfaWQiOiI2OGRiYTE3ZGVhOTU5Iiwic2hvcnRjb2RlIjoidmNfY29sdW1uIiwiZGF0YSI6eyJ0YWJsZXQiOnt9LCJtb2JpbGUiOnsibWFyZ2luLXRvcCI6Ii00MHB4In19fQ==\" mobile_reset_margin=\"no\" tablet_reset_margin=\"no\" wd_z_index=\"no\"][vc_column_text css=\"\" woodmart_inline=\"no\" text_larger=\"no\"]<\/p>\n<p style=\"text-align: justify;\"><strong><span dir=\"auto\">\u00bfCu\u00e1ntas aplicaciones se hacen con un SERUM HIDRATANTE VEGANO?<\/span><\/strong><\/p>\n<p style=\"text-align: justify;\"><span dir=\"auto\">30 APLICACIONES laminaci\u00f3n de pesta\u00f1as.<\/span><\/p>\n<div>\n<p style=\"text-align: justify;\"><i class=\"fa fa-exclamation\"><\/i><strong><span dir=\"auto\">TIEMPOS DE EXPOSICI\u00d3N<\/span><\/strong><\/p>\n<p style=\"text-align: justify;\"><span dir=\"auto\">Producto 2.\u00a0<\/span><span dir=\"auto\">B\u00e1lsamo vegano QUICK LIFTING<\/span><span dir=\"auto\">\u00a0:\u00a0<\/span><strong><span dir=\"auto\">10-12 minutos<\/span><\/strong><span dir=\"auto\">\u00a0para pesta\u00f1as finas.\u00a0<\/span><strong><span dir=\"auto\">13-15 minutos<\/span><\/strong><span dir=\"auto\">\u00a0para pesta\u00f1as normales o fuertes.<\/span><\/p>\n<p style=\"text-align: justify;\"><span dir=\"auto\">Producto 3.\u00a0<\/span><span dir=\"auto\">Vegan Volume Fixer<\/span><span dir=\"auto\">\u00a0:\u00a0\u00a0<\/span><strong><span dir=\"auto\">La mitad del tiempo<\/span><\/strong><span dir=\"auto\">\u00a0utilizado para el b\u00e1lsamo vegano Quick Lifting Balm<\/span><\/p>\n<p style=\"text-align: justify;\"><span dir=\"auto\">Producto 4.\u00a0<\/span><span dir=\"auto\">Suero hidratante vegano<\/span><span dir=\"auto\">\u00a0: al menos\u00a0<\/span><strong><span dir=\"auto\">3 minutos<\/span><\/strong><\/p>\n<p style=\"text-align: justify;\">*<span dir=\"auto\">Respecto a la posibilidad de utilizar el producto en\u00a0<\/span><strong><span dir=\"auto\">mujeres embarazadas,<\/span><\/strong><span dir=\"auto\">\u00a0\u00a0aunque podemos estar razonablemente seguros de que el tratamiento de pesta\u00f1as o cejas no supone ning\u00fan riesgo ni durante el embarazo ni durante la lactancia, como medida de precauci\u00f3n recomendamos siempre consultar a un m\u00e9dico o abstenerse del tratamiento durante este periodo.<\/span><\/p>\n<p style=\"text-align: justify;\"><strong><span dir=\"auto\">ADVERTENCIAS<\/span><\/strong><\/p>\n<p style=\"text-align: justify;\"><span dir=\"auto\">Es ABSOLUTAMENTE NECESARIO hacer una\u00a0<\/span><strong><span dir=\"auto\">prueba de parche<\/span><\/strong><span dir=\"auto\"> en el cliente \u00a0antes de realizar el tratamiento.<\/span><\/p>\n<\/div>\n<p>[\/vc_column_text][\/vc_column][\/vc_row]<\/p>\n<\/div>","protected":false},"excerpt":{"rendered":"<p style=\"text-align: justify;\"><strong>Suero Hidratante vegano (laminaci\u00f3n de pesta\u00f1as)<\/strong><\/p>\n<p style=\"text-align: justify;\">El SERUM HIDRATANTE VEGANO es el cuarto y \u00faltimo paso del procedimiento de laminaci\u00f3n de pesta\u00f1as. Es un producto de doble acci\u00f3n. Se utiliza para eliminar los residuos de pegamento de las pesta\u00f1as naturales y de la piel. El \u00e1cido hialur\u00f3nico, el pantenol y la queratina tambi\u00e9n dan volumen, nutren y regeneran las pesta\u00f1as.<\/p>\n<p style=\"text-align: justify;\"><strong>Tama\u00f1o:<\/strong> 15 ml.<\/p>\n","protected":false},"featured_media":10275,"template":"","meta":{"_joinchat":[]},"product_brand":[],"product_cat":[107],"product_tag":[],"class_list":{"0":"post-10299","1":"product","2":"type-product","3":"status-publish","4":"has-post-thumbnail","6":"product_cat-lifting-pestanas","8":"first","9":"instock","10":"taxable","11":"shipping-taxable","12":"purchasable","13":"product-type-simple"},"_links":{"self":[{"href":"https:\/\/www.masderma.es\/distribuidora\/wp-json\/wp\/v2\/product\/10299","targetHints":{"allow":["GET"]}}],"collection":[{"href":"https:\/\/www.masderma.es\/distribuidora\/wp-json\/wp\/v2\/product"}],"about":[{"href":"https:\/\/www.masderma.es\/distribuidora\/wp-json\/wp\/v2\/types\/product"}],"wp:featuredmedia":[{"embeddable":true,"href":"https:\/\/www.masderma.es\/distribuidora\/wp-json\/wp\/v2\/media\/10275"}],"wp:attachment":[{"href":"https:\/\/www.masderma.es\/distribuidora\/wp-json\/wp\/v2\/media?parent=10299"}],"wp:term":[{"taxonomy":"product_brand","embeddable":true,"href":"https:\/\/www.masderma.es\/distribuidora\/wp-json\/wp\/v2\/product_brand?post=10299"},{"taxonomy":"product_cat","embeddable":true,"href":"https:\/\/www.masderma.es\/distribuidora\/wp-json\/wp\/v2\/product_cat?post=10299"},{"taxonomy":"product_tag","embeddable":true,"href":"https:\/\/www.masderma.es\/distribuidora\/wp-json\/wp\/v2\/product_tag?post=10299"}],"curies":[{"name":"wp","href":"https:\/\/api.w.org\/{rel}","templated":true}]}}