{"id":10302,"date":"2025-10-14T19:17:48","date_gmt":"2025-10-14T17:17:48","guid":{"rendered":"https:\/\/www.masderma.es\/distribuidora\/?post_type=product&#038;p=10302"},"modified":"2025-10-14T20:05:11","modified_gmt":"2025-10-14T18:05:11","slug":"kit-con-laminacion-tinte-de-pestanas-genie","status":"publish","type":"product","link":"https:\/\/www.masderma.es\/distribuidora\/producto\/kit-con-laminacion-tinte-de-pestanas-genie\/","title":{"rendered":"Kit con laminaci\u00f3n - tinte de pesta\u00f1as Genie"},"content":{"rendered":"<div class=\"wpb-content-wrapper\"><p>[vc_row gap=\"20\" equal_height=\"yes\" responsive_tabs_advanced=\"mobile\" woodmart_css_id=\"68dba060afdbf\" responsive_spacing=\"eyJwYXJhbV90eXBlIjoid29vZG1hcnRfcmVzcG9uc2l2ZV9zcGFjaW5nIiwic2VsZWN0b3JfaWQiOiI2OGRiYTA2MGFmZGJmIiwic2hvcnRjb2RlIjoidmNfcm93IiwiZGF0YSI6eyJ0YWJsZXQiOnt9LCJtb2JpbGUiOnt9fX0=\" mobile_bg_img_hidden=\"no\" tablet_bg_img_hidden=\"no\" woodmart_parallax=\"0\" woodmart_gradient_switch=\"no\" woodmart_box_shadow=\"no\" wd_z_index=\"no\" woodmart_disable_overflow=\"0\" row_reverse_mobile=\"1\" row_reverse_tablet=\"0\"][vc_column width=\"1\/2\" css=\".vc_custom_1759224071130{margin-top: -30px !important;border-right-width: 1px !important;background-image: url(https:\/\/www.masderma.es\/distribuidora\/wp-content\/uploads\/2025\/09\/logo-agua2.png?id=9956) !important;background-position: center !important;background-repeat: no-repeat !important;background-size: contain !important;border-right-style: solid !important;border-color: #C2C2C2 !important;}\" woodmart_css_id=\"68dba0fd7b727\" parallax_scroll=\"no\" woodmart_sticky_column=\"false\" wd_collapsible_content_switcher=\"no\" wd_column_role_offcanvas_desktop=\"no\" wd_column_role_offcanvas_tablet=\"no\" wd_column_role_offcanvas_mobile=\"no\" wd_column_role_content_desktop=\"no\" wd_column_role_content_tablet=\"no\" wd_column_role_content_mobile=\"no\" mobile_bg_img_hidden=\"no\" tablet_bg_img_hidden=\"no\" woodmart_parallax=\"0\" woodmart_box_shadow=\"no\" responsive_spacing=\"eyJwYXJhbV90eXBlIjoid29vZG1hcnRfcmVzcG9uc2l2ZV9zcGFjaW5nIiwic2VsZWN0b3JfaWQiOiI2OGRiYTBmZDdiNzI3Iiwic2hvcnRjb2RlIjoidmNfY29sdW1uIiwiZGF0YSI6eyJ0YWJsZXQiOnt9LCJtb2JpbGUiOnsibWFyZ2luLXRvcCI6Ii1weCIsImJvcmRlci1yaWdodC13aWR0aCI6IjBweCIsInBhZGRpbmctdG9wIjoiMHB4In19fQ==\" mobile_reset_margin=\"no\" tablet_reset_margin=\"no\" wd_z_index=\"no\"][vc_column_text css=\"\" woodmart_inline=\"no\" text_larger=\"no\"]<\/p>\n<p style=\"text-align: justify;\"><strong><span dir=\"auto\">\u00bfCu\u00e1ntas aplicaciones se pueden realizar con el KIT?<\/span><\/strong><\/p>\n<p style=\"text-align: justify;\"><span dir=\"auto\">30 APLICACIONES laminaci\u00f3n de pesta\u00f1as<\/span><\/p>\n<div style=\"text-align: justify;\">\n<p><i class=\"fa fa-exclamation\"><\/i><strong><span dir=\"auto\">TIEMPOS DE EXPOSICI\u00d3N<\/span><\/strong><\/p>\n<p><span dir=\"auto\">Producto 2.\u00a0<\/span><span dir=\"auto\">B\u00e1lsamo Lifting AIRLESS<\/span><span dir=\"auto\">\u00a0:\u00a0<\/span><strong><span dir=\"auto\">10-12 minutos<\/span><\/strong><span dir=\"auto\">\u00a0para pesta\u00f1as finas.\u00a0<\/span><strong><span dir=\"auto\">13-15 minutos<\/span><\/strong><span dir=\"auto\">\u00a0para pesta\u00f1as normales o fuertes.<\/span><\/p>\n<p><span dir=\"auto\">Producto 3.\u00a0<\/span><span dir=\"auto\">Volume Fixer AIRLESS<\/span><span dir=\"auto\">\u00a0:\u00a0\u00a0<\/span><strong><span dir=\"auto\">la mitad del tiempo<\/span><\/strong><span dir=\"auto\">\u00a0utilizado para el Lifting Balm<\/span><\/p>\n<p><span dir=\"auto\">Producto 4.\u00a0<\/span><span dir=\"auto\">Serum Hidratante AIRLESS<\/span><span dir=\"auto\">\u00a0: al menos\u00a0<\/span><strong><span dir=\"auto\">3 minutos<\/span><\/strong><\/p>\n<p><span dir=\"auto\">Respecto a la posibilidad de utilizar el producto en\u00a0<\/span><span dir=\"auto\">mujeres embarazadas,<\/span><span dir=\"auto\">\u00a0\u00a0aunque podemos estar razonablemente seguros de que el tratamiento de pesta\u00f1as o cejas no supone ning\u00fan riesgo ni durante el embarazo ni durante la lactancia, como medida de precauci\u00f3n recomendamos siempre consultar a un m\u00e9dico o abstenerse del tratamiento durante este periodo.<\/span><\/p>\n<\/div>\n<p style=\"text-align: justify;\"><strong>INCI:<\/strong> Aqua (Agua), Cocamidopropil Beta\u00edna, Lauril \u00c9ter Sulfosuccinato Dis\u00f3dico, Coco-Gluc\u00f3sido, Glicerina, Pantenol, Jugo de Hoja de Aloe Barbadensis, \u00c9steres de Gliceret-8 de Aceite de Almendras, Cocoanfodiacetato Dis\u00f3dico, Cocoato de Glicerilo PEG-7, Polisorbato 20, Parfum (Fragancia), \u00c1cido C\u00edtrico, EDTA Tetras\u00f3dico, Benzoato de Sodio, Aceite de Ricino Hidrogenado PEG 40, Fenoxietanol, Clorfenesina, Decilenglicol.<\/p>\n<p style=\"text-align: justify;\"><strong><span dir=\"auto\">INSTRUCCIONES DE USO<\/span><\/strong><\/p>\n<p style=\"text-align: justify;\"><span dir=\"auto\">Usa una peque\u00f1a cantidad de espuma y apl\u00edcala en las pesta\u00f1as y cejas con movimientos circulares usando el cepillo incluido. Enjuaga el cepillo con agua tibia hasta eliminar toda la espuma, cepillando las pesta\u00f1as y las cejas.<\/span><\/p>\n<p style=\"text-align: justify;\"><strong><span dir=\"auto\">ADVERTENCIAS<\/span><\/strong><\/p>\n<p style=\"text-align: justify;\"><span dir=\"auto\">Es ABSOLUTAMENTE NECESARIO realizar una\u00a0<\/span><strong><span dir=\"auto\">prueba de parche<\/span><\/strong><span dir=\"auto\">\u00a0\u00a0en el cliente de todos los productos contenidos en el kit\u00a0 antes de realizar el tratamiento.<\/span><\/p>\n<p>[\/vc_column_text][\/vc_column][vc_column width=\"1\/2\" css=\".vc_custom_1759224201661{background-image: url(https:\/\/www.masderma.es\/distribuidora\/wp-content\/uploads\/2025\/09\/logo-agua2.png?id=9956) !important;background-position: center !important;background-repeat: no-repeat !important;background-size: contain !important;}\" woodmart_css_id=\"68dba17dea959\" parallax_scroll=\"no\" woodmart_sticky_column=\"false\" wd_collapsible_content_switcher=\"no\" wd_column_role_offcanvas_desktop=\"no\" wd_column_role_offcanvas_tablet=\"no\" wd_column_role_offcanvas_mobile=\"no\" wd_column_role_content_desktop=\"no\" wd_column_role_content_tablet=\"no\" wd_column_role_content_mobile=\"no\" mobile_bg_img_hidden=\"no\" tablet_bg_img_hidden=\"no\" woodmart_parallax=\"0\" woodmart_box_shadow=\"no\" responsive_spacing=\"eyJwYXJhbV90eXBlIjoid29vZG1hcnRfcmVzcG9uc2l2ZV9zcGFjaW5nIiwic2VsZWN0b3JfaWQiOiI2OGRiYTE3ZGVhOTU5Iiwic2hvcnRjb2RlIjoidmNfY29sdW1uIiwiZGF0YSI6eyJ0YWJsZXQiOnt9LCJtb2JpbGUiOnsibWFyZ2luLXRvcCI6Ii00MHB4In19fQ==\" mobile_reset_margin=\"no\" tablet_reset_margin=\"no\" wd_z_index=\"no\"][vc_column_text css=\"\" woodmart_inline=\"no\" text_larger=\"no\"]<\/p>\n<h1 style=\"text-align: justify;\"><span dir=\"auto\">\u00bfQu\u00e9 contiene un kit?<\/span><\/h1>\n<ul style=\"text-align: justify;\">\n<li><span dir=\"auto\">1 Gel adhesivo express 10 ml (\u00a0<\/span><span dir=\"auto\">pegamento trabajable<\/span><span dir=\"auto\"> )<\/span><\/li>\n<li><span dir=\"auto\">1 Adhesivo Lemon Strength 5 ml (\u00a0<\/span><span dir=\"auto\">pegamento r\u00e1pido<\/span><span dir=\"auto\"> )<\/span><\/li>\n<li><span dir=\"auto\">1 B\u00e1lsamo Lifting Airless 15 ml<\/span><\/li>\n<li><span dir=\"auto\">1 Fijador de volumen Airless 15 ml<\/span><\/li>\n<li><span dir=\"auto\">1 Serum hidratante Airless 15 ml<\/span><\/li>\n<li><span dir=\"auto\">8 discos de silicona esterilizables y reutilizables, curva D (2 peque\u00f1os, 2 medianos, 2 grandes, 2 extra grandes)<\/span><\/li>\n<li><span dir=\"auto\">1 Aguja de crochet GENIE --&gt;\u00a0VIDEO\u00a0<\/span><\/li>\n<li><span dir=\"auto\">1 Mousse limpiadora de pesta\u00f1as 50 ml\u00a0<\/span><\/li>\n<li><span dir=\"auto\">1 Cepillo limpiador de pesta\u00f1as\u00a0<\/span><\/li>\n<li><span dir=\"auto\">1 Ox\u00edgeno tintante 30 ml\u00a0<\/span><\/li>\n<li><span dir=\"auto\">1 Tinte para pesta\u00f1as y cejas 30 ml (color NEGRO\/AZUL)\u00a0<\/span><\/li>\n<li><span dir=\"auto\">1 Caja de cosm\u00e9ticos.<\/span><\/li>\n<\/ul>\n<h3 style=\"text-align: justify;\"><strong><span dir=\"auto\">Adhesivo vegano Lemon Strength 5 ml (pegamento r\u00e1pido)\u00a0<\/span><\/strong><\/h3>\n<p style=\"text-align: justify;\"><span dir=\"auto\">Se recomienda aplicar\u00a0<\/span><strong><span dir=\"auto\">una capa fina<\/span><\/strong><span dir=\"auto\">\u00a0de Adhesivo Lemon Strength sobre tus pesta\u00f1as naturales.<\/span><\/p>\n<p style=\"text-align: justify;\"><span dir=\"auto\">INCI: Aqua (Agua), Acrilato de Butilo, Propilenglicol, Dextrina, CI 19140 (Amarillo \u00c1cido 23), Perfume, Citral, Limoneno.\u00a0<\/span><\/p>\n<h3 style=\"text-align: justify;\"><strong><span dir=\"auto\">GEL DE ADHESI\u00d3N EXPRESS 10 ml (pegamento trabajable)<\/span><\/strong><\/h3>\n<p style=\"text-align: justify;\"><span dir=\"auto\">El GEL ADHERENTE EXPRESS es el primer paso del proceso de laminaci\u00f3n de pesta\u00f1as. Es un pegamento seguro y muy suave, dise\u00f1ado espec\u00edficamente para fijar firmemente las almohadillas de silicona a los p\u00e1rpados y las pesta\u00f1as naturales a las almohadillas durante el proceso. Aplique una capa fina y espere a que se seque por completo.<\/span><\/p>\n<p style=\"text-align: justify;\"><span dir=\"auto\">INCI: Aqua (Agua) Alcohol Denat., Poliuretano-14, Copol\u00edmero de AMP-Acrilatos, Aminometil Propanol, Glicerina, Citrato de Trietilo, Alcohol Polivin\u00edlico, Fenoxietanol, Etilhexilglicerina.<\/span><\/p>\n<h3 style=\"text-align: justify;\"><strong><span dir=\"auto\">B\u00c1LSAMO LIFTING AIRLESS 15ml<\/span><\/strong><\/h3>\n<p style=\"text-align: justify;\"><span dir=\"auto\">El B\u00c1LSAMO LIFTING AIRLESS representa la segunda fase del procedimiento de lifting de pesta\u00f1as. Este producto rompe suavemente las fibras de las pesta\u00f1as, permitiendo redefinir su forma y lograr un lifting perfecto. Al mismo tiempo, la queratina y la camomila tienen un efecto reestructurante y regenerador. RETIRE EL PRODUCTO CON UN CEPILLO DE ALGOD\u00d3N O UN MICROCEPILLO SECO. NO UTILICE AGUA.<\/span><\/p>\n<p style=\"text-align: justify;\"><span dir=\"auto\">INCI: Aqua (Agua), Tioglicolato de Etanolamina, Etanolamina, Alcohol Cetear\u00edlico, Ceteareth-25, Cloruro de Cetrimonio, Glicerina, Extracto de Flor de Chamomilla recutita (Matricaria), Prote\u00edna de Ma\u00edz Hidrolizada, Prote\u00edna de Trigo Hidrolizada, Prote\u00edna de Soja Hidrolizada, Dimeticona, Parfum (Fragancia), Paraffinum Liquidum (Aceite Mineral), Polyquaternium-6, Etilhexiglicerina, EDTA Tetras\u00f3dico, Fenoxietanol, CI 45100, Propilenglicol, Citronelol.<\/span><\/p>\n<p style=\"text-align: justify;\"><span dir=\"auto\">* (Prote\u00edna de ma\u00edz hidrolizada, prote\u00edna de trigo hidrolizada, prote\u00edna de soja hidrolizada) = AC Plant Keratin PF *<\/span><\/p>\n<p style=\"text-align: justify;\"><span dir=\"auto\">Contiene sales de \u00e1cido tioglic\u00f3lico.<\/span><\/p>\n<h3 style=\"text-align: justify;\"><strong><span dir=\"auto\">FIJADOR DE VOLUMEN AIRLESS 15ml<\/span><\/strong><\/h3>\n<p style=\"text-align: justify;\"><span dir=\"auto\">El FIJADOR DE VOLUMEN AIRLESS representa el tercer paso del procedimiento de lifting de pesta\u00f1as y se aplica despu\u00e9s del B\u00e1lsamo Lifting. Este producto repara las uniones rotas por la aplicaci\u00f3n del B\u00e1lsamo Lifting, fijando as\u00ed las pesta\u00f1as naturales en su nueva forma. RETIRE EL PRODUCTO CON UN CEPILLO DE ALGOD\u00d3N O UN MICROCEPILLO SECO. NO UTILICE AGUA.<\/span><\/p>\n<p style=\"text-align: justify;\"><span dir=\"auto\">INCI: Aqua (agua), alcohol cetear\u00edlico, per\u00f3xido de hidr\u00f3geno, Ceteareth-20, parafina l\u00edquida, glicerina, pantenol, simeticona, Laureth-3, lauril sulfato de sodio, pirofosfato dis\u00f3dico, estannato de sodio, \u00e1cido fosf\u00f3rico, polisorbato 20, perfume.<\/span><\/p>\n<p style=\"text-align: justify;\"><span dir=\"auto\">Contiene per\u00f3xido de hidr\u00f3geno.<\/span><\/p>\n<h3 style=\"text-align: justify;\"><strong><span dir=\"auto\">SUERO HIDRATANTE AIRLESS 15ml<\/span><\/strong><\/h3>\n<p style=\"text-align: justify;\"><span dir=\"auto\">El S\u00c9RUM HIDRATANTE AIRLESS representa el cuarto y \u00faltimo paso del procedimiento de laminaci\u00f3n de pesta\u00f1as. Es un producto de doble acci\u00f3n. Se utiliza para eliminar los residuos de pegamento de las pesta\u00f1as naturales y de la piel. El \u00e1cido hialur\u00f3nico, el pantenol y la queratina tambi\u00e9n dan volumen, nutren y regeneran las pesta\u00f1as.\u00a0<\/span><\/p>\n<p style=\"text-align: justify;\"><span dir=\"auto\">INCI: Aqua (Agua), Pantenol, Metilpropanodiol, Propilenglicol, Hialuronato de Sodio, PCA de Sodio, Prote\u00edna de Ma\u00edz Hidrolizada, Prote\u00edna de Trigo Hidrolizada, Prote\u00edna de Soja Hidrolizada, Trehalosa, Glicerina, PPG-26-Buteth-26, Aceite de Ricino Hidrogenado PEG-40, EDTA Dis\u00f3dico, Benzoato de Sodio, \u00c1cido C\u00edtrico, Fenoxietanol, Clorfenesina, Decilenglicol, Parfum (Fragancia).<\/span><\/p>\n<p style=\"text-align: justify;\"><em><span dir=\"auto\">* (Prote\u00edna de ma\u00edz hidrolizada, prote\u00edna de trigo hidrolizada, prote\u00edna de soja hidrolizada) = AC Plant Keratin PF *<\/span><\/em><\/p>\n<div>\n<p style=\"text-align: justify;\">\n<\/div>\n<p>[\/vc_column_text][\/vc_column][\/vc_row]<\/p>\n<\/div>","protected":false},"excerpt":{"rendered":"<p style=\"text-align: justify;\"><strong>Kit con laminaci\u00f3n - tinte de pesta\u00f1as Genie<\/strong><\/p>\n<p style=\"text-align: justify;\"><strong>Para:<\/strong> 30 aplicaciones.<\/p>\n","protected":false},"featured_media":10260,"template":"","meta":{"_joinchat":[]},"product_brand":[],"product_cat":[107],"product_tag":[],"class_list":{"0":"post-10302","1":"product","2":"type-product","3":"status-publish","4":"has-post-thumbnail","6":"product_cat-lifting-pestanas","8":"first","9":"instock","10":"taxable","11":"shipping-taxable","12":"purchasable","13":"product-type-simple"},"_links":{"self":[{"href":"https:\/\/www.masderma.es\/distribuidora\/wp-json\/wp\/v2\/product\/10302","targetHints":{"allow":["GET"]}}],"collection":[{"href":"https:\/\/www.masderma.es\/distribuidora\/wp-json\/wp\/v2\/product"}],"about":[{"href":"https:\/\/www.masderma.es\/distribuidora\/wp-json\/wp\/v2\/types\/product"}],"wp:featuredmedia":[{"embeddable":true,"href":"https:\/\/www.masderma.es\/distribuidora\/wp-json\/wp\/v2\/media\/10260"}],"wp:attachment":[{"href":"https:\/\/www.masderma.es\/distribuidora\/wp-json\/wp\/v2\/media?parent=10302"}],"wp:term":[{"taxonomy":"product_brand","embeddable":true,"href":"https:\/\/www.masderma.es\/distribuidora\/wp-json\/wp\/v2\/product_brand?post=10302"},{"taxonomy":"product_cat","embeddable":true,"href":"https:\/\/www.masderma.es\/distribuidora\/wp-json\/wp\/v2\/product_cat?post=10302"},{"taxonomy":"product_tag","embeddable":true,"href":"https:\/\/www.masderma.es\/distribuidora\/wp-json\/wp\/v2\/product_tag?post=10302"}],"curies":[{"name":"wp","href":"https:\/\/api.w.org\/{rel}","templated":true}]}}