{"id":10304,"date":"2025-10-14T19:26:34","date_gmt":"2025-10-14T17:26:34","guid":{"rendered":"https:\/\/www.masderma.es\/distribuidora\/?post_type=product&#038;p=10304"},"modified":"2025-10-14T19:30:45","modified_gmt":"2025-10-14T17:30:45","slug":"juego-de-4-almohadillas-de-silicona-reutilizables-mix","status":"publish","type":"product","link":"https:\/\/www.masderma.es\/distribuidora\/producto\/juego-de-4-almohadillas-de-silicona-reutilizables-mix\/","title":{"rendered":"Juego de 4 almohadillas de silicona reutilizables - Mix"},"content":{"rendered":"<div class=\"wpb-content-wrapper\"><p>[vc_row gap=\"20\" equal_height=\"yes\" responsive_tabs_advanced=\"mobile\" woodmart_css_id=\"68dba060afdbf\" responsive_spacing=\"eyJwYXJhbV90eXBlIjoid29vZG1hcnRfcmVzcG9uc2l2ZV9zcGFjaW5nIiwic2VsZWN0b3JfaWQiOiI2OGRiYTA2MGFmZGJmIiwic2hvcnRjb2RlIjoidmNfcm93IiwiZGF0YSI6eyJ0YWJsZXQiOnt9LCJtb2JpbGUiOnt9fX0=\" mobile_bg_img_hidden=\"no\" tablet_bg_img_hidden=\"no\" woodmart_parallax=\"0\" woodmart_gradient_switch=\"no\" woodmart_box_shadow=\"no\" wd_z_index=\"no\" woodmart_disable_overflow=\"0\" row_reverse_mobile=\"1\" row_reverse_tablet=\"0\"][vc_column width=\"1\/2\" css=\".vc_custom_1759224071130{margin-top: -30px !important;border-right-width: 1px !important;background-image: url(https:\/\/www.masderma.es\/distribuidora\/wp-content\/uploads\/2025\/09\/logo-agua2.png?id=9956) !important;background-position: center !important;background-repeat: no-repeat !important;background-size: contain !important;border-right-style: solid !important;border-color: #C2C2C2 !important;}\" woodmart_css_id=\"68dba0fd7b727\" parallax_scroll=\"no\" woodmart_sticky_column=\"false\" wd_collapsible_content_switcher=\"no\" wd_column_role_offcanvas_desktop=\"no\" wd_column_role_offcanvas_tablet=\"no\" wd_column_role_offcanvas_mobile=\"no\" wd_column_role_content_desktop=\"no\" wd_column_role_content_tablet=\"no\" wd_column_role_content_mobile=\"no\" mobile_bg_img_hidden=\"no\" tablet_bg_img_hidden=\"no\" woodmart_parallax=\"0\" woodmart_box_shadow=\"no\" responsive_spacing=\"eyJwYXJhbV90eXBlIjoid29vZG1hcnRfcmVzcG9uc2l2ZV9zcGFjaW5nIiwic2VsZWN0b3JfaWQiOiI2OGRiYTBmZDdiNzI3Iiwic2hvcnRjb2RlIjoidmNfY29sdW1uIiwiZGF0YSI6eyJ0YWJsZXQiOnt9LCJtb2JpbGUiOnsibWFyZ2luLXRvcCI6Ii1weCIsImJvcmRlci1yaWdodC13aWR0aCI6IjBweCIsInBhZGRpbmctdG9wIjoiMHB4In19fQ==\" mobile_reset_margin=\"no\" tablet_reset_margin=\"no\" wd_z_index=\"no\"][vc_column_text css=\"\" woodmart_inline=\"no\" text_larger=\"no\"]<\/p>\n<p style=\"text-align: justify;\"><strong><span dir=\"auto\">CARACTER\u00cdSTICAS<\/span><\/strong><\/p>\n<ul style=\"text-align: justify;\">\n<li><i class=\"fa fa-angle-double-right\"><\/i><span dir=\"auto\">\u00a1\u00a1 Autoclavable\u00a0<\/span><strong><span dir=\"auto\">!!<\/span><\/strong><\/li>\n<li><i class=\"fa fa-angle-double-right\"><\/i><span dir=\"auto\">Fuerte y duradero<\/span><\/li>\n<li><i class=\"fa fa-angle-double-right\"><\/i><span dir=\"auto\">Resistente<\/span><\/li>\n<li><i class=\"fa fa-angle-double-right\"><\/i><span dir=\"auto\">Maleable y delicado<\/span><\/li>\n<li><i class=\"fa fa-angle-double-right\"><\/i><span dir=\"auto\">F\u00e1cil de usar<\/span><\/li>\n<li><i class=\"fa fa-angle-double-right\"><\/i><span dir=\"auto\">Envolvente<\/span><\/li>\n<li><i class=\"fa fa-angle-double-right\"><\/i><span dir=\"auto\">REUTILIZABLE<\/span><\/li>\n<li><i class=\"fa fa-angle-double-right\"><\/i><span dir=\"auto\">DESINFECTABLE<\/span><\/li>\n<\/ul>\n<p style=\"text-align: justify;\"><strong><span dir=\"auto\">Material<\/span><\/strong><span dir=\"auto\">\u00a0: silicona<\/span><\/p>\n<p>[\/vc_column_text][\/vc_column][vc_column width=\"1\/2\" css=\".vc_custom_1759224201661{background-image: url(https:\/\/www.masderma.es\/distribuidora\/wp-content\/uploads\/2025\/09\/logo-agua2.png?id=9956) !important;background-position: center !important;background-repeat: no-repeat !important;background-size: contain !important;}\" woodmart_css_id=\"68dba17dea959\" parallax_scroll=\"no\" woodmart_sticky_column=\"false\" wd_collapsible_content_switcher=\"no\" wd_column_role_offcanvas_desktop=\"no\" wd_column_role_offcanvas_tablet=\"no\" wd_column_role_offcanvas_mobile=\"no\" wd_column_role_content_desktop=\"no\" wd_column_role_content_tablet=\"no\" wd_column_role_content_mobile=\"no\" mobile_bg_img_hidden=\"no\" tablet_bg_img_hidden=\"no\" woodmart_parallax=\"0\" woodmart_box_shadow=\"no\" responsive_spacing=\"eyJwYXJhbV90eXBlIjoid29vZG1hcnRfcmVzcG9uc2l2ZV9zcGFjaW5nIiwic2VsZWN0b3JfaWQiOiI2OGRiYTE3ZGVhOTU5Iiwic2hvcnRjb2RlIjoidmNfY29sdW1uIiwiZGF0YSI6eyJ0YWJsZXQiOnt9LCJtb2JpbGUiOnsibWFyZ2luLXRvcCI6Ii00MHB4In19fQ==\" mobile_reset_margin=\"no\" tablet_reset_margin=\"no\" wd_z_index=\"no\"][vc_column_text css=\"\" woodmart_inline=\"no\" text_larger=\"no\"]<strong><span dir=\"auto\">Contiene 8 piezas (4 pares)<\/span><\/strong><\/p>\n<p><span dir=\"auto\">Almohadillas de silicona especialmente dise\u00f1adas para el tratamiento de laminaci\u00f3n de pesta\u00f1as KLC, descansan suavemente sobre los p\u00e1rpados y permiten alisar las pesta\u00f1as desde la ra\u00edz.<\/span><\/p>\n<p><span dir=\"auto\">Disponible en tama\u00f1os XS, S, M y L para adaptarse a diferentes tipos de pesta\u00f1as y lograr el look deseado.<\/span><\/p>\n<p><span dir=\"auto\">El tama\u00f1o\u00a0<\/span><strong><span dir=\"auto\">XS<\/span><\/strong><span dir=\"auto\">\u00a0es \u200b\u200bideal para pesta\u00f1as muy cortas y para crear un efecto de alargamiento impactante.<\/span><\/p>\n<p><span dir=\"auto\">La talla\u00a0<\/span><strong><span dir=\"auto\">S<\/span><\/strong><span dir=\"auto\">\u00a0es ideal para pesta\u00f1as de longitud corta\/media y para conseguir un efecto de alargamiento impactante.<\/span><\/p>\n<p><span dir=\"auto\">La talla\u00a0<\/span><strong><span dir=\"auto\">M<\/span><\/strong><span dir=\"auto\">\u00a0es ideal para pesta\u00f1as de longitud media y para conseguir un efecto de alargamiento marcado.<\/span><\/p>\n<p><span dir=\"auto\">La talla\u00a0<\/span><strong><span dir=\"auto\">L<\/span><\/strong><span dir=\"auto\">\u00a0es ideal para pesta\u00f1as muy largas y para obtener un efecto de alargamiento natural.\u00a0<\/span><\/p>\n<p><em>*Las almohadillas de silicona dentro de la caja MIX no ser\u00e1n grises sino azules<\/em>[\/vc_column_text][\/vc_column][\/vc_row]<\/p>\n<\/div>","protected":false},"excerpt":{"rendered":"<p style=\"text-align: justify;\"><strong>Juego de 4 almohadillas de silicona reutilizables - Mix<\/strong><\/p>\n<p style=\"text-align: justify;\"><span dir=\"auto\">Almohadillas de silicona especialmente dise\u00f1adas para el tratamiento de laminaci\u00f3n de pesta\u00f1as KLC, descansan suavemente sobre los p\u00e1rpados y permiten alisar las pesta\u00f1as desde la ra\u00edz.<\/span><\/p>\n<p style=\"text-align: justify;\"><span dir=\"auto\">Disponible en tama\u00f1os XS, S, M y L para adaptarse a diferentes tipos de pesta\u00f1as y lograr el look deseado.<\/span><\/p>\n<p style=\"text-align: justify;\"><strong>Contiene:<\/strong> 8 piezas (4 pares).<\/p>\n","protected":false},"featured_media":10236,"template":"","meta":{"_joinchat":[]},"product_brand":[],"product_cat":[107],"product_tag":[],"class_list":{"0":"post-10304","1":"product","2":"type-product","3":"status-publish","4":"has-post-thumbnail","6":"product_cat-lifting-pestanas","8":"first","9":"instock","10":"taxable","11":"shipping-taxable","12":"purchasable","13":"product-type-simple"},"_links":{"self":[{"href":"https:\/\/www.masderma.es\/distribuidora\/wp-json\/wp\/v2\/product\/10304","targetHints":{"allow":["GET"]}}],"collection":[{"href":"https:\/\/www.masderma.es\/distribuidora\/wp-json\/wp\/v2\/product"}],"about":[{"href":"https:\/\/www.masderma.es\/distribuidora\/wp-json\/wp\/v2\/types\/product"}],"wp:featuredmedia":[{"embeddable":true,"href":"https:\/\/www.masderma.es\/distribuidora\/wp-json\/wp\/v2\/media\/10236"}],"wp:attachment":[{"href":"https:\/\/www.masderma.es\/distribuidora\/wp-json\/wp\/v2\/media?parent=10304"}],"wp:term":[{"taxonomy":"product_brand","embeddable":true,"href":"https:\/\/www.masderma.es\/distribuidora\/wp-json\/wp\/v2\/product_brand?post=10304"},{"taxonomy":"product_cat","embeddable":true,"href":"https:\/\/www.masderma.es\/distribuidora\/wp-json\/wp\/v2\/product_cat?post=10304"},{"taxonomy":"product_tag","embeddable":true,"href":"https:\/\/www.masderma.es\/distribuidora\/wp-json\/wp\/v2\/product_tag?post=10304"}],"curies":[{"name":"wp","href":"https:\/\/api.w.org\/{rel}","templated":true}]}}