{"id":10307,"date":"2025-10-14T19:41:25","date_gmt":"2025-10-14T17:41:25","guid":{"rendered":"https:\/\/www.masderma.es\/distribuidora\/?post_type=product&#038;p=10307"},"modified":"2025-10-14T19:47:01","modified_gmt":"2025-10-14T17:47:01","slug":"kit-de-laminacion-y-tinte-de-pestanas-vegano","status":"publish","type":"product","link":"https:\/\/www.masderma.es\/distribuidora\/producto\/kit-de-laminacion-y-tinte-de-pestanas-vegano\/","title":{"rendered":"Kit de laminaci\u00f3n y tinte de pesta\u00f1as vegano"},"content":{"rendered":"<div class=\"wpb-content-wrapper\"><p>[vc_row gap=\"20\" equal_height=\"yes\" responsive_tabs_advanced=\"mobile\" woodmart_css_id=\"68dba060afdbf\" responsive_spacing=\"eyJwYXJhbV90eXBlIjoid29vZG1hcnRfcmVzcG9uc2l2ZV9zcGFjaW5nIiwic2VsZWN0b3JfaWQiOiI2OGRiYTA2MGFmZGJmIiwic2hvcnRjb2RlIjoidmNfcm93IiwiZGF0YSI6eyJ0YWJsZXQiOnt9LCJtb2JpbGUiOnt9fX0=\" mobile_bg_img_hidden=\"no\" tablet_bg_img_hidden=\"no\" woodmart_parallax=\"0\" woodmart_gradient_switch=\"no\" woodmart_box_shadow=\"no\" wd_z_index=\"no\" woodmart_disable_overflow=\"0\" row_reverse_mobile=\"1\" row_reverse_tablet=\"0\"][vc_column width=\"1\/2\" css=\".vc_custom_1759224071130{margin-top: -30px !important;border-right-width: 1px !important;background-image: url(https:\/\/www.masderma.es\/distribuidora\/wp-content\/uploads\/2025\/09\/logo-agua2.png?id=9956) !important;background-position: center !important;background-repeat: no-repeat !important;background-size: contain !important;border-right-style: solid !important;border-color: #C2C2C2 !important;}\" woodmart_css_id=\"68dba0fd7b727\" parallax_scroll=\"no\" woodmart_sticky_column=\"false\" wd_collapsible_content_switcher=\"no\" wd_column_role_offcanvas_desktop=\"no\" wd_column_role_offcanvas_tablet=\"no\" wd_column_role_offcanvas_mobile=\"no\" wd_column_role_content_desktop=\"no\" wd_column_role_content_tablet=\"no\" wd_column_role_content_mobile=\"no\" mobile_bg_img_hidden=\"no\" tablet_bg_img_hidden=\"no\" woodmart_parallax=\"0\" woodmart_box_shadow=\"no\" responsive_spacing=\"eyJwYXJhbV90eXBlIjoid29vZG1hcnRfcmVzcG9uc2l2ZV9zcGFjaW5nIiwic2VsZWN0b3JfaWQiOiI2OGRiYTBmZDdiNzI3Iiwic2hvcnRjb2RlIjoidmNfY29sdW1uIiwiZGF0YSI6eyJ0YWJsZXQiOnt9LCJtb2JpbGUiOnsibWFyZ2luLXRvcCI6Ii1weCIsImJvcmRlci1yaWdodC13aWR0aCI6IjBweCIsInBhZGRpbmctdG9wIjoiMHB4In19fQ==\" mobile_reset_margin=\"no\" tablet_reset_margin=\"no\" wd_z_index=\"no\"][vc_column_text css=\"\" woodmart_inline=\"no\" text_larger=\"no\"]<\/p>\n<p style=\"text-align: justify;\"><strong><span dir=\"auto\">\u00bfCu\u00e1ntas aplicaciones puedes realizar con un KIT VEGANO?<\/span><\/strong><\/p>\n<p style=\"text-align: justify;\"><span dir=\"auto\">30 APLICACIONES laminaci\u00f3n de pesta\u00f1as<\/span><\/p>\n<div style=\"text-align: justify;\">\n<p><i class=\"fa fa-exclamation\"><\/i><strong><span dir=\"auto\">TIEMPOS DE EXPOSICI\u00d3N<\/span><\/strong><\/p>\n<p><span dir=\"auto\">Producto 2.\u00a0<\/span><span dir=\"auto\">B\u00e1lsamo Lifting VEGANO<\/span><span dir=\"auto\">\u00a0:\u00a0<\/span><strong><span dir=\"auto\">10-12 minutos<\/span><\/strong><span dir=\"auto\">\u00a0para pesta\u00f1as finas.\u00a0<\/span><strong><span dir=\"auto\">13-15 minutos<\/span><\/strong><span dir=\"auto\">\u00a0para pesta\u00f1as normales o fuertes.<\/span><\/p>\n<p><span dir=\"auto\">Producto 3.\u00a0<\/span><span dir=\"auto\">Volume Fixer VEGANO<\/span><span dir=\"auto\">\u00a0:\u00a0\u00a0<\/span><strong><span dir=\"auto\">la mitad del tiempo<\/span><\/strong><span dir=\"auto\">\u00a0utilizado para el b\u00e1lsamo vegano Quick Lifting Balm<\/span><\/p>\n<p><span dir=\"auto\">Producto 4.\u00a0<\/span><span dir=\"auto\">S\u00e9rum Hidratante VEGANO<\/span><span dir=\"auto\">\u00a0: al menos\u00a0<\/span><strong><span dir=\"auto\">3\u00a0<\/span><\/strong><strong><span dir=\"auto\">minutos<\/span><\/strong><\/p>\n<p>&nbsp;<\/p>\n<\/div>\n<div style=\"text-align: justify;\">\n<p><span dir=\"auto\">Respecto a la posibilidad de utilizar el producto en\u00a0<\/span><strong><span dir=\"auto\">mujeres embarazadas,<\/span><\/strong><span dir=\"auto\">\u00a0\u00a0aunque podemos estar razonablemente seguros de que el tratamiento de pesta\u00f1as o cejas no supone ning\u00fan riesgo ni durante el embarazo ni durante la lactancia, como medida de precauci\u00f3n recomendamos siempre consultar a un m\u00e9dico o abstenerse del tratamiento durante este periodo.<\/span><\/p>\n<\/div>\n<p style=\"text-align: justify;\"><strong><span dir=\"auto\">ADVERTENCIAS<\/span><\/strong><\/p>\n<p style=\"text-align: justify;\"><span dir=\"auto\">Es ABSOLUTAMENTE NECESARIO realizar una\u00a0<\/span><strong><span dir=\"auto\">prueba de parche<\/span><\/strong><span dir=\"auto\">\u00a0\u00a0en el cliente de todos los productos contenidos en el kit\u00a0 antes de realizar el tratamiento.<\/span><\/p>\n<p>[\/vc_column_text][\/vc_column][vc_column width=\"1\/2\" css=\".vc_custom_1759224201661{background-image: url(https:\/\/www.masderma.es\/distribuidora\/wp-content\/uploads\/2025\/09\/logo-agua2.png?id=9956) !important;background-position: center !important;background-repeat: no-repeat !important;background-size: contain !important;}\" woodmart_css_id=\"68dba17dea959\" parallax_scroll=\"no\" woodmart_sticky_column=\"false\" wd_collapsible_content_switcher=\"no\" wd_column_role_offcanvas_desktop=\"no\" wd_column_role_offcanvas_tablet=\"no\" wd_column_role_offcanvas_mobile=\"no\" wd_column_role_content_desktop=\"no\" wd_column_role_content_tablet=\"no\" wd_column_role_content_mobile=\"no\" mobile_bg_img_hidden=\"no\" tablet_bg_img_hidden=\"no\" woodmart_parallax=\"0\" woodmart_box_shadow=\"no\" responsive_spacing=\"eyJwYXJhbV90eXBlIjoid29vZG1hcnRfcmVzcG9uc2l2ZV9zcGFjaW5nIiwic2VsZWN0b3JfaWQiOiI2OGRiYTE3ZGVhOTU5Iiwic2hvcnRjb2RlIjoidmNfY29sdW1uIiwiZGF0YSI6eyJ0YWJsZXQiOnt9LCJtb2JpbGUiOnsibWFyZ2luLXRvcCI6Ii00MHB4In19fQ==\" mobile_reset_margin=\"no\" tablet_reset_margin=\"no\" wd_z_index=\"no\"][vc_column_text css=\"\" woodmart_inline=\"no\" text_larger=\"no\"]<\/p>\n<p style=\"text-align: justify;\"><strong><span dir=\"auto\">\u00bfQu\u00e9 contiene un KIT VEGANO?<\/span><\/strong><\/p>\n<p style=\"text-align: justify;\"><span dir=\"auto\">1 Gel adhesivo vegano Express de 10 ml (\u00a0<\/span><span dir=\"auto\">pegamento trabajable<\/span><span dir=\"auto\">\u00a0)<\/span><br \/>\n<span dir=\"auto\">1 Adhesivo vegano Lemon Strength de 5 ml (\u00a0<\/span><span dir=\"auto\">pegamento r\u00e1pido<\/span><span dir=\"auto\">\u00a0)<\/span><br \/>\n<span dir=\"auto\">1 B\u00e1lsamo vegano Quick Lifting de 15 ml<\/span><br \/>\n<span dir=\"auto\">1 Fijador vegano de volumen de 15 ml<\/span><strong><span dir=\"auto\">\u00a0\u00bfQu\u00e9 contiene un KIT VEGANO?<\/span><\/strong><\/p>\n<p style=\"text-align: justify;\"><span dir=\"auto\">1 Gel adhesivo vegano Express de 10 ml (\u00a0<\/span><span dir=\"auto\">pegamento trabajable<\/span><span dir=\"auto\">\u00a0)<\/span><br \/>\n<span dir=\"auto\">1 Adhesivo vegano Lemon Strength de 5 ml (\u00a0<\/span><span dir=\"auto\">pegamento r\u00e1pido<\/span><span dir=\"auto\">\u00a0)<\/span><br \/>\n<span dir=\"auto\">1 B\u00e1lsamo vegano Quick Lifting de 15 ml<\/span><br \/>\n<span dir=\"auto\">1 Fijador vegano de volumen de 15 ml<\/span><br \/>\n<span dir=\"auto\">1 S\u00e9rum hidratante vegano de 15 ml 1 Tinte\u00a0<\/span><span dir=\"auto\">para pesta\u00f1as y<\/span><\/p>\n<p style=\"text-align: justify;\"><span dir=\"auto\">1 S\u00e9rum hidratante vegano de 15 ml 1 Tinte <\/span><span dir=\"auto\">para pesta\u00f1as y cejas de 30 ml (color NEGRO\/AZUL)<\/span><br \/>\n<span dir=\"auto\">1 Tinte oxygen de 30 ml<\/span><br \/>\n<span dir=\"auto\">1 Aguja de crochet GENIE --&gt; \u00a01 Mousse limpiadora para pesta\u00f1as y cejas 1\u00a0Cepillo limpiador\u00a02 Mangos de acero para las puntas\u00a08 Discos de silicona reutilizables (2 peque\u00f1os, 2 medianos, 2 grandes, 2 extra grandes)\u00a030 Pares de parches veganos con Aloe y Vit. C\u00a030 Cepillos veganos de r\u00edmel de bamb\u00fa\u00a0100 Puntas reemplazables y veganas - cepillo de algod\u00f3n\u00a0200 Puntas reemplazables y veganas - microcepillo \u00f81.2mm\u00a01 Caja de cosm\u00e9ticos.<\/span><\/p>\n<p style=\"text-align: justify;\"><strong><span dir=\"auto\">GEL ADHERENTE EXPRESS VEGANO 10ml (pegamento trabajable)<\/span><\/strong><\/p>\n<p style=\"text-align: justify;\"><span dir=\"auto\">El gel adhesivo vegano Express es el primer paso del proceso de laminaci\u00f3n de pesta\u00f1as. Es un pegamento seguro y muy suave, dise\u00f1ado espec\u00edficamente para fijar firmemente las almohadillas de silicona a los p\u00e1rpados y las pesta\u00f1as naturales a las almohadillas durante el proceso. Aplique una capa fina y espere a que se seque por completo.<\/span><\/p>\n<p style=\"text-align: justify;\"><span dir=\"auto\">INCI: Alcohol desnaturalizado, agua, poliuretano-14, copol\u00edmero de acrilatos de AMP, aminometilpropanol, glicerina, citrato de trietilo, alcohol polivin\u00edlico, fenoxietanol, etilhexilglicerina.<\/span><\/p>\n<p style=\"text-align: justify;\"><strong><span dir=\"auto\">Adhesivo vegano Lemon Strength 5 ml (pegamento r\u00e1pido)<\/span><\/strong><\/p>\n<p style=\"text-align: justify;\"><span dir=\"auto\">Se recomienda aplicar\u00a0<\/span><strong><span dir=\"auto\">una capa fina<\/span><\/strong><span dir=\"auto\">\u00a0del producto sobre las pesta\u00f1as naturales.\u00a0<\/span><\/p>\n<p style=\"text-align: justify;\"><span dir=\"auto\">INCI: Aqua (Agua), Acrilato de Butilo, Propilenglicol, Dextrina, CI 19140 (Amarillo \u00c1cido 23), Perfume, Citral, Limoneno.\u00a0<\/span><\/p>\n<p style=\"text-align: justify;\"><strong><span dir=\"auto\">B\u00c1LSAMO REAFIRMANTE R\u00c1PIDO VEGANO 15 ml<\/span><\/strong><\/p>\n<p style=\"text-align: justify;\"><span dir=\"auto\">El B\u00c1LSAMO VEGANO DE REAFIRMACI\u00d3N R\u00c1PIDA representa la segunda fase del procedimiento de lifting de pesta\u00f1as. Este producto rompe suavemente las fibras de las pesta\u00f1as, permitiendo redefinir su forma y creando un lifting perfecto. Al mismo tiempo, la queratina y la camomila tienen un efecto reestructurante y regenerador. RETIRE EL PRODUCTO CON UN CEPILLO DE ALGOD\u00d3N O UN MICROCEPILLO SECO. NO UTILICE AGUA.<\/span><\/p>\n<p style=\"text-align: justify;\"><span dir=\"auto\">\u00a0INCI: Aqua (Agua), Tioglicolato de Etanolamina, Etanolamina, Alcohol Cetear\u00edlico, Ceteareth-25, Cloruro de Cetrimonio, Glicerina, Extracto de Flor de Chamomilla recutita (Matricaria), Prote\u00edna de Ma\u00edz Hidrolizada, Prote\u00edna de Trigo Hidrolizada, Prote\u00edna de Soja Hidrolizada, Dimeticona, Parfum (Fragancia), Paraffinum Liquidum (Aceite Mineral), Polyquaternium-6, Etilhexiglicerina, EDTA Tetras\u00f3dico, Fenoxietanol, CI 45100, Propilenglicol, Citronelol.<\/span><\/p>\n<p style=\"text-align: justify;\"><span dir=\"auto\">* (Prote\u00edna de ma\u00edz hidrolizada, prote\u00edna de trigo hidrolizada, prote\u00edna de soja hidrolizada) = AC Plant Keratin PF *<\/span><\/p>\n<p style=\"text-align: justify;\"><strong><span dir=\"auto\">FIJADOR DE VOLUMEN VEGANO 15 ml<\/span><\/strong><\/p>\n<p style=\"text-align: justify;\"><span dir=\"auto\">El FIJADOR DE VOLUMEN VEGANO es el tercer paso del lifting de pesta\u00f1as y se aplica despu\u00e9s del B\u00e1lsamo Lifting R\u00e1pido vegano. Este producto repara las fibras da\u00f1adas por la aplicaci\u00f3n del B\u00e1lsamo Lifting R\u00e1pido vegano, fijando as\u00ed las pesta\u00f1as naturales en su nueva forma. RETIRE EL PRODUCTO CON UN CEPILLO DE ALGOD\u00d3N O UN MICROCEPILLO SECO. NO UTILICE AGUA.<\/span><\/p>\n<p style=\"text-align: justify;\"><span dir=\"auto\">INCI: Aqua (agua), alcohol cetear\u00edlico, per\u00f3xido de hidr\u00f3geno, Ceteareth-20, parafina l\u00edquida (aceite mineral), glicerina, cloruro de cetrimonio, pantenol, simeticona, Laureth-3, EDTA tetras\u00f3dico, \u00e1cido etidr\u00f3nico, \u00e1cido fosf\u00f3rico, sulfato de oxiquinolina, perfume (fragancia).<\/span><\/p>\n<p style=\"text-align: justify;\"><strong><span dir=\"auto\">SUERO HIDRATANTE VEGANO 15 ml<\/span><\/strong><\/p>\n<p style=\"text-align: justify;\"><span dir=\"auto\">El SERUM HIDRATANTE VEGANO es el cuarto y \u00faltimo paso del procedimiento de laminaci\u00f3n de pesta\u00f1as. Es un producto de doble acci\u00f3n. Se utiliza para eliminar los residuos de pegamento de las pesta\u00f1as naturales y de la piel. El \u00e1cido hialur\u00f3nico, el pantenol y la queratina tambi\u00e9n dan volumen, nutren y regeneran las pesta\u00f1as.\u00a0<\/span><\/p>\n<p style=\"text-align: justify;\"><span dir=\"auto\">CI: Aqua (Agua), Pantenol, Metilpropanodiol, Propilenglicol, Hialuronato de Sodio, PCA de Sodio, Prote\u00edna de Ma\u00edz Hidrolizada, Prote\u00edna de Trigo Hidrolizada, Prote\u00edna de Soja Hidrolizada, Trehalosa, Glicerina, PPG-26-Buteth-26, Aceite de Ricino Hidrogenado PEG-40, EDTA Dis\u00f3dico, Benzoato de Sodio, \u00c1cido C\u00edtrico, Fenoxietanol, Clorfenesina, Decilenglicol, Parfum (Fragancia).<\/span><\/p>\n<p style=\"text-align: justify;\"><em><span dir=\"auto\">* (Prote\u00edna de ma\u00edz hidrolizada, prote\u00edna de trigo hidrolizada, prote\u00edna de soja hidrolizada) = AC Plant Keratin PF *<\/span><\/em><\/p>\n<p>[\/vc_column_text][\/vc_column][\/vc_row]<\/p>\n<\/div>","protected":false},"excerpt":{"rendered":"<p style=\"text-align: justify;\"><strong>Kit de laminaci\u00f3n y tinte de pesta\u00f1as vegano<\/strong><\/p>\n<p style=\"text-align: justify;\"><strong>Para:<\/strong> 30 aplicaciones.<\/p>\n","protected":false},"featured_media":10256,"template":"","meta":{"_joinchat":[]},"product_brand":[],"product_cat":[107],"product_tag":[],"class_list":{"0":"post-10307","1":"product","2":"type-product","3":"status-publish","4":"has-post-thumbnail","6":"product_cat-lifting-pestanas","8":"first","9":"instock","10":"taxable","11":"shipping-taxable","12":"purchasable","13":"product-type-simple"},"_links":{"self":[{"href":"https:\/\/www.masderma.es\/distribuidora\/wp-json\/wp\/v2\/product\/10307","targetHints":{"allow":["GET"]}}],"collection":[{"href":"https:\/\/www.masderma.es\/distribuidora\/wp-json\/wp\/v2\/product"}],"about":[{"href":"https:\/\/www.masderma.es\/distribuidora\/wp-json\/wp\/v2\/types\/product"}],"wp:featuredmedia":[{"embeddable":true,"href":"https:\/\/www.masderma.es\/distribuidora\/wp-json\/wp\/v2\/media\/10256"}],"wp:attachment":[{"href":"https:\/\/www.masderma.es\/distribuidora\/wp-json\/wp\/v2\/media?parent=10307"}],"wp:term":[{"taxonomy":"product_brand","embeddable":true,"href":"https:\/\/www.masderma.es\/distribuidora\/wp-json\/wp\/v2\/product_brand?post=10307"},{"taxonomy":"product_cat","embeddable":true,"href":"https:\/\/www.masderma.es\/distribuidora\/wp-json\/wp\/v2\/product_cat?post=10307"},{"taxonomy":"product_tag","embeddable":true,"href":"https:\/\/www.masderma.es\/distribuidora\/wp-json\/wp\/v2\/product_tag?post=10307"}],"curies":[{"name":"wp","href":"https:\/\/api.w.org\/{rel}","templated":true}]}}