{"id":9602,"date":"2025-06-14T09:06:46","date_gmt":"2025-06-14T07:06:46","guid":{"rendered":"https:\/\/www.masderma.es\/distribuidora\/?post_type=product&#038;p=9602"},"modified":"2026-03-23T10:55:03","modified_gmt":"2026-03-23T09:55:03","slug":"camara-termografica-formacion","status":"publish","type":"product","link":"https:\/\/www.masderma.es\/distribuidora\/producto\/camara-termografica-formacion\/","title":{"rendered":"C\u00e1mara Termogr\u00e1fica  + Formaci\u00f3n Online"},"content":{"rendered":"<div class=\"wpb-content-wrapper\"><p>[vc_row gap=\"20\" woodmart_css_id=\"685c32e602a32\" responsive_spacing=\"eyJwYXJhbV90eXBlIjoid29vZG1hcnRfcmVzcG9uc2l2ZV9zcGFjaW5nIiwic2VsZWN0b3JfaWQiOiI2ODVjMzJlNjAyYTMyIiwic2hvcnRjb2RlIjoidmNfcm93IiwiZGF0YSI6eyJ0YWJsZXQiOnt9LCJtb2JpbGUiOnt9fX0=\" mobile_bg_img_hidden=\"no\" tablet_bg_img_hidden=\"no\" woodmart_parallax=\"0\" woodmart_gradient_switch=\"no\" woodmart_box_shadow=\"no\" wd_z_index=\"no\" woodmart_disable_overflow=\"0\" row_reverse_mobile=\"0\" row_reverse_tablet=\"0\"][vc_column width=\"1\/2\"][vc_column_text css=\"\" woodmart_inline=\"no\" text_larger=\"no\"]<\/p>\n<p style=\"text-align: justify;\"><span class=\"OYPEnA text-decoration-none text-strikethrough-none\">Los objetivos del curso incluyen el desarrollo de un conocimiento profundo de los aspectos te\u00f3ricos de la termograf\u00eda, as\u00ed como la comprensi\u00f3n de sus conceptos b\u00e1sicos. <\/span><\/p>\n<p style=\"text-align: justify;\"><span class=\"OYPEnA text-decoration-none text-strikethrough-none\">Adem\u00e1s, se abordar\u00e1n las herramientas y protocolos espec\u00edficos necesarios para aplicar la termograf\u00eda en seres humanos.<\/span><\/p>\n<p style=\"text-align: justify;\">El curso tiene como objetivo capacitar a los participantes para utilizar la termograf\u00eda de manera efectiva en entornos est\u00e9ticos y de investigaci\u00f3n, brindando una comprensi\u00f3n integral de su aplicaci\u00f3n en el monitoreo y diagn\u00f3stico de celulitis o estado de la piel. Asimismo, se buscar\u00e1 fomentar la capacidad de interpretar y analizar las im\u00e1genes termogr\u00e1ficas con precisi\u00f3n y rigor<\/p>\n<p style=\"text-align: justify;\">\u2013 Daremos un protocolo desde que llegue el cliente hasta que puedas darle un seguimiento con fotograf\u00edas y hacer un antes y despu\u00e9s con una evidencia clara.<\/p>\n<p style=\"text-align: justify;\">\u2013 Realizamos fotos\/video<br \/>\n\u2013 Diagn\u00f3stico<br \/>\n\u2013 Protocolo en cabina<br \/>\n\u2013 Presupuesto en la hoja del diagn\u00f3stico<\/p>\n<p style=\"text-align: justify;\">El curso son 2 horas de te\u00f3rica y manejo de la c\u00e1mara y 2 horas de pr\u00e1cticas.<\/p>\n<p>[\/vc_column_text][\/vc_column][vc_column width=\"1\/2\"][vc_column_text css=\"\" woodmart_inline=\"no\" text_larger=\"no\"]<\/p>\n<div style=\"text-align: justify;\">\n<p><img decoding=\"async\" class=\"aligncenter lazyload\" data-src=\"https:\/\/www.masderma.es\/wp-content\/uploads\/2024\/01\/HIKMICRO-240x300.png\" src=\"data:image\/svg+xml;base64,PHN2ZyB3aWR0aD0iMSIgaGVpZ2h0PSIxIiB4bWxucz0iaHR0cDovL3d3dy53My5vcmcvMjAwMC9zdmciPjwvc3ZnPg==\" style=\"--smush-placeholder-width: 240px; --smush-placeholder-aspect-ratio: 240\/300;\" \/><\/p>\n<p style=\"text-align: justify;\"><strong>\u00bfPara qui\u00e9n es este curso?<\/strong><\/p>\n<p style=\"text-align: justify;\">El curso no se centra en tener conocimientos sobre la celulitis. El objetivo del curso es aprender a realizar un diagn\u00f3stico con la c\u00e1mara termogr\u00e1fica, por lo tanto, es necesario contar con conocimientos previos en el \u00e1mbito de los tratamientos corporales.<\/p>\n<\/div>\n<p style=\"text-align: justify;\">El curso tiene como objetivo proporcionar conocimientos y habilidades pr\u00e1cticas en termograf\u00eda para esteticistas, quiropr\u00e1cticos y profesionales del campo est\u00e9tico que realizan tratamientos corporales.<\/p>\n<p>[\/vc_column_text][\/vc_column][\/vc_row]<\/p>\n<\/div>","protected":false},"excerpt":{"rendered":"<h5 class=\"serp-title\">C\u00e1mara Termogr\u00e1fica + Formaci\u00f3n<\/h5>\n<ul>\n<li style=\"text-align: justify;\"><span style=\"color: #d9ac59;\"><em>Cons\u00faltenos para poder realizar el pago en dos veces.<\/em><\/span><\/li>\n<\/ul>\n","protected":false},"featured_media":10469,"template":"","meta":{"_joinchat":[]},"product_brand":[],"product_cat":[16,18],"product_tag":[],"class_list":{"0":"post-9602","1":"product","2":"type-product","3":"status-publish","4":"has-post-thumbnail","6":"product_cat-tecnologia","7":"product_cat-formaciones","9":"first","10":"instock","11":"sale","12":"taxable","13":"shipping-taxable","14":"purchasable","15":"product-type-simple"},"_links":{"self":[{"href":"https:\/\/www.masderma.es\/distribuidora\/wp-json\/wp\/v2\/product\/9602","targetHints":{"allow":["GET"]}}],"collection":[{"href":"https:\/\/www.masderma.es\/distribuidora\/wp-json\/wp\/v2\/product"}],"about":[{"href":"https:\/\/www.masderma.es\/distribuidora\/wp-json\/wp\/v2\/types\/product"}],"wp:featuredmedia":[{"embeddable":true,"href":"https:\/\/www.masderma.es\/distribuidora\/wp-json\/wp\/v2\/media\/10469"}],"wp:attachment":[{"href":"https:\/\/www.masderma.es\/distribuidora\/wp-json\/wp\/v2\/media?parent=9602"}],"wp:term":[{"taxonomy":"product_brand","embeddable":true,"href":"https:\/\/www.masderma.es\/distribuidora\/wp-json\/wp\/v2\/product_brand?post=9602"},{"taxonomy":"product_cat","embeddable":true,"href":"https:\/\/www.masderma.es\/distribuidora\/wp-json\/wp\/v2\/product_cat?post=9602"},{"taxonomy":"product_tag","embeddable":true,"href":"https:\/\/www.masderma.es\/distribuidora\/wp-json\/wp\/v2\/product_tag?post=9602"}],"curies":[{"name":"wp","href":"https:\/\/api.w.org\/{rel}","templated":true}]}}