{"id":9604,"date":"2025-06-04T09:01:35","date_gmt":"2025-06-04T07:01:35","guid":{"rendered":"https:\/\/www.masderma.es\/distribuidora\/?post_type=product&#038;p=9604"},"modified":"2025-10-30T20:12:15","modified_gmt":"2025-10-30T19:12:15","slug":"guantes-de-maquillaje-profesional","status":"publish","type":"product","link":"https:\/\/www.masderma.es\/distribuidora\/producto\/guantes-de-maquillaje-profesional\/","title":{"rendered":"Guantes de Maquillaje Profesional"},"content":{"rendered":"<div class=\"wpb-content-wrapper\"><p>[vc_row disable_element=\"yes\" woodmart_css_id=\"685c35d3770e0\" responsive_spacing=\"eyJwYXJhbV90eXBlIjoid29vZG1hcnRfcmVzcG9uc2l2ZV9zcGFjaW5nIiwic2VsZWN0b3JfaWQiOiI2ODVjMzVkMzc3MGUwIiwic2hvcnRjb2RlIjoidmNfcm93IiwiZGF0YSI6eyJ0YWJsZXQiOnt9LCJtb2JpbGUiOnt9fX0=\" mobile_bg_img_hidden=\"no\" tablet_bg_img_hidden=\"no\" woodmart_parallax=\"0\" woodmart_gradient_switch=\"no\" woodmart_box_shadow=\"no\" wd_z_index=\"no\" woodmart_disable_overflow=\"0\" row_reverse_mobile=\"0\" row_reverse_tablet=\"0\"][vc_column][vc_column_text]<\/p>\n<p style=\"text-align: justify;\">Protector solar con filtro UV, UVA<\/p>\n<p style=\"text-align: justify;\">Destacar\u00a0<strong>Esters jojoba<\/strong>, que es un componente que nos va a suavizar la piel, aumentando el contenido de agua.<\/p>\n<p style=\"text-align: justify;\">Posee un efecto calmante ideal para pieles deshidratadas, que podr\u00edan ser pieles expuestas al sol del verano, pieles post-peeling qu\u00edmicos o que est\u00e9n haciendo tratamientos de Ipl y l\u00e1ser diodo ( fotodepilaci\u00f3n), personas en procesos oncol\u00f3gicos.. etc<\/p>\n<p style=\"text-align: justify;\">Este producto guarda y trata que no se vaya esa hidrataci\u00f3n natural propia.<\/p>\n<p style=\"text-align: justify;\">Y el componente estrella es\u00a0<strong>Butyrospermum Parkii<\/strong>, que calma la piel, le aporta m\u00e1s suavidad y vitamina A-D-E que son antioxidantes.<\/p>\n<p style=\"text-align: justify;\">Apta para pieles grasas\/acn\u00e9icas.<\/p>\n<p style=\"text-align: justify;\">De ABSORCI\u00d3N R\u00c1PIDA, resistente al agua y sudor durante 60 minutos.<\/p>\n<p style=\"text-align: justify;\">Producto vegano, BIODEGRADABLE (no contamina el mar) algo muy importante por nuestro compromiso con la naturaleza y vida animal.<\/p>\n<p>[\/vc_column_text][\/vc_column][\/vc_row]<\/p>\n<\/div>","protected":false},"excerpt":{"rendered":"<p style=\"text-align: justify;\"><strong>Guantes de Maquillaje Profesional<\/strong><\/p>\n<p style=\"text-align: justify;\">Tallas: S - M - L<\/p>\n<p style=\"text-align: justify;\">Colores: Rosa - Negro - Marr\u00f3n - Gris<\/p>\n","protected":false},"featured_media":9770,"template":"","meta":{"_joinchat":[]},"product_brand":[],"product_cat":[19,107],"product_tag":[],"class_list":{"0":"post-9604","1":"product","2":"type-product","3":"status-publish","4":"has-post-thumbnail","6":"product_cat-makeup","7":"product_cat-lifting-pestanas","9":"first","10":"instock","11":"sale","12":"taxable","13":"shipping-taxable","14":"purchasable","15":"product-type-variable"},"_links":{"self":[{"href":"https:\/\/www.masderma.es\/distribuidora\/wp-json\/wp\/v2\/product\/9604","targetHints":{"allow":["GET"]}}],"collection":[{"href":"https:\/\/www.masderma.es\/distribuidora\/wp-json\/wp\/v2\/product"}],"about":[{"href":"https:\/\/www.masderma.es\/distribuidora\/wp-json\/wp\/v2\/types\/product"}],"wp:featuredmedia":[{"embeddable":true,"href":"https:\/\/www.masderma.es\/distribuidora\/wp-json\/wp\/v2\/media\/9770"}],"wp:attachment":[{"href":"https:\/\/www.masderma.es\/distribuidora\/wp-json\/wp\/v2\/media?parent=9604"}],"wp:term":[{"taxonomy":"product_brand","embeddable":true,"href":"https:\/\/www.masderma.es\/distribuidora\/wp-json\/wp\/v2\/product_brand?post=9604"},{"taxonomy":"product_cat","embeddable":true,"href":"https:\/\/www.masderma.es\/distribuidora\/wp-json\/wp\/v2\/product_cat?post=9604"},{"taxonomy":"product_tag","embeddable":true,"href":"https:\/\/www.masderma.es\/distribuidora\/wp-json\/wp\/v2\/product_tag?post=9604"}],"curies":[{"name":"wp","href":"https:\/\/api.w.org\/{rel}","templated":true}]}}