{"id":9639,"date":"2025-06-10T09:06:26","date_gmt":"2025-06-10T07:06:26","guid":{"rendered":"https:\/\/www.masderma.es\/distribuidora\/?post_type=product&#038;p=9639"},"modified":"2026-03-16T12:52:08","modified_gmt":"2026-03-16T11:52:08","slug":"mascarilla-bio-colageno","status":"publish","type":"product","link":"https:\/\/www.masderma.es\/distribuidora\/producto\/mascarilla-bio-colageno\/","title":{"rendered":"Mascarilla Bio Col\u00e1geno Cosmedique"},"content":{"rendered":"<div class=\"wpb-content-wrapper\"><p>[vc_row gap=\"20\" woodmart_css_id=\"685e515f87998\" responsive_spacing=\"eyJwYXJhbV90eXBlIjoid29vZG1hcnRfcmVzcG9uc2l2ZV9zcGFjaW5nIiwic2VsZWN0b3JfaWQiOiI2ODVlNTE1Zjg3OTk4Iiwic2hvcnRjb2RlIjoidmNfcm93IiwiZGF0YSI6eyJ0YWJsZXQiOnt9LCJtb2JpbGUiOnt9fX0=\" mobile_bg_img_hidden=\"no\" tablet_bg_img_hidden=\"no\" woodmart_parallax=\"0\" woodmart_gradient_switch=\"no\" woodmart_box_shadow=\"no\" wd_z_index=\"no\" woodmart_disable_overflow=\"0\" row_reverse_mobile=\"0\" row_reverse_tablet=\"0\"][vc_column width=\"1\/2\"][vc_column_text css=\"\" woodmart_inline=\"no\" text_larger=\"no\"]<\/p>\n<p style=\"text-align: justify;\">Las mascarillas bio con col\u00e1geno se han convertido en un pilar fundamental en los tratamientos post-dermapen y post-\u00e1cidos se debe a sus m\u00faltiples beneficios para la piel:<\/p>\n<p style=\"text-align: justify;\"><strong>Hidrataci\u00f3n Intensa:<\/strong><\/p>\n<p style=\"text-align: justify;\">El biocol\u00e1geno, una prote\u00edna natural del cuerpo, tiene una gran capacidad para retener la humedad, lo que ayuda a restaurar la barrera cut\u00e1nea da\u00f1ada por los tratamientos.<br \/>\n<strong>Reparaci\u00f3n Acelerada:<\/strong>\u00a0Estimula la producci\u00f3n de col\u00e1geno natural, favoreciendo la regeneraci\u00f3n de los tejidos y acelerando la cicatrizaci\u00f3n.<br \/>\n<strong>Efecto Tensor:<\/strong>\u00a0Mejora la elasticidad y firmeza de la piel, reduciendo la apariencia de arrugas y l\u00edneas de expresi\u00f3n.<br \/>\n<strong>Calmante y Anti-inflamatorio:<\/strong>\u00a0Alivia la irritaci\u00f3n y el enrojecimiento causados por los tratamientos, proporcionando una sensaci\u00f3n de confort inmediato.<\/p>\n<p style=\"text-align: justify;\"><strong>\u00bfPor qu\u00e9 son ideales despu\u00e9s de tratamientos de dermapen o \u00e1cidos?<\/strong><\/p>\n<p style=\"text-align: justify;\">Estos tratamientos, aunque efectivos, pueden causar microlesiones en la piel. Las mascarillas de biocol\u00e1geno act\u00faan como un vendaje natural, protegiendo la piel y proporcionando los nutrientes necesarios para su recuperaci\u00f3n.<\/p>\n<p style=\"text-align: justify;\"><strong>Caracter\u00edsticas de las mascarillas de biocol\u00e1geno de uso profesional<\/strong> :<\/p>\n<ul>\n<li style=\"text-align: justify;\"><strong>Alta concentraci\u00f3n de biocol\u00e1geno:<\/strong> Garantizan una m\u00e1xima eficacia en la reparaci\u00f3n y regeneraci\u00f3n de la piel.<\/li>\n<li style=\"text-align: justify;\"><strong>Ingredientes naturales:<\/strong> Suelen incluir otros ingredientes activos como \u00e1cido hialur\u00f3nico, extractos de plantas y p\u00e9ptidos, que potencian los beneficios del col\u00e1geno.<\/li>\n<li style=\"text-align: justify;\"><strong>Textura rica y cremosa:<\/strong> Forman una pel\u00edcula protectora sobre la piel, evitando la p\u00e9rdida de humedad.<\/li>\n<li style=\"text-align: justify;\"><strong>Presentaci\u00f3n en formatos individuales:<\/strong>\u00a0Facilitan su uso en cabina y garantizan la higiene.<\/li>\n<\/ul>\n<p>[\/vc_column_text][\/vc_column][vc_column width=\"1\/2\"][vc_column_text css=\"\" woodmart_inline=\"no\" text_larger=\"no\"]<\/p>\n<p style=\"text-align: justify;\"><strong>Beneficios adicionales<\/strong>:<\/p>\n<p style=\"text-align: justify;\">Unificaci\u00f3n del tono de piel: Ayudan a reducir manchas y cicatrices.<br \/>\nEfecto lifting: Proporcionan un aspecto m\u00e1s joven y luminoso.<br \/>\nPreparaci\u00f3n ideal para otros tratamientos: Facilitan la absorci\u00f3n de otros productos cosm\u00e9ticos.<\/p>\n<p>&nbsp;<\/p>\n<p>5 mascarillas por caja<\/p>\n<p style=\"text-align: justify;\"><strong>\u00bfC\u00f3mo se utilizan?<\/strong><\/p>\n<p style=\"text-align: justify;\">Generalmente, se aplican sobre la piel limpia y seca despu\u00e9s del tratamiento, dejando actuar durante el tiempo indicado por el fabricante.<\/p>\n<div>\n<p style=\"text-align: justify;\"><strong>Ingredientes<\/strong>:<\/p>\n<p style=\"text-align: justify;\">Water, Collagen , Extract, Galactomyces Ferment Filtrate, Glycerine, Acrylates Copolymer, Niacinamide, Ceratonia Siliqua, Chondrus Crispus Extract, Betaine, Algin, Dipropylene Glycol, Agar, Hydroxyacetophenone, 1,2-Hexanediol, Potassium Chloride, Polyglyceryl-10 Laurate, Caprylyl Glycol, Sucrose, Butylene Glycol, Allantoin, Ethylhexylglycerin, Hydrolyzed Hyaluronic Acid, Adenosine, Disodium EDTA, Pyrus C, ommunis (Pear) Fruit Extract, Rosa Damascena Flower Water, Iris Florentina Root Extract, Cucumis Melo (Melon) Fruit Extract, Hedera Helix (Ivy) Leaf\/Stem Extract, Dipotassium Glycyrrhizate, Bifida Ferment Filtrate, Tocopherol, Lactobacillus Ferment, Lactobacillus Ferment Lysate.<\/p>\n<\/div>\n<p>[\/vc_column_text][\/vc_column][\/vc_row]<\/p>\n<\/div>","protected":false},"excerpt":{"rendered":"<p style=\"text-align: justify;\">La mascarilla Bio con col\u00e1geno tiene un efecto hidratante superior al del \u00e1cido hialur\u00f3nico normal.<\/p>\n<p style=\"text-align: justify;\">Hidrata r\u00e1pidamente la superficie de la piel y penetra en las capas de la piel, lo que da como resultado una tez sana e hidratada.<\/p>\n<p style=\"text-align: justify;\">\u2713Para calmar y favorecer la hidrataci\u00f3n y luminosidad de la piel.<\/p>\n<p style=\"text-align: justify;\">\u2713 Ingredientes hidratantes, calmantes y regeneradores.<\/p>\n<p style=\"text-align: justify;\">\u2713 Tratamiento ligero<\/p>\n","protected":false},"featured_media":10499,"template":"","meta":{"_joinchat":[]},"product_brand":[],"product_cat":[20,95],"product_tag":[],"class_list":{"0":"post-9639","1":"product","2":"type-product","3":"status-publish","4":"has-post-thumbnail","6":"product_cat-mascarillas-faciales","7":"product_cat-facial","9":"first","10":"instock","11":"taxable","12":"shipping-taxable","13":"product-type-variable"},"_links":{"self":[{"href":"https:\/\/www.masderma.es\/distribuidora\/wp-json\/wp\/v2\/product\/9639","targetHints":{"allow":["GET"]}}],"collection":[{"href":"https:\/\/www.masderma.es\/distribuidora\/wp-json\/wp\/v2\/product"}],"about":[{"href":"https:\/\/www.masderma.es\/distribuidora\/wp-json\/wp\/v2\/types\/product"}],"wp:featuredmedia":[{"embeddable":true,"href":"https:\/\/www.masderma.es\/distribuidora\/wp-json\/wp\/v2\/media\/10499"}],"wp:attachment":[{"href":"https:\/\/www.masderma.es\/distribuidora\/wp-json\/wp\/v2\/media?parent=9639"}],"wp:term":[{"taxonomy":"product_brand","embeddable":true,"href":"https:\/\/www.masderma.es\/distribuidora\/wp-json\/wp\/v2\/product_brand?post=9639"},{"taxonomy":"product_cat","embeddable":true,"href":"https:\/\/www.masderma.es\/distribuidora\/wp-json\/wp\/v2\/product_cat?post=9639"},{"taxonomy":"product_tag","embeddable":true,"href":"https:\/\/www.masderma.es\/distribuidora\/wp-json\/wp\/v2\/product_tag?post=9639"}],"curies":[{"name":"wp","href":"https:\/\/api.w.org\/{rel}","templated":true}]}}