{"id":9676,"date":"2025-06-18T06:40:04","date_gmt":"2025-06-18T04:40:04","guid":{"rendered":"https:\/\/www.masderma.es\/distribuidora\/?post_type=product&#038;p=9676"},"modified":"2025-10-13T11:47:48","modified_gmt":"2025-10-13T09:47:48","slug":"slim-roller-remodelador-natural","status":"publish","type":"product","link":"https:\/\/www.masderma.es\/distribuidora\/producto\/slim-roller-remodelador-natural\/","title":{"rendered":"Slim Roller - remodelador natural"},"content":{"rendered":"<div class=\"wpb-content-wrapper\"><p>[vc_row gap=\"20\" woodmart_css_id=\"685eadc3e8cec\" responsive_spacing=\"eyJwYXJhbV90eXBlIjoid29vZG1hcnRfcmVzcG9uc2l2ZV9zcGFjaW5nIiwic2VsZWN0b3JfaWQiOiI2ODVlYWRjM2U4Y2VjIiwic2hvcnRjb2RlIjoidmNfcm93IiwiZGF0YSI6eyJ0YWJsZXQiOnt9LCJtb2JpbGUiOnt9fX0=\" mobile_bg_img_hidden=\"no\" tablet_bg_img_hidden=\"no\" woodmart_parallax=\"0\" woodmart_gradient_switch=\"no\" woodmart_box_shadow=\"no\" wd_z_index=\"no\" woodmart_disable_overflow=\"0\" row_reverse_mobile=\"0\" row_reverse_tablet=\"0\"][vc_column width=\"1\/2\"][vc_column_text css=\"\" woodmart_inline=\"no\" text_larger=\"no\"]<\/p>\n<div id=\"wd-662007693171d\" class=\"wd-text-block wd-wpb reset-last-child wd-rs-662007693171d text-left vc_custom_1713375099303\">\n<p style=\"text-align: justify;\">El <strong>objetivo de este tratamiento<\/strong> es favorecer la eliminaci\u00f3n de la celulitis y obtener una silueta esbelta.<\/p>\n<p style=\"text-align: justify;\">Adem\u00e1s, el dispositivo est\u00e1 equipado con una serie de otras funciones: activa el sistema linf\u00e1tico, acelera la descomposici\u00f3n del tejido adiposo, apoya la rehabilitaci\u00f3n postraum\u00e1tica, as\u00ed como la preparaci\u00f3n para el entrenamiento deportivo y reafirmaci\u00f3n dela piel, etc.<\/p>\n<\/div>\n<div id=\"wd-662007b9b1b62\" class=\"wd-text-block wd-wpb reset-last-child wd-rs-662007b9b1b62 text-left vc_custom_1713375170751\">\n<p style=\"text-align: justify;\">Estimula la renovaci\u00f3n celular.<\/p>\n<\/div>\n<p>[\/vc_column_text][\/vc_column][vc_column width=\"1\/2\"][vc_column_text css=\"\" woodmart_inline=\"no\" text_larger=\"no\"]<\/p>\n<p style=\"text-align: justify;\"><strong>BENEFICIOS:<\/strong><\/p>\n<p style=\"text-align: justify;\">Estimula el drenaje linf\u00e1tico \u2013 Aumenta el metabolismo \u2013 Reduce el tejido graso \u2013 Elimina los productos de desecho \u2013 Da forma al cuerpo \u2013 Suaviza y reafirma la piel \u2013 Elimina la tensi\u00f3n muscular \u2013 Reduce la apariencia de la celulitis \u2013 Alivia la hinchaz\u00f3n<\/p>\n<p>[\/vc_column_text][\/vc_column][\/vc_row]<\/p>\n<\/div>","protected":false},"excerpt":{"rendered":"<div class=\"vc_row wpb_row vc_row-fluid vc_custom_1713453006631 vc_row-has-fill wd-bg-center-top wd-rs-662137cfd15f2\" data-vc-full-width=\"true\" data-vc-full-width-init=\"true\">\n<div class=\"wpb_column vc_column_container vc_col-sm-12\">\n<div class=\"vc_column-inner vc_custom_1620650352188\">\n<div class=\"wpb_wrapper\">\n<div class=\"wpb_text_column wpb_content_element\">\n<div class=\"wpb_wrapper\">\n<p style=\"text-align: justify;\">Slim Roller est\u00e1 dise\u00f1ado para estimular el drenaje linf\u00e1tico, mejorar la celulitis y dar forma a todas las partes del cuerpo utilizando luz infrarroja y rodillos mec\u00e1nicos de madera con formas \u00fanicas.<\/p>\n<p style=\"text-align: justify;\">Tiene una configuraci\u00f3n programable que se adapta a cada cliente.<\/p>\n<p><strong><em>*Para pagos aplazados cons\u00faltanos<\/em><\/strong><\/p>\n<p style=\"text-align: justify;\"><a href=\"https:\/\/www.slimroller.es\" target=\"_blank\" rel=\"noopener\">Visita nuestra web espec\u00edfica para m\u00e1s informaci\u00f3n<\/a><\/p>\n<\/div>\n<\/div>\n<\/div>\n<\/div>\n<\/div>\n<\/div>\n<div class=\"vc_row-full-width vc_clearfix\" style=\"text-align: justify;\"><\/div>\n<div class=\"vc_row wpb_row vc_row-fluid vc_custom_1713453035823 wd-rs-662137edd1b8d\">\n<div class=\"wpb_column vc_column_container vc_col-sm-6 wd-rs-67f7fb177c273\">\n<div class=\"vc_column-inner\">\n<div class=\"wpb_wrapper\">\n<div class=\"vc_row wpb_row vc_inner vc_row-fluid vc_custom_1744379638527 wd-rs-67f91f07d88bb\">\n<div class=\"wpb_column vc_column_container vc_col-sm-12\">\n<div class=\"vc_column-inner\">\n<div class=\"wpb_wrapper\">\n<div id=\"\" class=\" wd-rs-662134af35120 wd-social-icons wd-style-primary wd-size-default social-follow wd-shape-circle color-scheme-dark text-center\"><\/div>\n<\/div>\n<\/div>\n<\/div>\n<\/div>\n<\/div>\n<\/div>\n<\/div>\n<\/div>\n","protected":false},"featured_media":10160,"template":"","meta":{"_joinchat":[]},"product_brand":[],"product_cat":[22],"product_tag":[],"class_list":{"0":"post-9676","1":"product","2":"type-product","3":"status-publish","4":"has-post-thumbnail","6":"product_cat-slim-roller","8":"first","9":"instock","10":"taxable","11":"shipping-taxable","12":"product-type-simple"},"_links":{"self":[{"href":"https:\/\/www.masderma.es\/distribuidora\/wp-json\/wp\/v2\/product\/9676","targetHints":{"allow":["GET"]}}],"collection":[{"href":"https:\/\/www.masderma.es\/distribuidora\/wp-json\/wp\/v2\/product"}],"about":[{"href":"https:\/\/www.masderma.es\/distribuidora\/wp-json\/wp\/v2\/types\/product"}],"wp:featuredmedia":[{"embeddable":true,"href":"https:\/\/www.masderma.es\/distribuidora\/wp-json\/wp\/v2\/media\/10160"}],"wp:attachment":[{"href":"https:\/\/www.masderma.es\/distribuidora\/wp-json\/wp\/v2\/media?parent=9676"}],"wp:term":[{"taxonomy":"product_brand","embeddable":true,"href":"https:\/\/www.masderma.es\/distribuidora\/wp-json\/wp\/v2\/product_brand?post=9676"},{"taxonomy":"product_cat","embeddable":true,"href":"https:\/\/www.masderma.es\/distribuidora\/wp-json\/wp\/v2\/product_cat?post=9676"},{"taxonomy":"product_tag","embeddable":true,"href":"https:\/\/www.masderma.es\/distribuidora\/wp-json\/wp\/v2\/product_tag?post=9676"}],"curies":[{"name":"wp","href":"https:\/\/api.w.org\/{rel}","templated":true}]}}