{"id":9681,"date":"2025-06-27T17:02:09","date_gmt":"2025-06-27T15:02:09","guid":{"rendered":"https:\/\/www.masderma.es\/distribuidora\/?post_type=product&#038;p=9681"},"modified":"2025-12-01T14:02:47","modified_gmt":"2025-12-01T13:02:47","slug":"belle-en-rouge-for-women","status":"publish","type":"product","link":"https:\/\/www.masderma.es\/distribuidora\/producto\/belle-en-rouge-for-women\/","title":{"rendered":"Belle en Rouge for Women"},"content":{"rendered":"<div class=\"wpb-content-wrapper\"><p>[vc_row gap=\"20\" woodmart_css_id=\"685eb2fbea517\" responsive_spacing=\"eyJwYXJhbV90eXBlIjoid29vZG1hcnRfcmVzcG9uc2l2ZV9zcGFjaW5nIiwic2VsZWN0b3JfaWQiOiI2ODVlYjJmYmVhNTE3Iiwic2hvcnRjb2RlIjoidmNfcm93IiwiZGF0YSI6eyJ0YWJsZXQiOnt9LCJtb2JpbGUiOnt9fX0=\" mobile_bg_img_hidden=\"no\" tablet_bg_img_hidden=\"no\" woodmart_parallax=\"0\" woodmart_gradient_switch=\"no\" woodmart_box_shadow=\"no\" wd_z_index=\"no\" woodmart_disable_overflow=\"0\" row_reverse_mobile=\"0\" row_reverse_tablet=\"0\"][vc_column width=\"1\/2\"][vc_column_text css=\"\" woodmart_inline=\"no\" text_larger=\"no\"][\/vc_column_text][\/vc_column][vc_column width=\"1\/2\"][vc_column_text css=\"\" woodmart_inline=\"no\" text_larger=\"no\"]<\/p>\n<p style=\"text-align: justify;\">Un aroma floral y goloso.<\/p>\n<p style=\"text-align: justify;\"><strong>Notas de salida<\/strong>: vainilla, orqu\u00eddea, caramelo, pimienta rosa.<\/p>\n<p style=\"text-align: justify;\"><strong>Notas de coraz\u00f3n<\/strong>: guisante de olor, rosa.<\/p>\n<p style=\"text-align: justify;\"><strong>Notas de fondo<\/strong>: tonka, flores y almizcle.<\/p>\n<p style=\"text-align: justify;\"><strong>Tama\u00f1o<\/strong>: 85 ml<\/p>\n<p>[\/vc_column_text][\/vc_column][\/vc_row]<\/p>\n<\/div>","protected":false},"excerpt":{"rendered":"<p><strong>Belle en Rouge<\/strong><em> for women<\/em><\/p>\n<p style=\"text-align: justify;\"><strong>Un fest\u00edn para los sentidos<\/strong>: D\u00e9jate seducir por esta fragancia que combina la dulzura de un caramelo reci\u00e9n hecho con la elegancia de un ramo de flores.<\/p>\n<p style=\"text-align: justify;\">La vainilla y la orqu\u00eddea crean una apertura c\u00e1lida y envolvente, mientras que el guisante de olor y la rosa aportan un toque femenino y rom\u00e1ntico.<\/p>\n<p style=\"text-align: justify;\">Las notas de fondo de haba tonka, flores y almizcle fijan la fragancia en la piel, dejando una estela inolvidable.<\/p>\n","protected":false},"featured_media":9775,"template":"","meta":{"_joinchat":[]},"product_brand":[],"product_cat":[21],"product_tag":[],"class_list":{"0":"post-9681","1":"product","2":"type-product","3":"status-publish","4":"has-post-thumbnail","6":"product_cat-perfumes","8":"first","9":"instock","10":"taxable","11":"shipping-taxable","12":"product-type-simple"},"_links":{"self":[{"href":"https:\/\/www.masderma.es\/distribuidora\/wp-json\/wp\/v2\/product\/9681","targetHints":{"allow":["GET"]}}],"collection":[{"href":"https:\/\/www.masderma.es\/distribuidora\/wp-json\/wp\/v2\/product"}],"about":[{"href":"https:\/\/www.masderma.es\/distribuidora\/wp-json\/wp\/v2\/types\/product"}],"wp:featuredmedia":[{"embeddable":true,"href":"https:\/\/www.masderma.es\/distribuidora\/wp-json\/wp\/v2\/media\/9775"}],"wp:attachment":[{"href":"https:\/\/www.masderma.es\/distribuidora\/wp-json\/wp\/v2\/media?parent=9681"}],"wp:term":[{"taxonomy":"product_brand","embeddable":true,"href":"https:\/\/www.masderma.es\/distribuidora\/wp-json\/wp\/v2\/product_brand?post=9681"},{"taxonomy":"product_cat","embeddable":true,"href":"https:\/\/www.masderma.es\/distribuidora\/wp-json\/wp\/v2\/product_cat?post=9681"},{"taxonomy":"product_tag","embeddable":true,"href":"https:\/\/www.masderma.es\/distribuidora\/wp-json\/wp\/v2\/product_tag?post=9681"}],"curies":[{"name":"wp","href":"https:\/\/api.w.org\/{rel}","templated":true}]}}