{"id":9957,"date":"2025-09-30T11:32:56","date_gmt":"2025-09-30T09:32:56","guid":{"rendered":"https:\/\/www.masderma.es\/distribuidora\/?post_type=product&#038;p=9957"},"modified":"2025-11-07T19:49:47","modified_gmt":"2025-11-07T18:49:47","slug":"locion-neutralizante-para-post-peelings-quimicos-200ml","status":"publish","type":"product","link":"https:\/\/www.masderma.es\/distribuidora\/producto\/locion-neutralizante-para-post-peelings-quimicos-200ml\/","title":{"rendered":"Loci\u00f3n Neutralizante para Post-Peelings Qu\u00edmicos 200ml Idealderm"},"content":{"rendered":"<div class=\"wpb-content-wrapper\"><p>[vc_row gap=\"20\" equal_height=\"yes\" responsive_tabs_advanced=\"mobile\" woodmart_css_id=\"68dba060afdbf\" responsive_spacing=\"eyJwYXJhbV90eXBlIjoid29vZG1hcnRfcmVzcG9uc2l2ZV9zcGFjaW5nIiwic2VsZWN0b3JfaWQiOiI2OGRiYTA2MGFmZGJmIiwic2hvcnRjb2RlIjoidmNfcm93IiwiZGF0YSI6eyJ0YWJsZXQiOnt9LCJtb2JpbGUiOnt9fX0=\" mobile_bg_img_hidden=\"no\" tablet_bg_img_hidden=\"no\" woodmart_parallax=\"0\" woodmart_gradient_switch=\"no\" woodmart_box_shadow=\"no\" wd_z_index=\"no\" woodmart_disable_overflow=\"0\" row_reverse_mobile=\"1\" row_reverse_tablet=\"0\"][vc_column width=\"1\/2\" css=\".vc_custom_1759224071130{margin-top: -30px !important;border-right-width: 1px !important;background-image: url(https:\/\/www.masderma.es\/distribuidora\/wp-content\/uploads\/2025\/09\/logo-agua2.png?id=9956) !important;background-position: center !important;background-repeat: no-repeat !important;background-size: contain !important;border-right-style: solid !important;border-color: #C2C2C2 !important;}\" woodmart_css_id=\"68dba0fd7b727\" parallax_scroll=\"no\" woodmart_sticky_column=\"false\" wd_collapsible_content_switcher=\"no\" wd_column_role_offcanvas_desktop=\"no\" wd_column_role_offcanvas_tablet=\"no\" wd_column_role_offcanvas_mobile=\"no\" wd_column_role_content_desktop=\"no\" wd_column_role_content_tablet=\"no\" wd_column_role_content_mobile=\"no\" mobile_bg_img_hidden=\"no\" tablet_bg_img_hidden=\"no\" woodmart_parallax=\"0\" woodmart_box_shadow=\"no\" responsive_spacing=\"eyJwYXJhbV90eXBlIjoid29vZG1hcnRfcmVzcG9uc2l2ZV9zcGFjaW5nIiwic2VsZWN0b3JfaWQiOiI2OGRiYTBmZDdiNzI3Iiwic2hvcnRjb2RlIjoidmNfY29sdW1uIiwiZGF0YSI6eyJ0YWJsZXQiOnt9LCJtb2JpbGUiOnsibWFyZ2luLXRvcCI6Ii1weCIsImJvcmRlci1yaWdodC13aWR0aCI6IjBweCIsInBhZGRpbmctdG9wIjoiMHB4In19fQ==\" mobile_reset_margin=\"no\" tablet_reset_margin=\"no\" wd_z_index=\"no\"][vc_column_text css=\"\" woodmart_inline=\"no\" text_larger=\"no\"]<\/p>\n<p style=\"text-align: justify;\"><strong>Principios activos clave:<\/strong><\/p>\n<ul style=\"text-align: justify;\">\n<li>Pantenol<\/li>\n<li>Alanto\u00edna<\/li>\n<li>Aloe Vera Barbadensis<\/li>\n<li>Lactato de Mentilo<\/li>\n<li>Carbonato de Sodio<\/li>\n<li>Glicerina<\/li>\n<\/ul>\n<p style=\"text-align: justify;\"><strong>Instrucciones de uso:<\/strong><\/p>\n<ul style=\"text-align: justify;\">\n<li>Retire el peeling con abundante agua y luego roc\u00ede uniformemente sobre la zona tratada hasta que la acci\u00f3n del peeling est\u00e9 completamente neutralizada.<\/li>\n<li>Deje actuar unos minutos y enjuague con agua.<\/li>\n<li>Contin\u00fae con la rutina de cuidado de la piel adecuada.<\/li>\n<li>Apto para todo tipo de piel.<\/li>\n<\/ul>\n<p style=\"text-align: justify;\"><strong>Informaci\u00f3n de seguridad:<\/strong><\/p>\n<ul style=\"text-align: justify;\">\n<li style=\"text-align: left;\">Solo para uso externo.<\/li>\n<li style=\"text-align: left;\">Evite el contacto con los ojos y las mucosas.<\/li>\n<li style=\"text-align: left;\">En caso de contacto con los ojos, enjuague inmediatamente con abundante agua.<\/li>\n<li style=\"text-align: left;\">Mantener fuera del alcance de los ni\u00f1os.<\/li>\n<li style=\"text-align: left;\">Interrumpa su uso si se produce irritaci\u00f3n.<\/li>\n<li style=\"text-align: left;\">Conservar en un lugar fresco y seco, alejado de la luz solar directa.<\/li>\n<\/ul>\n<p>[\/vc_column_text][\/vc_column][vc_column width=\"1\/2\" css=\".vc_custom_1759224201661{background-image: url(https:\/\/www.masderma.es\/distribuidora\/wp-content\/uploads\/2025\/09\/logo-agua2.png?id=9956) !important;background-position: center !important;background-repeat: no-repeat !important;background-size: contain !important;}\" woodmart_css_id=\"68dba17dea959\" parallax_scroll=\"no\" woodmart_sticky_column=\"false\" wd_collapsible_content_switcher=\"no\" wd_column_role_offcanvas_desktop=\"no\" wd_column_role_offcanvas_tablet=\"no\" wd_column_role_offcanvas_mobile=\"no\" wd_column_role_content_desktop=\"no\" wd_column_role_content_tablet=\"no\" wd_column_role_content_mobile=\"no\" mobile_bg_img_hidden=\"no\" tablet_bg_img_hidden=\"no\" woodmart_parallax=\"0\" woodmart_box_shadow=\"no\" responsive_spacing=\"eyJwYXJhbV90eXBlIjoid29vZG1hcnRfcmVzcG9uc2l2ZV9zcGFjaW5nIiwic2VsZWN0b3JfaWQiOiI2OGRiYTE3ZGVhOTU5Iiwic2hvcnRjb2RlIjoidmNfY29sdW1uIiwiZGF0YSI6eyJ0YWJsZXQiOnt9LCJtb2JpbGUiOnsibWFyZ2luLXRvcCI6Ii00MHB4In19fQ==\" mobile_reset_margin=\"no\" tablet_reset_margin=\"no\" wd_z_index=\"no\"][vc_column_text css=\"\" woodmart_inline=\"no\" text_larger=\"no\"]<\/p>\n<p style=\"text-align: justify;\">Despu\u00e9s de un tratamiento exfoliante, es extremadamente importante neutralizar nuevamente el \u00e1cido para prevenir el \"peeling excesivo\" (overpeel) que puede ocurrir tras una penetraci\u00f3n excepcionalmente profunda en la piel.<\/p>\n<p style=\"text-align: justify;\">Esta loci\u00f3n neutralizante, con un pH alcalino, est\u00e1 formulada espec\u00edficamente para detener suavemente la acci\u00f3n de los peelings (asegura que el pH de la piel bloquee cualquier exposici\u00f3n adicional a los \u00e1cidos) y restaurar el equilibrio de la piel.<br \/>\nSu mezcla de ingredientes cuidadosamente seleccionados aporta confort y bienestar durante los tratamientos profesionales.<\/p>\n<p style=\"text-align: justify;\"><strong>Caracter\u00edsticas:<\/strong><\/p>\n<ul style=\"text-align: justify;\">\n<li>El jugo de hoja de aloe vera y los extractos de manzanilla y cal\u00e9ndula se utilizan tradicionalmente para aportar frescura y una sensaci\u00f3n agradable a la piel.<\/li>\n<li>El pantenol y la alanto\u00edna son conocidos por sus propiedades calmantes, ayudando a reducir el malestar tras la exfoliaci\u00f3n.<\/li>\n<li>La presencia de lactato de mentilo proporciona un ligero efecto refrescante, mientras que agentes hidratantes como la glicerina contribuyen a mantener la hidrataci\u00f3n de la piel.<\/li>\n<\/ul>\n<p style=\"text-align: justify;\">Con su composici\u00f3n equilibrada, esta loci\u00f3n favorece una experiencia post-peeling suave y contribuye a dejar la piel c\u00f3moda, calmada y fresca.<\/p>\n<p>[\/vc_column_text][\/vc_column][\/vc_row]<\/p>\n<\/div>","protected":false},"excerpt":{"rendered":"<p style=\"text-align: justify;\">Loci\u00f3n neutralizante, con un pH alcalino, formulada espec\u00edficamente para detener suavemente la acci\u00f3n de los peelings (asegura que el pH de la piel bloquee cualquier exposici\u00f3n adicional a los \u00e1cidos) y restaurar el equilibrio de la piel.<\/p>\n<ul style=\"text-align: justify;\">\n<li>Apta para todo tipo de piel, especialmente piel sensible o propensa al enrojecimiento<\/li>\n<li>Neutraliza la piel despu\u00e9s de peelings qu\u00edmicos o cosm\u00e9ticos<\/li>\n<li>Enriquecida con extractos de aloe vera, manzanilla y cal\u00e9ndula para un confort calmante<\/li>\n<li>Con pantenol y alanto\u00edna para apoyar la hidrataci\u00f3n y suavidad de la piel<\/li>\n<li>Textura ligera y refrescante para el cuidado est\u00e9tico profesional y en casa<\/li>\n<\/ul>\n<p style=\"text-align: justify;\"><strong>Presentaci\u00f3n: <\/strong>Frasco de 200 ml con pulverizador ergon\u00f3mico tipo pistola (sin CFC), ideal para una aplicaci\u00f3n precisa y uniforme sobre la piel. Rinde para aproximadamente 40 a 60 tratamientos.<\/p>\n","protected":false},"featured_media":10040,"template":"","meta":{"_joinchat":[]},"product_brand":[],"product_cat":[95,102],"product_tag":[],"class_list":{"0":"post-9957","1":"product","2":"type-product","3":"status-publish","4":"has-post-thumbnail","6":"product_cat-facial","7":"product_cat-locion","9":"first","10":"instock","11":"taxable","12":"shipping-taxable","13":"product-type-simple"},"_links":{"self":[{"href":"https:\/\/www.masderma.es\/distribuidora\/wp-json\/wp\/v2\/product\/9957","targetHints":{"allow":["GET"]}}],"collection":[{"href":"https:\/\/www.masderma.es\/distribuidora\/wp-json\/wp\/v2\/product"}],"about":[{"href":"https:\/\/www.masderma.es\/distribuidora\/wp-json\/wp\/v2\/types\/product"}],"wp:featuredmedia":[{"embeddable":true,"href":"https:\/\/www.masderma.es\/distribuidora\/wp-json\/wp\/v2\/media\/10040"}],"wp:attachment":[{"href":"https:\/\/www.masderma.es\/distribuidora\/wp-json\/wp\/v2\/media?parent=9957"}],"wp:term":[{"taxonomy":"product_brand","embeddable":true,"href":"https:\/\/www.masderma.es\/distribuidora\/wp-json\/wp\/v2\/product_brand?post=9957"},{"taxonomy":"product_cat","embeddable":true,"href":"https:\/\/www.masderma.es\/distribuidora\/wp-json\/wp\/v2\/product_cat?post=9957"},{"taxonomy":"product_tag","embeddable":true,"href":"https:\/\/www.masderma.es\/distribuidora\/wp-json\/wp\/v2\/product_tag?post=9957"}],"curies":[{"name":"wp","href":"https:\/\/api.w.org\/{rel}","templated":true}]}}