{"id":9967,"date":"2025-09-30T12:26:42","date_gmt":"2025-09-30T10:26:42","guid":{"rendered":"https:\/\/www.masderma.es\/distribuidora\/?post_type=product&#038;p=9967"},"modified":"2025-11-07T19:48:31","modified_gmt":"2025-11-07T18:48:31","slug":"peeling-facial-contra-las-arrugas-alternativa-a-las-inyecciones","status":"publish","type":"product","link":"https:\/\/www.masderma.es\/distribuidora\/producto\/peeling-facial-contra-las-arrugas-alternativa-a-las-inyecciones\/","title":{"rendered":"Peeling facial Power Tox , Tratamiento de Choque Antiedad"},"content":{"rendered":"<div class=\"wpb-content-wrapper\"><p>[vc_row gap=\"20\" equal_height=\"yes\" responsive_tabs_advanced=\"mobile\" woodmart_css_id=\"68dba060afdbf\" responsive_spacing=\"eyJwYXJhbV90eXBlIjoid29vZG1hcnRfcmVzcG9uc2l2ZV9zcGFjaW5nIiwic2VsZWN0b3JfaWQiOiI2OGRiYTA2MGFmZGJmIiwic2hvcnRjb2RlIjoidmNfcm93IiwiZGF0YSI6eyJ0YWJsZXQiOnt9LCJtb2JpbGUiOnt9fX0=\" mobile_bg_img_hidden=\"no\" tablet_bg_img_hidden=\"no\" woodmart_parallax=\"0\" woodmart_gradient_switch=\"no\" woodmart_box_shadow=\"no\" wd_z_index=\"no\" woodmart_disable_overflow=\"0\" row_reverse_mobile=\"1\" row_reverse_tablet=\"0\"][vc_column width=\"1\/2\" css=\".vc_custom_1759224071130{margin-top: -30px !important;border-right-width: 1px !important;background-image: url(https:\/\/www.masderma.es\/distribuidora\/wp-content\/uploads\/2025\/09\/logo-agua2.png?id=9956) !important;background-position: center !important;background-repeat: no-repeat !important;background-size: contain !important;border-right-style: solid !important;border-color: #C2C2C2 !important;}\" woodmart_css_id=\"68dba0fd7b727\" parallax_scroll=\"no\" woodmart_sticky_column=\"false\" wd_collapsible_content_switcher=\"no\" wd_column_role_offcanvas_desktop=\"no\" wd_column_role_offcanvas_tablet=\"no\" wd_column_role_offcanvas_mobile=\"no\" wd_column_role_content_desktop=\"no\" wd_column_role_content_tablet=\"no\" wd_column_role_content_mobile=\"no\" mobile_bg_img_hidden=\"no\" tablet_bg_img_hidden=\"no\" woodmart_parallax=\"0\" woodmart_box_shadow=\"no\" responsive_spacing=\"eyJwYXJhbV90eXBlIjoid29vZG1hcnRfcmVzcG9uc2l2ZV9zcGFjaW5nIiwic2VsZWN0b3JfaWQiOiI2OGRiYTBmZDdiNzI3Iiwic2hvcnRjb2RlIjoidmNfY29sdW1uIiwiZGF0YSI6eyJ0YWJsZXQiOnt9LCJtb2JpbGUiOnsibWFyZ2luLXRvcCI6Ii1weCIsImJvcmRlci1yaWdodC13aWR0aCI6IjBweCIsInBhZGRpbmctdG9wIjoiMHB4In19fQ==\" mobile_reset_margin=\"no\" tablet_reset_margin=\"no\" wd_z_index=\"no\"][vc_column_text css=\"\" woodmart_inline=\"no\" text_larger=\"no\"]<\/p>\n<p style=\"text-align: justify;\"><strong>Ingredientes:<\/strong><\/p>\n<p style=\"text-align: justify;\">Agua, \u00e1cido mand\u00e9lico, alcohol desnaturalizado, beta\u00edna, \u00e1cido salic\u00edlico, \u00e1cido l\u00e1ctico, mentol, \u00e1cido azelaico, \u00e1cido urs\u00f3lico, hidr\u00f3xido de sodio, hidroxietilcelulosa, dis\u00f3dico EDTA.<\/p>\n<p style=\"text-align: justify;\"><strong>Agua (agua)<\/strong><br \/>\nEl solvente principal de la f\u00f3rmula, que proporciona hidrataci\u00f3n y ayuda a distribuir eficazmente otros ingredientes activos sobre la piel.<\/p>\n<p style=\"text-align: justify;\"><strong>\u00c1cido mand\u00e9lico<\/strong><br \/>\nUn alfa-hidroxi\u00e1cido (AHA) suave que exfolia suavemente la piel, ayudando a reducir la pigmentaci\u00f3n, las l\u00edneas finas y las arrugas, mientras promueve un tono de piel m\u00e1s brillante y una complexi\u00f3n m\u00e1s suave.<\/p>\n<p style=\"text-align: justify;\"><strong>Alcohol desnaturalizado (alcohol desnaturalizado)<\/strong><br \/>\nSe utiliza como solvente para disolver los ingredientes activos y permitir su penetraci\u00f3n profunda en la piel. Tambi\u00e9n proporciona un acabado de secado r\u00e1pido, haciendo que el proceso de exfoliaci\u00f3n sea eficaz y eficiente.<\/p>\n<p style=\"text-align: justify;\"><strong>Beta\u00edna<\/strong><br \/>\nUn agente hidratante derivado de la remolacha azucarera que ayuda a calmar la piel durante la exfoliaci\u00f3n, previniendo la irritaci\u00f3n mientras promueve la hidrataci\u00f3n.<\/p>\n<p style=\"text-align: justify;\"><strong>\u00c1cido salic\u00edlico<\/strong><br \/>\nUn beta-hidroxi\u00e1cido (BHA) que penetra profundamente en los poros, exfoliando la piel desde dentro. Ayuda a tratar el acn\u00e9, reducir la inflamaci\u00f3n y suavizar la textura de la piel, lo que lo hace ideal para tratamientos anti-envejecimiento.<\/p>\n<p style=\"text-align: justify;\"><strong>\u00c1cido l\u00e1ctico<\/strong><br \/>\nUn AHA que exfolia suavemente, ilumina la piel y aumenta la retenci\u00f3n de humedad, ayudando a mejorar la textura general de la piel y reducir la apariencia de l\u00edneas finas.<\/p>\n<p style=\"text-align: justify;\"><strong>Mentol<\/strong><br \/>\nUn ingrediente calmante y refrescante que proporciona alivio y frescura a la piel, reduciendo cualquier incomodidad o irritaci\u00f3n causada por el proceso de exfoliaci\u00f3n.<\/p>\n<p style=\"text-align: justify;\"><strong>\u00c1cido azelaico<\/strong><br \/>\nUn \u00e1cido de origen natural que tiene propiedades antiinflamatorias e iluminadoras. Ayuda a reducir la hiperpigmentaci\u00f3n, unificar el tono de la piel y calmar el enrojecimiento, lo que lo hace ideal para pieles sensibles.<\/p>\n<p style=\"text-align: justify;\"><strong>\u00c1cido urs\u00f3lico<\/strong><br \/>\nUn compuesto rico en antioxidantes que ayuda a calmar la piel, reducir la irritaci\u00f3n y mejorar la apariencia general de la piel al apoyar su elasticidad y salud.<\/p>\n<p style=\"text-align: justify;\"><strong>Hidr\u00f3xido de sodio<\/strong><br \/>\nSe utiliza para ajustar el pH de la f\u00f3rmula, asegurando que la soluci\u00f3n exfoliante sea eficaz pero segura para la piel.<\/p>\n<p style=\"text-align: justify;\"><strong>Hidroxietilcelulosa<\/strong><br \/>\nUn agente espesante natural que mejora la textura de la soluci\u00f3n exfoliante, facilitando su aplicaci\u00f3n de manera suave y uniforme sobre la piel.<\/p>\n<p style=\"text-align: justify;\"><strong>Dis\u00f3dico EDTA<\/strong><br \/>\nUn agente quelante que se une a los iones met\u00e1licos, estabilizando el producto y mejorando la eficacia de los ingredientes activos al prevenir su degradaci\u00f3n.<\/p>\n<p style=\"text-align: justify;\"><strong>Consejos de utilizaci\u00f3n:<\/strong><\/p>\n<p style=\"text-align: justify;\">Siga las instrucciones de usuario muy detalladas paso a paso incluidas.<\/p>\n<p>[\/vc_column_text][\/vc_column][vc_column width=\"1\/2\" css=\".vc_custom_1759224201661{background-image: url(https:\/\/www.masderma.es\/distribuidora\/wp-content\/uploads\/2025\/09\/logo-agua2.png?id=9956) !important;background-position: center !important;background-repeat: no-repeat !important;background-size: contain !important;}\" woodmart_css_id=\"68dba17dea959\" parallax_scroll=\"no\" woodmart_sticky_column=\"false\" wd_collapsible_content_switcher=\"no\" wd_column_role_offcanvas_desktop=\"no\" wd_column_role_offcanvas_tablet=\"no\" wd_column_role_offcanvas_mobile=\"no\" wd_column_role_content_desktop=\"no\" wd_column_role_content_tablet=\"no\" wd_column_role_content_mobile=\"no\" mobile_bg_img_hidden=\"no\" tablet_bg_img_hidden=\"no\" woodmart_parallax=\"0\" woodmart_box_shadow=\"no\" responsive_spacing=\"eyJwYXJhbV90eXBlIjoid29vZG1hcnRfcmVzcG9uc2l2ZV9zcGFjaW5nIiwic2VsZWN0b3JfaWQiOiI2OGRiYTE3ZGVhOTU5Iiwic2hvcnRjb2RlIjoidmNfY29sdW1uIiwiZGF0YSI6eyJ0YWJsZXQiOnt9LCJtb2JpbGUiOnsibWFyZ2luLXRvcCI6Ii00MHB4In19fQ==\" mobile_reset_margin=\"no\" tablet_reset_margin=\"no\" wd_z_index=\"no\"][vc_column_text css=\"\" woodmart_inline=\"no\" text_larger=\"no\"]<\/p>\n<p style=\"text-align: justify;\"><strong>Caracteristicas:<\/strong><\/p>\n<div class=\"row\" style=\"text-align: justify;\">\n<div class=\"col-sm-6\" spellcheck=\"false\" data-lt-tmp-id=\"lt-515694\" data-gramm=\"false\">\n<p>La alternativa cosm\u00e9tica a las microinyecciones.<\/p>\n<\/div>\n<p><strong>PowerTox Peeling 50%<\/strong><\/p>\n<\/div>\n<div class=\"col-sm-12\" style=\"text-align: justify;\" spellcheck=\"false\" data-lt-tmp-id=\"lt-110480\" data-gramm=\"false\">\n<div class=\"display\">\n<p><strong>Peeling facial contra las arrugas, con un 50% de ingredientes activos potentes!<\/strong><\/p>\n<\/div>\n<\/div>\n<div class=\"row\">\n<div class=\"col-sm-6\" style=\"text-align: justify;\" spellcheck=\"false\" data-lt-tmp-id=\"lt-461302\" data-gramm=\"false\">Desarrollado para reducir y prevenir eficazmente las arrugas y los signos del envejecimiento.Este potente peeling, suave pero altamente concentrado, es una soluci\u00f3n sin agujas dise\u00f1ada para ofrecer resultados a largo plazo sin los posibles efectos secundarios de las inyecciones:<br \/>\n- Reducci\u00f3n de arrugas, l\u00edneas finas y flacidez.<br \/>\n- Renovaci\u00f3n de la piel.<\/div>\n<div class=\"col-sm-6\" spellcheck=\"false\" data-lt-tmp-id=\"lt-461302\" data-gramm=\"false\">\n<p style=\"text-align: justify;\"><strong>Ventajas del POWERTOX Peeling 50%:<\/strong><\/p>\n<p style=\"text-align: justify;\"><strong>Sin Agujas<\/strong><\/p>\n<p style=\"text-align: justify;\">Soluci\u00f3n sin agujas que ofrece resultados a largo plazo sin los posibles efectos secundarios de las inyecciones. Gracias a su aplicaci\u00f3n en el rostro, el cuello y el escote, la acci\u00f3n es generalizada en lugar de limitada a unas pocas arrugas, como ocurre con algunas microinyecciones.<\/p>\n<p style=\"text-align: justify;\"><strong>Complejo Activo Concentrado al 50%<\/strong><\/p>\n<p style=\"text-align: justify;\">Peeling con un 50% de ingredientes activos potentes seleccionados por su eficacia y compatibilidad con la piel: \u00e1cido mand\u00e9lico, \u00e1cido salic\u00edlico, \u00e1cido l\u00e1ctico, betaina, \u00e1cido azelaico, \u00e1cido urs\u00f3lico, mentol.<\/p>\n<p style=\"text-align: justify;\"><strong>Hecho en Alemania<\/strong><\/p>\n<p style=\"text-align: justify;\">DDescubre el PowerTox Peeling 50%: una soluci\u00f3n de cuidado de la piel premium innovadora, meticulosamente elaborada en Alemania, que establece un nuevo est\u00e1ndar en los peelings faciales.<\/p>\n<p style=\"text-align: justify;\"><strong>Vegano<\/strong><\/p>\n<p style=\"text-align: justify;\">F\u00f3rmula vegana enriquecida con \u00e1cidos de frutas de alta calidad, perfecta para los usuarios modernos que buscan una alternativa efectiva y suave a los procedimientos invasivos como las toxinas inyectables.<\/p>\n<p style=\"text-align: justify;\"><strong>Tolerancia<\/strong><\/p>\n<p style=\"text-align: justify;\">Apto incluso para las pieles m\u00e1s sensibles, cada ingrediente se selecciona por su eficacia y compatibilidad con la piel, asegurando que cada aplicaci\u00f3n contribuya a un cutis m\u00e1s saludable y radiante.<\/p>\n<p style=\"text-align: justify;\"><strong>Seguridad<\/strong><\/p>\n<p style=\"text-align: justify;\">El PowerTox Peeling 50% viene en una botella de 50 ml con un dosificador para una aplicaci\u00f3n precisa. Adem\u00e1s, una gu\u00eda de usuario muy detallada en ingl\u00e9s (y en otros idiomas a solicitud) garantiza un uso claro y preciso.<\/p>\n<p style=\"text-align: justify;\"><strong>Gama PowerTox<\/strong><\/p>\n<p style=\"text-align: justify;\">Explora la gama completa de PowerTox, que incluye una crema para los ojos, una crema para el rostro y un elixir facial. La gama de productos para el hogar asegura la continuidad del cuidado del peeling al mantener su acci\u00f3n y prevenir la aparici\u00f3n de arrugas y signos de envejecimiento.<\/p>\n<p style=\"text-align: justify;\"><strong>Adi\u00f3s Arrugas<\/strong><\/p>\n<p style=\"text-align: justify;\">Gracias al complejo de ingredientes activos PowerTox, desp\u00eddete de las arrugas y da la bienvenida a una piel vibrante y juvenil sin los riesgos de las toxinas inyectables. Su alta concentraci\u00f3n de ingredientes activos garantiza eficacia y econom\u00eda en tus tratamientos.<\/p>\n<p style=\"text-align: justify;\"><strong>Resultados Objetivo<\/strong><\/p>\n<p style=\"text-align: justify;\">La gama PowerTox ha sido cuidadosamente desarrollada a lo largo de d\u00e9cadas para lograr resultados efectivos y duraderos, garantizando al mismo tiempo la seguridad en su uso.<\/p>\n<div class=\"row\" style=\"text-align: justify;\">\n<div class=\"col-sm-12\" spellcheck=\"false\" data-lt-tmp-id=\"lt-563606\" data-gramm=\"false\">\n<p><strong>4 Componentes Clave<\/strong><\/p>\n<p>Su mecanismo de interacci\u00f3n multifuncional se basa en las siguientes directrices:<\/p>\n<p><strong>1 - Relleno<\/strong><\/p>\n<\/div>\n<\/div>\n<div class=\"row\" style=\"text-align: justify;\">\n<div class=\"col-sm-6\" spellcheck=\"false\" data-lt-tmp-id=\"lt-218713\" data-gramm=\"false\">\n<p>\u00c1cido Mand\u00e9lico, \u00c1cido Salic\u00edlico y \u00c1cido L\u00e1ctico, conocidos por su exfoliaci\u00f3n profunda, eliminan las c\u00e9lulas muertas de la piel y estimulan el rejuvenecimiento natural, reduciendo arrugas, l\u00edneas finas y flacidez.<\/p>\n<p><strong>2 - Luminosidad<\/strong><\/p>\n<\/div>\n<div class=\"col-sm-6\" spellcheck=\"false\" data-lt-tmp-id=\"lt-402082\" data-gramm=\"false\">\n<p>El \u00c1cido Azelaico y el \u00c1cido Urs\u00f3lico mejoran a\u00fan m\u00e1s la capacidad del peeling para iluminar el tono de la piel y refinar su textura.<\/p>\n<p><strong>3 -\u00a0Hidrataci\u00f3n<\/strong><\/p>\n<\/div>\n<\/div>\n<div class=\"row\" style=\"text-align: justify;\">\n<div class=\"col-sm-6\" spellcheck=\"false\" data-lt-tmp-id=\"lt-556845\" data-gramm=\"false\">\n<p>La Beta\u00edna y el \u00c1cido L\u00e1ctico garantizan una hidrataci\u00f3n calmante, manteniendo el equilibrio y el confort de la piel.<\/p>\n<p><strong>4 -\u00a0Confort<\/strong><\/p>\n<\/div>\n<div class=\"col-sm-6\" spellcheck=\"false\" data-lt-tmp-id=\"lt-969874\" data-gramm=\"false\">\n<p>El mentol es un agente refrescante que proporciona una sensaci\u00f3n de frescura al aplicarse sobre la piel. Puede ayudar a aliviar la irritaci\u00f3n y la inflamaci\u00f3n, haciendo que la piel se sienta m\u00e1s c\u00f3moda.<\/p>\n<\/div>\n<\/div>\n<p style=\"text-align: justify;\">\n<\/div>\n<\/div>\n<p>[\/vc_column_text][\/vc_column][\/vc_row]<\/p>\n<\/div>","protected":false},"excerpt":{"rendered":"<p style=\"text-align: justify;\">La gama PowerTox ha sido cuidadosamente desarrollada a lo largo de d\u00e9cadas para lograr resultados efectivos y duraderos en este caso del Peeling facial, garantizando al mismo tiempo la seguridad en su uso.<\/p>\n<ul style=\"text-align: justify;\">\n<li>\u00a1Su arma secreta definitiva contra las arrugas!<\/li>\n<li>Para reducir eficazmente las arrugas y los signos del envejecimiento.<\/li>\n<li>Soluci\u00f3n sin agujas para resultados a largo plazo sin efectos secundarios.<\/li>\n<li>Peeling potente pero suave con un complejo activo concentrado al 50%.<\/li>\n<li>F\u00f3rmula vegana enriquecida con \u00e1cidos frutales de alta calidad.<\/li>\n<li>Adecuado incluso para la piel m\u00e1s sensible.<\/li>\n<li>Gu\u00eda del usuario en Espa\u00f1ol y una taza medidora para un uso claro y preciso.<\/li>\n<\/ul>\n<p style=\"text-align: justify;\"><strong>Presentaci\u00f3n: <\/strong>Frasco de 50 ml.<\/p>\n","protected":false},"featured_media":10046,"template":"","meta":{"_joinchat":[]},"product_brand":[],"product_cat":[94],"product_tag":[],"class_list":{"0":"post-9967","1":"product","2":"type-product","3":"status-publish","4":"has-post-thumbnail","6":"product_cat-peelings","8":"first","9":"instock","10":"taxable","11":"shipping-taxable","12":"product-type-simple"},"_links":{"self":[{"href":"https:\/\/www.masderma.es\/distribuidora\/wp-json\/wp\/v2\/product\/9967","targetHints":{"allow":["GET"]}}],"collection":[{"href":"https:\/\/www.masderma.es\/distribuidora\/wp-json\/wp\/v2\/product"}],"about":[{"href":"https:\/\/www.masderma.es\/distribuidora\/wp-json\/wp\/v2\/types\/product"}],"wp:featuredmedia":[{"embeddable":true,"href":"https:\/\/www.masderma.es\/distribuidora\/wp-json\/wp\/v2\/media\/10046"}],"wp:attachment":[{"href":"https:\/\/www.masderma.es\/distribuidora\/wp-json\/wp\/v2\/media?parent=9967"}],"wp:term":[{"taxonomy":"product_brand","embeddable":true,"href":"https:\/\/www.masderma.es\/distribuidora\/wp-json\/wp\/v2\/product_brand?post=9967"},{"taxonomy":"product_cat","embeddable":true,"href":"https:\/\/www.masderma.es\/distribuidora\/wp-json\/wp\/v2\/product_cat?post=9967"},{"taxonomy":"product_tag","embeddable":true,"href":"https:\/\/www.masderma.es\/distribuidora\/wp-json\/wp\/v2\/product_tag?post=9967"}],"curies":[{"name":"wp","href":"https:\/\/api.w.org\/{rel}","templated":true}]}}