{"id":9979,"date":"2025-09-30T16:42:09","date_gmt":"2025-09-30T14:42:09","guid":{"rendered":"https:\/\/www.masderma.es\/distribuidora\/?post_type=product&#038;p=9979"},"modified":"2025-11-07T19:40:24","modified_gmt":"2025-11-07T18:40:24","slug":"peeling-lactico-al-90","status":"publish","type":"product","link":"https:\/\/www.masderma.es\/distribuidora\/producto\/peeling-lactico-al-90\/","title":{"rendered":"Peeling l\u00e1ctico al 90% ( USO PROFESIONAL) IDEALDERM"},"content":{"rendered":"<div class=\"wpb-content-wrapper\"><p>[vc_row gap=\"20\" equal_height=\"yes\" woodmart_css_id=\"68dbec093f61f\" responsive_spacing=\"eyJwYXJhbV90eXBlIjoid29vZG1hcnRfcmVzcG9uc2l2ZV9zcGFjaW5nIiwic2VsZWN0b3JfaWQiOiI2OGRiZWMwOTNmNjFmIiwic2hvcnRjb2RlIjoidmNfcm93IiwiZGF0YSI6eyJ0YWJsZXQiOnt9LCJtb2JpbGUiOnt9fX0=\" mobile_bg_img_hidden=\"no\" tablet_bg_img_hidden=\"no\" woodmart_parallax=\"0\" woodmart_gradient_switch=\"no\" woodmart_box_shadow=\"no\" wd_z_index=\"no\" woodmart_disable_overflow=\"0\" row_reverse_mobile=\"1\" row_reverse_tablet=\"0\"][vc_column width=\"1\/2\" css=\".vc_custom_1759224071130{margin-top: -30px !important;border-right-width: 1px !important;background-image: url(https:\/\/www.masderma.es\/distribuidora\/wp-content\/uploads\/2025\/09\/logo-agua2.png?id=9956) !important;background-position: center !important;background-repeat: no-repeat !important;background-size: contain !important;border-right-style: solid !important;border-color: #C2C2C2 !important;}\" woodmart_css_id=\"68dba0fd7b727\" parallax_scroll=\"no\" woodmart_sticky_column=\"false\" wd_collapsible_content_switcher=\"no\" wd_column_role_offcanvas_desktop=\"no\" wd_column_role_offcanvas_tablet=\"no\" wd_column_role_offcanvas_mobile=\"no\" wd_column_role_content_desktop=\"no\" wd_column_role_content_tablet=\"no\" wd_column_role_content_mobile=\"no\" mobile_bg_img_hidden=\"no\" tablet_bg_img_hidden=\"no\" woodmart_parallax=\"0\" woodmart_box_shadow=\"no\" responsive_spacing=\"eyJwYXJhbV90eXBlIjoid29vZG1hcnRfcmVzcG9uc2l2ZV9zcGFjaW5nIiwic2VsZWN0b3JfaWQiOiI2OGRiYTBmZDdiNzI3Iiwic2hvcnRjb2RlIjoidmNfY29sdW1uIiwiZGF0YSI6eyJ0YWJsZXQiOnt9LCJtb2JpbGUiOnsibWFyZ2luLXRvcCI6Ii1weCIsImJvcmRlci1yaWdodC13aWR0aCI6IjBweCIsInBhZGRpbmctdG9wIjoiMHB4In19fQ==\" mobile_reset_margin=\"no\" tablet_reset_margin=\"no\" wd_z_index=\"no\"][vc_column_text css=\"\" woodmart_inline=\"no\" text_larger=\"no\"]<\/p>\n<p style=\"text-align: justify;\"><strong>Ingredientes:<\/strong><\/p>\n<p style=\"text-align: justify;\">90% \u00e1cido l\u00e1ctico, agua.<\/p>\n<p style=\"text-align: justify;\"><strong>\u00c1cido l\u00e1ctico (90%)<\/strong><br \/>\nUn potente alfa-hidroxi\u00e1cido (AHA) que exfolia profundamente, ayudando a eliminar las c\u00e9lulas muertas de la piel, reducir la pigmentaci\u00f3n y estimular la producci\u00f3n de col\u00e1geno. Esta alta concentraci\u00f3n ayuda a tratar arrugas profundas a superficiales, piel fl\u00e1cida y sequedad, mientras mejora la textura general de la piel y su luminosidad.<\/p>\n<p style=\"text-align: justify;\"><strong>Agua<\/strong><br \/>\nEl solvente principal de la f\u00f3rmula, que proporciona hidrataci\u00f3n y facilita la absorci\u00f3n del \u00e1cido l\u00e1ctico en la piel.<\/p>\n<p style=\"text-align: justify;\"><em>*Siga las instrucciones detalladas del fabricante paso a paso incluidas.<\/em><\/p>\n<p>[\/vc_column_text][\/vc_column][vc_column width=\"1\/2\" css=\".vc_custom_1759224201661{background-image: url(https:\/\/www.masderma.es\/distribuidora\/wp-content\/uploads\/2025\/09\/logo-agua2.png?id=9956) !important;background-position: center !important;background-repeat: no-repeat !important;background-size: contain !important;}\" woodmart_css_id=\"68dba17dea959\" parallax_scroll=\"no\" woodmart_sticky_column=\"false\" wd_collapsible_content_switcher=\"no\" wd_column_role_offcanvas_desktop=\"no\" wd_column_role_offcanvas_tablet=\"no\" wd_column_role_offcanvas_mobile=\"no\" wd_column_role_content_desktop=\"no\" wd_column_role_content_tablet=\"no\" wd_column_role_content_mobile=\"no\" mobile_bg_img_hidden=\"no\" tablet_bg_img_hidden=\"no\" woodmart_parallax=\"0\" woodmart_box_shadow=\"no\" responsive_spacing=\"eyJwYXJhbV90eXBlIjoid29vZG1hcnRfcmVzcG9uc2l2ZV9zcGFjaW5nIiwic2VsZWN0b3JfaWQiOiI2OGRiYTE3ZGVhOTU5Iiwic2hvcnRjb2RlIjoidmNfY29sdW1uIiwiZGF0YSI6eyJ0YWJsZXQiOnt9LCJtb2JpbGUiOnsibWFyZ2luLXRvcCI6Ii00MHB4In19fQ==\" mobile_reset_margin=\"no\" tablet_reset_margin=\"no\" wd_z_index=\"no\"][vc_column_text css=\"\" woodmart_inline=\"no\" text_larger=\"no\"]<\/p>\n<p style=\"text-align: justify;\"><strong>Alcance de la aplicaci\u00f3n:<\/strong><\/p>\n<p style=\"text-align: justify;\">- Arrugas profundas, medias y superficiales<br \/>\n- Piel fl\u00e1cida, piel seca.<br \/>\n- Trastornos de pigmentaci\u00f3n = envejecimiento de la piel relacionado con la luz, melasma, hiperpigmentaci\u00f3n posinflamatoria<br \/>\n- acn\u00e9, cicatrices de acn\u00e9<br \/>\n- Queratosis seborreica y act\u00ednica.<br \/>\n- psoriasis, ictiosis<br \/>\n- Verrugas vulgares<\/p>\n<p style=\"text-align: justify;\"><strong>Caracteristicas:<\/strong><br \/>\n- El alfa hidroxi\u00e1cido se obtiene de la ca\u00f1a de az\u00facar. Su tama\u00f1o molecular m\u00e1s peque\u00f1o facilita la penetraci\u00f3n m\u00e1s r\u00e1pida y profunda de la superficie de la piel y mejora los resultados.<br \/>\n- La exfoliaci\u00f3n con \u00e1cido glic\u00f3lico reduce la capa c\u00f3rnea y promueve la formaci\u00f3n celular. Mitosis Acelera la renovaci\u00f3n celular y la penetraci\u00f3n de sustancias para el cuidado aplicadas.<br \/>\n- Este efecto exfoliante elimina las capas irregulares de las c\u00e9lulas muertas de la piel y conduce a una estructura m\u00e1s lisa y uniforme de la piel.<br \/>\n- La piel grasa est\u00e1 regulada y las \u00e1reas de piel hiperpigmentadas est\u00e1n aligeradas.<br \/>\n- Hay una reducci\u00f3n en los brotes de acn\u00e9.<br \/>\n- Las \u00e1reas hiperpigmentadas se aligeran y la eliminaci\u00f3n de los queratinocitos pigmentados se acelera por descamaci\u00f3n.<br \/>\n- Estimula la actividad de los fibroblastos. Aumenta la bios\u00edntesis de col\u00e1geno, elastina y glicosaminoglicano, lo que conduce a la regeneraci\u00f3n de nuevo tejido.<br \/>\n- Contiene antioxidantes y tiene un efecto regenerador. El \u00e1cido l\u00e1ctico reduce la aparici\u00f3n de arrugas y l\u00edneas de expresi\u00f3n y aumenta el dep\u00f3sito de humedad de la piel.<br \/>\n- Apoya la regeneraci\u00f3n natural de la piel. El peeling ayuda a la piel a rechazar las c\u00e9lulas muertas. Estimula la renovaci\u00f3n natural de las c\u00e9lulas.<br \/>\n- El \u00e1cido l\u00e1ctico apoya las funciones naturales de la piel: renovaci\u00f3n celular.<\/p>\n<p style=\"text-align: justify;\"><strong><u>Los efectos de las sustancias activas se pueden ver de dos maneras:<\/u><\/strong><\/p>\n<p style=\"text-align: justify;\">1) Peeling: ayuda a la piel a rechazar las c\u00e9lulas muertas y estimula la formaci\u00f3n de nuevas c\u00e9lulas.<br \/>\n2) Epiderm\u00f3lisis: separa las c\u00e9lulas de la epidermis.<\/p>\n<p>[\/vc_column_text][\/vc_column][\/vc_row]<\/p>\n<\/div>","protected":false},"excerpt":{"rendered":"<ul>\n<li style=\"text-align: justify;\">Trastornos de la pigmentaci\u00f3n<\/li>\n<li style=\"text-align: justify;\">Arrugas profundas a superficiales<\/li>\n<li style=\"text-align: justify;\">Piel suelta, piel seca<\/li>\n<li style=\"text-align: justify;\">Ideal para pieles oscuras.<\/li>\n<\/ul>\n<p style=\"text-align: justify;\"><strong>Presentaci\u00f3n: <\/strong>Botella de 50 ml (para aproximadamente 10 a 15 pacientes).<\/p>\n","protected":false},"featured_media":10029,"template":"","meta":{"_joinchat":[]},"product_brand":[],"product_cat":[94],"product_tag":[],"class_list":{"0":"post-9979","1":"product","2":"type-product","3":"status-publish","4":"has-post-thumbnail","6":"product_cat-peelings","8":"first","9":"instock","10":"taxable","11":"shipping-taxable","12":"product-type-simple"},"_links":{"self":[{"href":"https:\/\/www.masderma.es\/distribuidora\/wp-json\/wp\/v2\/product\/9979","targetHints":{"allow":["GET"]}}],"collection":[{"href":"https:\/\/www.masderma.es\/distribuidora\/wp-json\/wp\/v2\/product"}],"about":[{"href":"https:\/\/www.masderma.es\/distribuidora\/wp-json\/wp\/v2\/types\/product"}],"wp:featuredmedia":[{"embeddable":true,"href":"https:\/\/www.masderma.es\/distribuidora\/wp-json\/wp\/v2\/media\/10029"}],"wp:attachment":[{"href":"https:\/\/www.masderma.es\/distribuidora\/wp-json\/wp\/v2\/media?parent=9979"}],"wp:term":[{"taxonomy":"product_brand","embeddable":true,"href":"https:\/\/www.masderma.es\/distribuidora\/wp-json\/wp\/v2\/product_brand?post=9979"},{"taxonomy":"product_cat","embeddable":true,"href":"https:\/\/www.masderma.es\/distribuidora\/wp-json\/wp\/v2\/product_cat?post=9979"},{"taxonomy":"product_tag","embeddable":true,"href":"https:\/\/www.masderma.es\/distribuidora\/wp-json\/wp\/v2\/product_tag?post=9979"}],"curies":[{"name":"wp","href":"https:\/\/api.w.org\/{rel}","templated":true}]}}