{"id":9985,"date":"2025-09-30T17:00:15","date_gmt":"2025-09-30T15:00:15","guid":{"rendered":"https:\/\/www.masderma.es\/distribuidora\/?post_type=product&#038;p=9985"},"modified":"2025-11-07T19:38:51","modified_gmt":"2025-11-07T18:38:51","slug":"peeling-de-acido-mandelico-al-15","status":"publish","type":"product","link":"https:\/\/www.masderma.es\/distribuidora\/producto\/peeling-de-acido-mandelico-al-15\/","title":{"rendered":"Peeling de \u00e1cido mand\u00e9lico al 15% Idealderm"},"content":{"rendered":"<div class=\"wpb-content-wrapper\"><p>[vc_row gap=\"20\" equal_height=\"yes\" woodmart_css_id=\"68dbec093f61f\" responsive_spacing=\"eyJwYXJhbV90eXBlIjoid29vZG1hcnRfcmVzcG9uc2l2ZV9zcGFjaW5nIiwic2VsZWN0b3JfaWQiOiI2OGRiZWMwOTNmNjFmIiwic2hvcnRjb2RlIjoidmNfcm93IiwiZGF0YSI6eyJ0YWJsZXQiOnt9LCJtb2JpbGUiOnt9fX0=\" mobile_bg_img_hidden=\"no\" tablet_bg_img_hidden=\"no\" woodmart_parallax=\"0\" woodmart_gradient_switch=\"no\" woodmart_box_shadow=\"no\" wd_z_index=\"no\" woodmart_disable_overflow=\"0\" row_reverse_mobile=\"1\" row_reverse_tablet=\"0\"][vc_column width=\"1\/2\" css=\".vc_custom_1759224071130{margin-top: -30px !important;border-right-width: 1px !important;background-image: url(https:\/\/www.masderma.es\/distribuidora\/wp-content\/uploads\/2025\/09\/logo-agua2.png?id=9956) !important;background-position: center !important;background-repeat: no-repeat !important;background-size: contain !important;border-right-style: solid !important;border-color: #C2C2C2 !important;}\" woodmart_css_id=\"68dba0fd7b727\" parallax_scroll=\"no\" woodmart_sticky_column=\"false\" wd_collapsible_content_switcher=\"no\" wd_column_role_offcanvas_desktop=\"no\" wd_column_role_offcanvas_tablet=\"no\" wd_column_role_offcanvas_mobile=\"no\" wd_column_role_content_desktop=\"no\" wd_column_role_content_tablet=\"no\" wd_column_role_content_mobile=\"no\" mobile_bg_img_hidden=\"no\" tablet_bg_img_hidden=\"no\" woodmart_parallax=\"0\" woodmart_box_shadow=\"no\" responsive_spacing=\"eyJwYXJhbV90eXBlIjoid29vZG1hcnRfcmVzcG9uc2l2ZV9zcGFjaW5nIiwic2VsZWN0b3JfaWQiOiI2OGRiYTBmZDdiNzI3Iiwic2hvcnRjb2RlIjoidmNfY29sdW1uIiwiZGF0YSI6eyJ0YWJsZXQiOnt9LCJtb2JpbGUiOnsibWFyZ2luLXRvcCI6Ii1weCIsImJvcmRlci1yaWdodC13aWR0aCI6IjBweCIsInBhZGRpbmctdG9wIjoiMHB4In19fQ==\" mobile_reset_margin=\"no\" tablet_reset_margin=\"no\" wd_z_index=\"no\"][vc_column_text css=\"\" woodmart_inline=\"no\" text_larger=\"no\"]<\/p>\n<p style=\"text-align: justify;\"><strong>Ingredientes:<\/strong><\/p>\n<div class=\"spx_pd__box spx_pd__box-tabs\" style=\"text-align: justify;\">\n<nav class=\"tab-navigation\">\n<div id=\"tab-content-product-tabs\" class=\"tab-content\">\n<div id=\"tab-Ingredientes\" class=\"tab-pane fade active show\" role=\"tabpanel\" aria-labelledby=\"tab-link-Ingredientes\">\n<p style=\"text-align: justify;\">Agua, alcohol desnaturalizado, \u00e1cido mand\u00e9lico, glicerina, hidroxietilcelulosa, hidr\u00f3xido de sodio.<\/p>\n<p style=\"text-align: justify;\"><strong>\u00c1cido mand\u00e9lico (15%)<\/strong><br \/>\nUn alfa-hidroxi\u00e1cido (AHA) suave pero eficaz que promueve la regeneraci\u00f3n celular, ayuda a reducir la hiperpigmentaci\u00f3n, alisa las imperfecciones y disminuye las arrugas. Ideal para pieles sensibles que no pueden tolerar \u00e1cidos m\u00e1s fuertes.<\/p>\n<p style=\"text-align: justify;\"><strong>Agua<\/strong><br \/>\nEl solvente principal de la f\u00f3rmula, que proporciona hidrataci\u00f3n y asegura una distribuci\u00f3n uniforme de los ingredientes activos sobre la piel.<\/p>\n<p style=\"text-align: justify;\"><strong>Alcohol desnaturalizado<\/strong><br \/>\nUn solvente que ayuda a disolver y entregar los ingredientes activos en la piel, mientras proporciona un acabado de secado r\u00e1pido.<\/p>\n<p style=\"text-align: justify;\"><strong>Glicerina<\/strong><br \/>\nUn humectante que atrae la humedad hacia la piel, asegurando hidrataci\u00f3n y mejorando la suavidad y elasticidad de la piel.<\/p>\n<p style=\"text-align: justify;\"><strong>Hidroxietilcelulosa<\/strong><br \/>\nUn agente espesante natural que mejora la textura del producto, asegurando una aplicaci\u00f3n suave y uniforme.<\/p>\n<p style=\"text-align: justify;\"><strong>Hidr\u00f3xido de sodio<\/strong><br \/>\nSe utiliza para ajustar el pH de la f\u00f3rmula, asegurando una compatibilidad \u00f3ptima con la piel y la efectividad del producto.<\/p>\n<p style=\"text-align: justify;\"><strong>Ingredientes activos:<\/strong><br \/>\n15% de \u00e1cido mand\u00e9lico.<\/p>\n<p style=\"text-align: justify;\"><em>*Siga las instrucciones del fabricante adjuntas, paso a paso y muy detalladas.<\/em><\/p>\n<\/div>\n<\/div>\n<\/nav>\n<\/div>\n<p>[\/vc_column_text][\/vc_column][vc_column width=\"1\/2\" css=\".vc_custom_1759224201661{background-image: url(https:\/\/www.masderma.es\/distribuidora\/wp-content\/uploads\/2025\/09\/logo-agua2.png?id=9956) !important;background-position: center !important;background-repeat: no-repeat !important;background-size: contain !important;}\" woodmart_css_id=\"68dba17dea959\" parallax_scroll=\"no\" woodmart_sticky_column=\"false\" wd_collapsible_content_switcher=\"no\" wd_column_role_offcanvas_desktop=\"no\" wd_column_role_offcanvas_tablet=\"no\" wd_column_role_offcanvas_mobile=\"no\" wd_column_role_content_desktop=\"no\" wd_column_role_content_tablet=\"no\" wd_column_role_content_mobile=\"no\" mobile_bg_img_hidden=\"no\" tablet_bg_img_hidden=\"no\" woodmart_parallax=\"0\" woodmart_box_shadow=\"no\" responsive_spacing=\"eyJwYXJhbV90eXBlIjoid29vZG1hcnRfcmVzcG9uc2l2ZV9zcGFjaW5nIiwic2VsZWN0b3JfaWQiOiI2OGRiYTE3ZGVhOTU5Iiwic2hvcnRjb2RlIjoidmNfY29sdW1uIiwiZGF0YSI6eyJ0YWJsZXQiOnt9LCJtb2JpbGUiOnsibWFyZ2luLXRvcCI6Ii00MHB4In19fQ==\" mobile_reset_margin=\"no\" tablet_reset_margin=\"no\" wd_z_index=\"no\"][vc_column_text css=\"\" woodmart_inline=\"no\" text_larger=\"no\"]<\/p>\n<p style=\"text-align: justify;\"><strong>Propiedades:<\/strong><br \/>\nEl \u00e1cido mand\u00e9lico es un alfahidroxi\u00e1cido obtenido por la hidr\u00f3lisis de un extracto de almendra amarga.<br \/>\nEstimula el desprendimiento de las c\u00e9lulas da\u00f1adas y pigmentadas de la superficie de la piel y mejora la textura, el tono y la luminosidad de la piel. Debido a su mayor peso molecular, el \u00e1cido mand\u00e9lico no penetra profundamente en la piel, lo que evita la irritaci\u00f3n. Se recomienda para pieles sensibles y tipos de piel m\u00e1s oscuros.<\/p>\n<p style=\"text-align: justify;\">Tambi\u00e9n puede utilizarse para las pieles hiperpigmentadas y las pieles grasas.<\/p>\n<p style=\"text-align: justify;\">El \u00e1cido mand\u00e9lico activa la regeneraci\u00f3n celular, reduce la cohesi\u00f3n de los corneocitos y favorece la descomposici\u00f3n de las c\u00e9lulas pigmentadas da\u00f1adas en la superficie de la piel. La tez se vuelve m\u00e1s uniforme. El \u00e1cido mand\u00e9lico act\u00faa como un inhibidor de la tirosinasa, tiene un efecto iluminador, mejora las impurezas de la piel y conduce a una tez m\u00e1s suave y uniforme.<\/p>\n<p style=\"text-align: justify;\">Efecto r\u00e1pido y bastante superficial, especialmente eficaz en el tratamiento del acn\u00e9.<br \/>\nAcabado: Desarrollo de una m\u00e1scara blanca unos minutos despu\u00e9s de la aplicaci\u00f3n.<\/p>\n<p>[\/vc_column_text][\/vc_column][\/vc_row]<\/p>\n<\/div>","protected":false},"excerpt":{"rendered":"<p style=\"text-align: justify;\">Peeling de \u00e1cido mand\u00e9lico para el envejecimiento de la piel inducido por la luz:<br \/>\n- Pieles sensibles<br \/>\n- Hiperpigmentaci\u00f3n<br \/>\n- L\u00edneas finas, arrugas medianamente profundas<br \/>\n- Piel apagada<br \/>\n- Acn\u00e9, piel grasa<br \/>\n- Piel oscura<br \/>\n- Melasma<\/p>\n<p style=\"text-align: justify;\"><strong>Presentaci\u00f3n: <\/strong>Frasco de 50 ml (para aproximadamente 20 a 30 pacientes).<\/p>\n","protected":false},"featured_media":10032,"template":"","meta":{"_joinchat":[]},"product_brand":[],"product_cat":[94],"product_tag":[],"class_list":{"0":"post-9985","1":"product","2":"type-product","3":"status-publish","4":"has-post-thumbnail","6":"product_cat-peelings","8":"first","9":"instock","10":"taxable","11":"shipping-taxable","12":"product-type-simple"},"_links":{"self":[{"href":"https:\/\/www.masderma.es\/distribuidora\/wp-json\/wp\/v2\/product\/9985","targetHints":{"allow":["GET"]}}],"collection":[{"href":"https:\/\/www.masderma.es\/distribuidora\/wp-json\/wp\/v2\/product"}],"about":[{"href":"https:\/\/www.masderma.es\/distribuidora\/wp-json\/wp\/v2\/types\/product"}],"wp:featuredmedia":[{"embeddable":true,"href":"https:\/\/www.masderma.es\/distribuidora\/wp-json\/wp\/v2\/media\/10032"}],"wp:attachment":[{"href":"https:\/\/www.masderma.es\/distribuidora\/wp-json\/wp\/v2\/media?parent=9985"}],"wp:term":[{"taxonomy":"product_brand","embeddable":true,"href":"https:\/\/www.masderma.es\/distribuidora\/wp-json\/wp\/v2\/product_brand?post=9985"},{"taxonomy":"product_cat","embeddable":true,"href":"https:\/\/www.masderma.es\/distribuidora\/wp-json\/wp\/v2\/product_cat?post=9985"},{"taxonomy":"product_tag","embeddable":true,"href":"https:\/\/www.masderma.es\/distribuidora\/wp-json\/wp\/v2\/product_tag?post=9985"}],"curies":[{"name":"wp","href":"https:\/\/api.w.org\/{rel}","templated":true}]}}