{"id":9987,"date":"2025-09-30T17:06:22","date_gmt":"2025-09-30T15:06:22","guid":{"rendered":"https:\/\/www.masderma.es\/distribuidora\/?post_type=product&#038;p=9987"},"modified":"2025-11-07T19:38:16","modified_gmt":"2025-11-07T18:38:16","slug":"peeling-de-acido-mandelico-al-40","status":"publish","type":"product","link":"https:\/\/www.masderma.es\/distribuidora\/producto\/peeling-de-acido-mandelico-al-40\/","title":{"rendered":"Peeling de \u00e1cido mand\u00e9lico al 40% Idealderm"},"content":{"rendered":"<div class=\"wpb-content-wrapper\"><p>[vc_row gap=\"20\" equal_height=\"yes\" woodmart_css_id=\"68dbec093f61f\" responsive_spacing=\"eyJwYXJhbV90eXBlIjoid29vZG1hcnRfcmVzcG9uc2l2ZV9zcGFjaW5nIiwic2VsZWN0b3JfaWQiOiI2OGRiZWMwOTNmNjFmIiwic2hvcnRjb2RlIjoidmNfcm93IiwiZGF0YSI6eyJ0YWJsZXQiOnt9LCJtb2JpbGUiOnt9fX0=\" mobile_bg_img_hidden=\"no\" tablet_bg_img_hidden=\"no\" woodmart_parallax=\"0\" woodmart_gradient_switch=\"no\" woodmart_box_shadow=\"no\" wd_z_index=\"no\" woodmart_disable_overflow=\"0\" row_reverse_mobile=\"1\" row_reverse_tablet=\"0\"][vc_column width=\"1\/2\" css=\".vc_custom_1759224071130{margin-top: -30px !important;border-right-width: 1px !important;background-image: url(https:\/\/www.masderma.es\/distribuidora\/wp-content\/uploads\/2025\/09\/logo-agua2.png?id=9956) !important;background-position: center !important;background-repeat: no-repeat !important;background-size: contain !important;border-right-style: solid !important;border-color: #C2C2C2 !important;}\" woodmart_css_id=\"68dba0fd7b727\" parallax_scroll=\"no\" woodmart_sticky_column=\"false\" wd_collapsible_content_switcher=\"no\" wd_column_role_offcanvas_desktop=\"no\" wd_column_role_offcanvas_tablet=\"no\" wd_column_role_offcanvas_mobile=\"no\" wd_column_role_content_desktop=\"no\" wd_column_role_content_tablet=\"no\" wd_column_role_content_mobile=\"no\" mobile_bg_img_hidden=\"no\" tablet_bg_img_hidden=\"no\" woodmart_parallax=\"0\" woodmart_box_shadow=\"no\" responsive_spacing=\"eyJwYXJhbV90eXBlIjoid29vZG1hcnRfcmVzcG9uc2l2ZV9zcGFjaW5nIiwic2VsZWN0b3JfaWQiOiI2OGRiYTBmZDdiNzI3Iiwic2hvcnRjb2RlIjoidmNfY29sdW1uIiwiZGF0YSI6eyJ0YWJsZXQiOnt9LCJtb2JpbGUiOnsibWFyZ2luLXRvcCI6Ii1weCIsImJvcmRlci1yaWdodC13aWR0aCI6IjBweCIsInBhZGRpbmctdG9wIjoiMHB4In19fQ==\" mobile_reset_margin=\"no\" tablet_reset_margin=\"no\" wd_z_index=\"no\"][vc_column_text css=\"\" woodmart_inline=\"no\" text_larger=\"no\"]<\/p>\n<p style=\"text-align: justify;\"><strong>Ingredientes:<\/strong><\/p>\n<div class=\"spx_pd__box spx_pd__box-tabs\" style=\"text-align: justify;\">\n<nav class=\"tab-navigation\">\n<div id=\"tab-content-product-tabs\" class=\"tab-content\">\n<div id=\"tab-Ingredientes\" class=\"tab-pane fade active show\" role=\"tabpanel\" aria-labelledby=\"tab-link-Ingredientes\">\n<p>40% \u00e1cido mand\u00e9lico, agua, alcohol isoprop\u00edlico, glicerina, hidroxipropilmetilcelulosa, hidr\u00f3xido de sodio.<\/p>\n<p><strong>\u00c1cido mand\u00e9lico (40%)<\/strong><br \/>\nUn alfa-hidroxi\u00e1cido (AHA) suave pero eficaz que exfolia la piel, promueve la regeneraci\u00f3n celular y ayuda a reducir la hiperpigmentaci\u00f3n, las imperfecciones y las arrugas. Ideal para pieles sensibles que no pueden tolerar \u00e1cidos m\u00e1s fuertes.<\/p>\n<p><strong>Agua<\/strong><br \/>\nEl solvente principal de la f\u00f3rmula, que proporciona hidrataci\u00f3n y asegura una distribuci\u00f3n uniforme de los ingredientes activos sobre la piel.<\/p>\n<p><strong>Alcohol isoprop\u00edlico<\/strong><br \/>\nUn solvente que ayuda a disolver y entregar los ingredientes activos en la piel, mientras proporciona un acabado de secado r\u00e1pido.<\/p>\n<p><strong>Glicerina<\/strong><br \/>\nUn humectante que atrae la humedad hacia la piel, asegurando hidrataci\u00f3n y mejorando la suavidad y elasticidad de la piel.<\/p>\n<p><strong>Hidroxipropilmetilcelulosa<\/strong><br \/>\nUn agente espesante natural que proporciona textura y asegura que la f\u00f3rmula se aplique de manera uniforme y suave.<\/p>\n<p><strong>Hidr\u00f3xido de sodio<\/strong><br \/>\nSe utiliza para ajustar el pH de la f\u00f3rmula, asegurando una compatibilidad \u00f3ptima con la piel y la efectividad del producto.<\/p>\n<p style=\"text-align: justify;\"><strong>Ingredientes activos:<\/strong><br \/>\n40% de \u00e1cido mand\u00e9lico.<\/p>\n<p style=\"text-align: justify;\"><em>*Siga las instrucciones del fabricante adjuntas, paso a paso y muy detalladas.<\/em><\/p>\n<\/div>\n<\/div>\n<\/nav>\n<\/div>\n<p>[\/vc_column_text][\/vc_column][vc_column width=\"1\/2\" css=\".vc_custom_1759224201661{background-image: url(https:\/\/www.masderma.es\/distribuidora\/wp-content\/uploads\/2025\/09\/logo-agua2.png?id=9956) !important;background-position: center !important;background-repeat: no-repeat !important;background-size: contain !important;}\" woodmart_css_id=\"68dba17dea959\" parallax_scroll=\"no\" woodmart_sticky_column=\"false\" wd_collapsible_content_switcher=\"no\" wd_column_role_offcanvas_desktop=\"no\" wd_column_role_offcanvas_tablet=\"no\" wd_column_role_offcanvas_mobile=\"no\" wd_column_role_content_desktop=\"no\" wd_column_role_content_tablet=\"no\" wd_column_role_content_mobile=\"no\" mobile_bg_img_hidden=\"no\" tablet_bg_img_hidden=\"no\" woodmart_parallax=\"0\" woodmart_box_shadow=\"no\" responsive_spacing=\"eyJwYXJhbV90eXBlIjoid29vZG1hcnRfcmVzcG9uc2l2ZV9zcGFjaW5nIiwic2VsZWN0b3JfaWQiOiI2OGRiYTE3ZGVhOTU5Iiwic2hvcnRjb2RlIjoidmNfY29sdW1uIiwiZGF0YSI6eyJ0YWJsZXQiOnt9LCJtb2JpbGUiOnsibWFyZ2luLXRvcCI6Ii00MHB4In19fQ==\" mobile_reset_margin=\"no\" tablet_reset_margin=\"no\" wd_z_index=\"no\"][vc_column_text css=\"\" woodmart_inline=\"no\" text_larger=\"no\"]<\/p>\n<p style=\"text-align: justify;\"><strong>Indicaciones:<\/strong><br \/>\n- Activa la regeneraci\u00f3n celular.<br \/>\n- Lucha entre otros hiperpigmentaci\u00f3n, imperfecciones y arrugas.<br \/>\n- \u00a1Ideal para la piel sensible o oscura o la piel que no tolera otros tipos de \u00e1cido!<\/p>\n<p style=\"text-align: justify;\">Realizar una exfoliaci\u00f3n qu\u00edmica implica aplicar uno o m\u00e1s agentes exfoliantes a la piel para causar da\u00f1os controlados, seguido de la liberaci\u00f3n de citoquinas y mediadores inflamatorios que dan como resultado la regeneraci\u00f3n de la epidermis, la formaci\u00f3n de col\u00e1geno nuevo, la reorganizaci\u00f3n de las fibras el\u00e1sticas y la Aumento del volumen d\u00e9rmico.<\/p>\n<p style=\"text-align: justify;\"><strong>Propiedades:<\/strong><br \/>\n- El \u00e1cido mand\u00e9lico es un \u00e1cido alfa hidr\u00f3xido derivado de la hidr\u00f3lisis de las almendras amargas, muy eficaz en el tratamiento del fotoenvejecimiento, arrugas, pigmentaci\u00f3n irregular, manchas y acn\u00e9.<\/p>\n<p style=\"text-align: justify;\">- El \u00e1cido mand\u00e9lico activa la regeneraci\u00f3n celular al reducir la conexi\u00f3n existente entre los corneocitos epid\u00e9rmicos, promoviendo la eliminaci\u00f3n de c\u00e9lulas pigmentadas de la superficie de la piel y unificando el tono de la piel. Sus propiedades aclaradoras act\u00faan como un inhibidor de la tirosinasa y ayudan a aclarar las manchas de pigmento, revelando una piel a\u00fan m\u00e1s brillante.<\/p>\n<p style=\"text-align: justify;\">- Al estimular la producci\u00f3n de col\u00e1geno y reafirmar la matriz d\u00e9rmica, el \u00e1cido mand\u00e9lico ayuda a eliminar las arrugas y ofrece un beneficio sustancial para la elasticidad y el brillo de la piel.<\/p>\n<p style=\"text-align: justify;\">- Tambi\u00e9n es adecuado para el tratamiento de imperfecciones porque tiene propiedades antibacterianas y permite destapar los poros, as\u00ed como normalizar la secreci\u00f3n de sebo.<\/p>\n<p style=\"text-align: justify;\">- Gracias a su alto peso molecular, el \u00e1cido mand\u00e9lico no penetra en los niveles profundos de la piel, evitando as\u00ed el riesgo de irritaci\u00f3n, lo que permite tratar a pacientes con piel sensible u oscura que no tolera otros tipos de \u00e1cidos de hidr\u00f3xido de Alpa.<\/p>\n<p style=\"text-align: justify;\">-Finalmente, se ha demostrado que la eficacia del \u00e1cido mand\u00e9lico prepara las pieles para el tratamiento con l\u00e1ser o el tratamiento posterior al l\u00e1ser para una recuperaci\u00f3n m\u00e1s r\u00e1pida del tejido.<\/p>\n<p style=\"text-align: justify;\"><strong>Presentaci\u00f3n:<\/strong><br \/>\nBotella de 50ml (para aproximadamente 20 a 30 pacientes) \/ 1.7 fl. onz.<br \/>\nCopa graduada incluida para medir la cantidad y posiblemente diluir el producto.<br \/>\n2,2 &lt; pH &lt; 2,6<\/p>\n<p style=\"text-align: justify;\"><strong>Instrucciones de uso y protocolo de aplicaci\u00f3n:<\/strong><br \/>\nSiga paso a paso las instrucciones del fabricante adjuntas (documento muy detallado en ingl\u00e9s, franc\u00e9s, alem\u00e1n).<\/p>\n<p style=\"text-align: justify;\"><strong>Tratamiento pre-peeling:<\/strong><br \/>\nPreparaci\u00f3n de la piel con IDEALDERM Peeling Lotion ou Peeling Pads 2 a 3 semanas antes del tratamiento de peeling y durante los per\u00edodos de tiempo entre las diferentes sesiones de peeling. Es esencial aplicar la loci\u00f3n exfoliante IDEALDERM para facilitar la penetraci\u00f3n uniforme y profunda de la exfoliaci\u00f3n qu\u00edmica y para garantizar una mayor eficacia y durabilidad. Tambi\u00e9n promueve la reepitelizaci\u00f3n m\u00e1s r\u00e1pida de los tejidos. Adem\u00e1s, permite detectar una posible intolerancia del paciente a los \u00e1cidos, reduciendo as\u00ed el riesgo de complicaciones.<\/p>\n<p style=\"text-align: justify;\"><strong>Ciclo de tratamiento:<\/strong><br \/>\nPara lograr los resultados deseados, es necesario realizar varios tratamientos con un intervalo de 2 a 4 semanas. Se recomienda realizar alrededor de 6 sesiones. Sin embargo, los planes de tratamiento deben individualizarse de acuerdo con la fuerza de la exfoliaci\u00f3n y las condiciones y caracter\u00edsticas de la piel a tratar.<br \/>\nPara mantenimiento, se recomienda una sesi\u00f3n cada 6 a 12 meses.<\/p>\n<p style=\"text-align: justify;\"><strong>Conservaci\u00f3n:<\/strong><br \/>\nMantener en un lugar seco y fresco. Mantener alejado de la luz.<\/p>\n<p style=\"text-align: justify;\"><strong>Precauciones y contraindicaciones:<\/strong><br \/>\n- Solo uso externo. Mantener fuera del alcance de los ni\u00f1os.<br \/>\n- Evitar el contacto con los ojos y las membranas mucosas. En caso de contacto accidental, enjuague con abundante agua y contacte a un especialista.<br \/>\n- El tratamiento de peeling est\u00e1 contraindicado en casos de: embarazo, lactancia, herpes simple, verrugas planas, heridas abiertas, quemaduras solares, cicatrices recientes (15 d\u00edas), dermatitis, piel con tendencia a cicatrices queloides, ingesti\u00f3n de medicamentos foto - sensibilizantes, alergias, Cirug\u00eda facial dermatol\u00f3gica reciente, enfermedades autoinmunes, radioterapia o quimioterapia.<\/p>\n<p>[\/vc_column_text][\/vc_column][\/vc_row]<\/p>\n<\/div>","protected":false},"excerpt":{"rendered":"<p style=\"text-align: justify;\">Peeling de \u00e1cido mand\u00e9lico 40%:<\/p>\n<p style=\"text-align: justify;\">-Activa la regeneraci\u00f3n celular.<br \/>\n-Lucha entre otras hiperpigmentaciones, imperfecciones y arrugas.<br \/>\n-Ideal para la piel que no tolera otros tipos de \u00e1cido.<\/p>\n<p style=\"text-align: justify;\"><strong>Presentaci\u00f3n: <\/strong>Frasco de 50 ml.<\/p>\n","protected":false},"featured_media":10034,"template":"","meta":{"_joinchat":[]},"product_brand":[],"product_cat":[94],"product_tag":[],"class_list":{"0":"post-9987","1":"product","2":"type-product","3":"status-publish","4":"has-post-thumbnail","6":"product_cat-peelings","8":"first","9":"instock","10":"taxable","11":"shipping-taxable","12":"product-type-simple"},"_links":{"self":[{"href":"https:\/\/www.masderma.es\/distribuidora\/wp-json\/wp\/v2\/product\/9987","targetHints":{"allow":["GET"]}}],"collection":[{"href":"https:\/\/www.masderma.es\/distribuidora\/wp-json\/wp\/v2\/product"}],"about":[{"href":"https:\/\/www.masderma.es\/distribuidora\/wp-json\/wp\/v2\/types\/product"}],"wp:featuredmedia":[{"embeddable":true,"href":"https:\/\/www.masderma.es\/distribuidora\/wp-json\/wp\/v2\/media\/10034"}],"wp:attachment":[{"href":"https:\/\/www.masderma.es\/distribuidora\/wp-json\/wp\/v2\/media?parent=9987"}],"wp:term":[{"taxonomy":"product_brand","embeddable":true,"href":"https:\/\/www.masderma.es\/distribuidora\/wp-json\/wp\/v2\/product_brand?post=9987"},{"taxonomy":"product_cat","embeddable":true,"href":"https:\/\/www.masderma.es\/distribuidora\/wp-json\/wp\/v2\/product_cat?post=9987"},{"taxonomy":"product_tag","embeddable":true,"href":"https:\/\/www.masderma.es\/distribuidora\/wp-json\/wp\/v2\/product_tag?post=9987"}],"curies":[{"name":"wp","href":"https:\/\/api.w.org\/{rel}","templated":true}]}}