{"id":9994,"date":"2025-09-30T17:33:28","date_gmt":"2025-09-30T15:33:28","guid":{"rendered":"https:\/\/www.masderma.es\/distribuidora\/?post_type=product&#038;p=9994"},"modified":"2025-10-02T12:12:08","modified_gmt":"2025-10-02T10:12:08","slug":"peeling-enzimatico-facial-con-papaya","status":"publish","type":"product","link":"https:\/\/www.masderma.es\/distribuidora\/producto\/peeling-enzimatico-facial-con-papaya\/","title":{"rendered":"Peeling Enzim\u00e1tico Facial con Papaya"},"content":{"rendered":"<div class=\"wpb-content-wrapper\"><p>[vc_row gap=\"20\" equal_height=\"yes\" woodmart_css_id=\"68dbec093f61f\" responsive_spacing=\"eyJwYXJhbV90eXBlIjoid29vZG1hcnRfcmVzcG9uc2l2ZV9zcGFjaW5nIiwic2VsZWN0b3JfaWQiOiI2OGRiZWMwOTNmNjFmIiwic2hvcnRjb2RlIjoidmNfcm93IiwiZGF0YSI6eyJ0YWJsZXQiOnt9LCJtb2JpbGUiOnt9fX0=\" mobile_bg_img_hidden=\"no\" tablet_bg_img_hidden=\"no\" woodmart_parallax=\"0\" woodmart_gradient_switch=\"no\" woodmart_box_shadow=\"no\" wd_z_index=\"no\" woodmart_disable_overflow=\"0\" row_reverse_mobile=\"1\" row_reverse_tablet=\"0\"][vc_column width=\"1\/2\" css=\".vc_custom_1759224071130{margin-top: -30px !important;border-right-width: 1px !important;background-image: url(https:\/\/www.masderma.es\/distribuidora\/wp-content\/uploads\/2025\/09\/logo-agua2.png?id=9956) !important;background-position: center !important;background-repeat: no-repeat !important;background-size: contain !important;border-right-style: solid !important;border-color: #C2C2C2 !important;}\" woodmart_css_id=\"68dba0fd7b727\" parallax_scroll=\"no\" woodmart_sticky_column=\"false\" wd_collapsible_content_switcher=\"no\" wd_column_role_offcanvas_desktop=\"no\" wd_column_role_offcanvas_tablet=\"no\" wd_column_role_offcanvas_mobile=\"no\" wd_column_role_content_desktop=\"no\" wd_column_role_content_tablet=\"no\" wd_column_role_content_mobile=\"no\" mobile_bg_img_hidden=\"no\" tablet_bg_img_hidden=\"no\" woodmart_parallax=\"0\" woodmart_box_shadow=\"no\" responsive_spacing=\"eyJwYXJhbV90eXBlIjoid29vZG1hcnRfcmVzcG9uc2l2ZV9zcGFjaW5nIiwic2VsZWN0b3JfaWQiOiI2OGRiYTBmZDdiNzI3Iiwic2hvcnRjb2RlIjoidmNfY29sdW1uIiwiZGF0YSI6eyJ0YWJsZXQiOnt9LCJtb2JpbGUiOnsibWFyZ2luLXRvcCI6Ii1weCIsImJvcmRlci1yaWdodC13aWR0aCI6IjBweCIsInBhZGRpbmctdG9wIjoiMHB4In19fQ==\" mobile_reset_margin=\"no\" tablet_reset_margin=\"no\" wd_z_index=\"no\"][vc_column_text css=\"\" woodmart_inline=\"no\" text_larger=\"no\"]<\/p>\n<p style=\"text-align: justify;\"><strong>Ingredientes:<\/strong><\/p>\n<div class=\"spx_pd__box spx_pd__box-tabs\" style=\"text-align: justify;\">\n<nav class=\"tab-navigation\">\n<div id=\"tab-content-product-tabs\" class=\"tab-content\">\n<div id=\"tab-Ingredientes\" class=\"tab-pane fade active show\" role=\"tabpanel\" aria-labelledby=\"tab-link-Ingredientes\">\n<p style=\"text-align: justify;\">Kaolin, tierra de diatomeas, bentonita, maltodextrina, extracto de fruta de Ananas Sativus (pi\u00f1a), extracto de fruta de Carica Papaya (papaya).<\/p>\n<p style=\"text-align: justify;\"><strong>Kaolin<\/strong><br \/>\nEen zachte klei die overtollige olie absorbeert, de huid zuivert en helpt ontstekingen te kalmeren, waardoor de teint soepel en verfrist wordt.<\/p>\n<p style=\"text-align: justify;\"><strong>Diatomaceous Earth<\/strong><br \/>\nEen natuurlijke exfoliant gemaakt van fossiele algen, die helpt dode huidcellen te verwijderen en een gladdere, stralendere uitstraling bevordert.<\/p>\n<p style=\"text-align: justify;\"><strong>Bentonite<\/strong><br \/>\nEen klei die bekend staat om zijn ontgiftende eigenschappen, het helpt onzuiverheden en oli\u00ebn uit de huid te absorberen, waardoor de huid verfrist en schoon aanvoelt.<\/p>\n<p style=\"text-align: justify;\"><strong>Maltodextrin<\/strong><br \/>\nEen plantaardige koolhydraat die als bindmiddel in de formule wordt gebruikt en tegelijkertijd helpt de huid glad te maken en de effectiviteit van exfoliatie te verbeteren.<\/p>\n<p style=\"text-align: justify;\"><strong>Ananas Sativus (Pineapple) Fruit Extract<\/strong><br \/>\nEen bron van natuurlijke enzymen (bromela\u00efne) die de huid voorzichtig exfolieert, helpt dode huidcellen af te breken en de teint op te frissen.<\/p>\n<p style=\"text-align: justify;\"><strong>Carica Papaya (Papaya) Fruit Extract<\/strong><br \/>\nRijk aan enzymen zoals pap\u00efne, helpt dit extract de huid natuurlijk te exfoli\u00ebren, dode huidcellen te verwijderen en een gladdere, egalere textuur te bevorderen.<\/p>\n<p style=\"text-align: justify;\"><strong>Ingredientes activos:<\/strong><\/p>\n<p style=\"text-align: justify;\">Bentonita\u00a0+ Talco\u00a0+ Papaya y Pi\u00f1a atomizadas.<\/p>\n<p style=\"text-align: justify;\"><strong>Aplicaci\u00f3n:<\/strong><\/p>\n<p style=\"text-align: justify;\">Mezcle r\u00e1pidamente el polvo con aproximadamente la misma cantidad de agua tibia. Remueva en\u00e9rgicamente hasta obtener una crema suave. Aplique la mascarilla inmediatamente sobre la piel limpia (\u00a1evitando el contorno de ojos!) y d\u00e9jela actuar durante al menos 15 minutos. Aplique vapor de vez en cuando. Retire la mascarilla con una esponja h\u00fameda.<\/p>\n<\/div>\n<\/div>\n<\/nav>\n<\/div>\n<p>[\/vc_column_text][\/vc_column][vc_column width=\"1\/2\" css=\".vc_custom_1759224201661{background-image: url(https:\/\/www.masderma.es\/distribuidora\/wp-content\/uploads\/2025\/09\/logo-agua2.png?id=9956) !important;background-position: center !important;background-repeat: no-repeat !important;background-size: contain !important;}\" woodmart_css_id=\"68dba17dea959\" parallax_scroll=\"no\" woodmart_sticky_column=\"false\" wd_collapsible_content_switcher=\"no\" wd_column_role_offcanvas_desktop=\"no\" wd_column_role_offcanvas_tablet=\"no\" wd_column_role_offcanvas_mobile=\"no\" wd_column_role_content_desktop=\"no\" wd_column_role_content_tablet=\"no\" wd_column_role_content_mobile=\"no\" mobile_bg_img_hidden=\"no\" tablet_bg_img_hidden=\"no\" woodmart_parallax=\"0\" woodmart_box_shadow=\"no\" responsive_spacing=\"eyJwYXJhbV90eXBlIjoid29vZG1hcnRfcmVzcG9uc2l2ZV9zcGFjaW5nIiwic2VsZWN0b3JfaWQiOiI2OGRiYTE3ZGVhOTU5Iiwic2hvcnRjb2RlIjoidmNfY29sdW1uIiwiZGF0YSI6eyJ0YWJsZXQiOnt9LCJtb2JpbGUiOnsibWFyZ2luLXRvcCI6Ii00MHB4In19fQ==\" mobile_reset_margin=\"no\" tablet_reset_margin=\"no\" wd_z_index=\"no\"][vc_column_text css=\"\" woodmart_inline=\"no\" text_larger=\"no\"]<\/p>\n<p style=\"text-align: justify;\"><strong>Caracter\u00edsticas<\/strong><strong>:<\/strong><br \/>\nEl Peeling Enzim\u00e1tico Facial es un polvo muy fino y activo que debe mezclarse con agua para formar una pasta muy suave que se aplica como mascarilla. Contiene enzimas naturales para tratamientos de exfoliaci\u00f3n suave.<\/p>\n<p style=\"text-align: justify;\"><strong>Beneficios:<\/strong><br \/>\nAcci\u00f3n exfoliante suave: La papaya y la pi\u00f1a son naturalmente ricas en enzimas proteol\u00edticas, papa\u00edna y bromela\u00edna. Ambas enzimas son conocidas por su propiedad de digerir las prote\u00ednas de uni\u00f3n de las c\u00e9lulas muertas ubicadas en las capas superiores del estrato c\u00f3rneo. Estimulan la renovaci\u00f3n de la piel al exfoliar las c\u00e9lulas muertas.<\/p>\n<p>[\/vc_column_text][\/vc_column][\/vc_row]<\/p>\n<\/div>","protected":false},"excerpt":{"rendered":"<p style=\"text-align: justify;\">El Peeling Enzim\u00e1tico Facial es un polvo muy fino y activo que debe mezclarse con agua para formar una pasta muy suave que se aplica como mascarilla. Contiene enzimas naturales para tratamientos de exfoliaci\u00f3n suave.<\/p>\n<p style=\"text-align: justify;\"><strong>Presentaci\u00f3n: <\/strong><\/p>\n<p style=\"text-align: justify;\">Tarro de 100 ml (aproximadamente 30 g) de polvo<br \/>\n<strong>Incluye:<\/strong> tarro y esp\u00e1tula para realizar la mezcla.<br \/>\n<strong>Dosificaci\u00f3n:<\/strong> 5 g de polvo por 5 g de agua caliente (a 20 \u00b0C).<br \/>\nPara aproximadamente 4 aplicaciones.<\/p>\n","protected":false},"featured_media":10015,"template":"","meta":{"_joinchat":[]},"product_brand":[],"product_cat":[94],"product_tag":[],"class_list":{"0":"post-9994","1":"product","2":"type-product","3":"status-publish","4":"has-post-thumbnail","6":"product_cat-peelings","8":"first","9":"instock","10":"taxable","11":"shipping-taxable","12":"product-type-simple"},"_links":{"self":[{"href":"https:\/\/www.masderma.es\/distribuidora\/wp-json\/wp\/v2\/product\/9994","targetHints":{"allow":["GET"]}}],"collection":[{"href":"https:\/\/www.masderma.es\/distribuidora\/wp-json\/wp\/v2\/product"}],"about":[{"href":"https:\/\/www.masderma.es\/distribuidora\/wp-json\/wp\/v2\/types\/product"}],"wp:featuredmedia":[{"embeddable":true,"href":"https:\/\/www.masderma.es\/distribuidora\/wp-json\/wp\/v2\/media\/10015"}],"wp:attachment":[{"href":"https:\/\/www.masderma.es\/distribuidora\/wp-json\/wp\/v2\/media?parent=9994"}],"wp:term":[{"taxonomy":"product_brand","embeddable":true,"href":"https:\/\/www.masderma.es\/distribuidora\/wp-json\/wp\/v2\/product_brand?post=9994"},{"taxonomy":"product_cat","embeddable":true,"href":"https:\/\/www.masderma.es\/distribuidora\/wp-json\/wp\/v2\/product_cat?post=9994"},{"taxonomy":"product_tag","embeddable":true,"href":"https:\/\/www.masderma.es\/distribuidora\/wp-json\/wp\/v2\/product_tag?post=9994"}],"curies":[{"name":"wp","href":"https:\/\/api.w.org\/{rel}","templated":true}]}}